{"id":1050,"date":"2022-01-28T08:53:45","date_gmt":"2022-01-28T07:53:45","guid":{"rendered":"http:\/\/gwenaelmorin.fr\/?page_id=1050"},"modified":"2022-01-31T11:10:39","modified_gmt":"2022-01-31T10:10:39","slug":"philoctecte-dapres-philoctete-de-sophocle","status":"publish","type":"page","link":"https:\/\/theatrepermanent.fr\/index.php\/philoctecte-dapres-philoctete-de-sophocle\/","title":{"rendered":"PHILOCT\u00c8CTE D&rsquo;APR\u00c8S PHILOCT\u00c8TE DE SOPHOCLE"},"content":{"rendered":"<p>[et_pb_section fb_built=\u00a0\u00bb1&Prime; _builder_version=\u00a0\u00bb4.6.5&Prime; _module_preset=\u00a0\u00bbdefault\u00a0\u00bb][et_pb_row column_structure=\u00a0\u00bb2_5,3_5&Prime; _builder_version=\u00a0\u00bb4.6.5&Prime; _module_preset=\u00a0\u00bbdefault\u00a0\u00bb][et_pb_column type=\u00a0\u00bb2_5&Prime; _builder_version=\u00a0\u00bb4.6.5&Prime; _module_preset=\u00a0\u00bbdefault\u00a0\u00bb][et_pb_post_title meta=\u00a0\u00bboff\u00a0\u00bb featured_image=\u00a0\u00bboff\u00a0\u00bb _builder_version=\u00a0\u00bb4.6.5&Prime; _module_preset=\u00a0\u00bbdefault\u00a0\u00bb title_font=\u00a0\u00bb|||on|||||\u00a0\u00bb title_font_size=\u00a0\u00bb27px\u00a0\u00bb][\/et_pb_post_title][et_pb_text _builder_version=\u00a0\u00bb4.6.5&Prime; _module_preset=\u00a0\u00bbdefault\u00a0\u00bb hover_enabled=\u00a0\u00bb0&Prime; sticky_enabled=\u00a0\u00bb0&Prime;]<\/p>\n<p><span>conception <\/span><strong>Gwena\u00ebl Morin<\/strong><\/p>\n<p><span>avec <strong>Guillaume Bailliart,\u00a0Fanny de Chaill\u00e9, Michel Coquet,\u00a0Marief Guittier,\u00a0Barbara Jung,\u00a0Vincent Schmitt<\/strong><\/span><\/p>\n<p><span>r\u00e9gie\u00a0<\/span><strong>Manuella Mangalo<\/strong><\/p>\n<p>cr\u00e9ation 2006<\/p>\n<p>[\/et_pb_text][et_pb_testimonial author=\u00a0\u00bbGwena\u00ebl Morin\u00a0\u00bb _builder_version=\u00a0\u00bb4.6.5&Prime; _module_preset=\u00a0\u00bbdefault\u00a0\u00bb]<\/p>\n<p style=\"text-align: justify;\"><span>Je veux dire et montrer en faisant\u00a0<em>Philoct\u00e8te d\u2019apr\u00e8s Philoct\u00e8te de Sophocle<\/em>\u00a0que les mots peuvent \u00eatre des pierres, des projectiles susceptibles d&rsquo;\u00eatre tenus puis lanc\u00e9s contre l\u2019autre pour l\u2019atteindre violemment et le transformer. Je veux dire et montrer que les mots peuvent devenir des armes et je veux faire une mise en sc\u00e8ne qui dresse, entre les protagonistes Philoct\u00e8te, N\u00e9optol\u00e8me et Ulysse, une guerre des pierres. <\/span><\/p>\n<p style=\"text-align: justify;\"><span>Le th\u00e9\u00e2tre livre une exp\u00e9rience de la parole dans son pouvoir de transformation du monde (le th\u00e9\u00e2tre est un art qui donne forme au monde par la parole). Avec\u00a0<\/span><em>Philoct\u00e8te,<\/em><span>\u00a0j\u2019ai choisi d\u2019utiliser le th\u00e8me de la guerre pour activer ce pouvoir. Guerre et choeur, choeur et guerre Enfin, que\u00a0<\/span><em>Philoct\u00e8te<\/em><span>\u00a0soit un texte de 3000 ans n\u2019a pas eu beaucoup d\u2019importance pour moi. Vivant, je consid\u00e8re que tous les textes qui existent aujourd\u2019hui me sont contemporains. Toutefois, il a \u00e9t\u00e9 tr\u00e8s gratifiant de d\u00e9couvrir intuitivement la proximit\u00e9 de nos m\u00e9caniques spectaculaires contemporaines de celles induites par le texte de Sophocle.\u00a0<\/span><\/p>\n<p>[\/et_pb_testimonial][\/et_pb_column][et_pb_column type=\u00a0\u00bb3_5&Prime; _builder_version=\u00a0\u00bb4.6.5&Prime; _module_preset=\u00a0\u00bbdefault\u00a0\u00bb][modula_gallery gallery_select=\u00a0\u00bb1056&Prime; _builder_version=\u00a0\u00bb4.6.5&Prime; _module_preset=\u00a0\u00bbdefault\u00a0\u00bb][\/modula_gallery][\/et_pb_column][\/et_pb_row][\/et_pb_section]<\/p>\n","protected":false},"excerpt":{"rendered":"<p>[et_pb_section fb_built=\u00a0\u00bb1&Prime; _builder_version=\u00a0\u00bb4.6.5&Prime; _module_preset=\u00a0\u00bbdefault\u00a0\u00bb][et_pb_row column_structure=\u00a0\u00bb2_5,3_5&Prime; _builder_version=\u00a0\u00bb4.6.5&Prime; _module_preset=\u00a0\u00bbdefault\u00a0\u00bb][et_pb_column type=\u00a0\u00bb2_5&Prime; _builder_version=\u00a0\u00bb4.6.5&Prime; _module_preset=\u00a0\u00bbdefault\u00a0\u00bb][et_pb_post_title meta=\u00a0\u00bboff\u00a0\u00bb featured_image=\u00a0\u00bboff\u00a0\u00bb _builder_version=\u00a0\u00bb4.6.5&Prime; _module_preset=\u00a0\u00bbdefault\u00a0\u00bb title_font=\u00a0\u00bb|||on|||||\u00a0\u00bb title_font_size=\u00a0\u00bb27px\u00a0\u00bb][\/et_pb_post_title][et_pb_text _builder_version=\u00a0\u00bb4.6.5&Prime; _module_preset=\u00a0\u00bbdefault\u00a0\u00bb hover_enabled=\u00a0\u00bb0&Prime; sticky_enabled=\u00a0\u00bb0&Prime;] conception Gwena\u00ebl Morin avec Guillaume Bailliart,\u00a0Fanny de Chaill\u00e9, Michel Coquet,\u00a0Marief Guittier,\u00a0Barbara Jung,\u00a0Vincent Schmitt r\u00e9gie\u00a0Manuella Mangalo cr\u00e9ation 2006 [\/et_pb_text][et_pb_testimonial author=\u00a0\u00bbGwena\u00ebl Morin\u00a0\u00bb _builder_version=\u00a0\u00bb4.6.5&Prime; _module_preset=\u00a0\u00bbdefault\u00a0\u00bb] Je veux dire et montrer en faisant\u00a0Philoct\u00e8te d\u2019apr\u00e8s Philoct\u00e8te de Sophocle\u00a0que les mots [&hellip;]<\/p>\n","protected":false},"author":1,"featured_media":0,"parent":0,"menu_order":0,"comment_status":"closed","ping_status":"closed","template":"","meta":{"_et_pb_use_builder":"on","_et_pb_old_content":"","_et_gb_content_width":"","footnotes":""},"class_list":["post-1050","page","type-page","status-publish","hentry"],"yoast_head":"<!-- This site is optimized with the Yoast SEO plugin v19.13 - https:\/\/yoast.com\/wordpress\/plugins\/seo\/ -->\n<title>PHILOCT\u00c8CTE D&#039;APR\u00c8S PHILOCT\u00c8TE DE SOPHOCLE - Gwena\u00ebl Morin<\/title>\n<meta name=\"robots\" content=\"index, follow, max-snippet:-1, max-image-preview:large, max-video-preview:-1\" \/>\n<link rel=\"canonical\" href=\"https:\/\/theatrepermanent.fr\/index.php\/philoctecte-dapres-philoctete-de-sophocle\/\" \/>\n<meta property=\"og:locale\" content=\"fr_FR\" \/>\n<meta property=\"og:type\" content=\"article\" \/>\n<meta property=\"og:title\" content=\"PHILOCT\u00c8CTE D&#039;APR\u00c8S PHILOCT\u00c8TE DE SOPHOCLE - Gwena\u00ebl Morin\" \/>\n<meta property=\"og:description\" content=\"[et_pb_section fb_built=\u00a0\u00bb1&Prime; _builder_version=\u00a0\u00bb4.6.5&Prime; _module_preset=\u00a0\u00bbdefault\u00a0\u00bb][et_pb_row column_structure=\u00a0\u00bb2_5,3_5&Prime; _builder_version=\u00a0\u00bb4.6.5&Prime; _module_preset=\u00a0\u00bbdefault\u00a0\u00bb][et_pb_column type=\u00a0\u00bb2_5&Prime; _builder_version=\u00a0\u00bb4.6.5&Prime; _module_preset=\u00a0\u00bbdefault\u00a0\u00bb][et_pb_post_title meta=\u00a0\u00bboff\u00a0\u00bb featured_image=\u00a0\u00bboff\u00a0\u00bb _builder_version=\u00a0\u00bb4.6.5&Prime; _module_preset=\u00a0\u00bbdefault\u00a0\u00bb title_font=\u00a0\u00bb|||on|||||\u00a0\u00bb title_font_size=\u00a0\u00bb27px\u00a0\u00bb][\/et_pb_post_title][et_pb_text _builder_version=\u00a0\u00bb4.6.5&Prime; _module_preset=\u00a0\u00bbdefault\u00a0\u00bb hover_enabled=\u00a0\u00bb0&Prime; sticky_enabled=\u00a0\u00bb0&Prime;] conception Gwena\u00ebl Morin avec Guillaume Bailliart,\u00a0Fanny de Chaill\u00e9, Michel Coquet,\u00a0Marief Guittier,\u00a0Barbara Jung,\u00a0Vincent Schmitt r\u00e9gie\u00a0Manuella Mangalo cr\u00e9ation 2006 [\/et_pb_text][et_pb_testimonial author=\u00a0\u00bbGwena\u00ebl Morin\u00a0\u00bb _builder_version=\u00a0\u00bb4.6.5&Prime; _module_preset=\u00a0\u00bbdefault\u00a0\u00bb] Je veux dire et montrer en faisant\u00a0Philoct\u00e8te d\u2019apr\u00e8s Philoct\u00e8te de Sophocle\u00a0que les mots [&hellip;]\" \/>\n<meta property=\"og:url\" content=\"https:\/\/theatrepermanent.fr\/index.php\/philoctecte-dapres-philoctete-de-sophocle\/\" \/>\n<meta property=\"og:site_name\" content=\"Gwena\u00ebl Morin\" \/>\n<meta property=\"article:modified_time\" content=\"2022-01-31T10:10:39+00:00\" \/>\n<meta name=\"twitter:card\" content=\"summary_large_image\" \/>\n<meta name=\"twitter:label1\" content=\"Dur\u00e9e de lecture estim\u00e9e\" \/>\n\t<meta name=\"twitter:data1\" content=\"2 minutes\" \/>\n<script type=\"application\/ld+json\" class=\"yoast-schema-graph\">{\"@context\":\"https:\/\/schema.org\",\"@graph\":[{\"@type\":\"WebPage\",\"@id\":\"https:\/\/theatrepermanent.fr\/index.php\/philoctecte-dapres-philoctete-de-sophocle\/\",\"url\":\"https:\/\/theatrepermanent.fr\/index.php\/philoctecte-dapres-philoctete-de-sophocle\/\",\"name\":\"PHILOCT\u00c8CTE D'APR\u00c8S PHILOCT\u00c8TE DE SOPHOCLE - Gwena\u00ebl Morin\",\"isPartOf\":{\"@id\":\"https:\/\/theatrepermanent.fr\/#website\"},\"datePublished\":\"2022-01-28T07:53:45+00:00\",\"dateModified\":\"2022-01-31T10:10:39+00:00\",\"breadcrumb\":{\"@id\":\"https:\/\/theatrepermanent.fr\/index.php\/philoctecte-dapres-philoctete-de-sophocle\/#breadcrumb\"},\"inLanguage\":\"fr-FR\",\"potentialAction\":[{\"@type\":\"ReadAction\",\"target\":[\"https:\/\/theatrepermanent.fr\/index.php\/philoctecte-dapres-philoctete-de-sophocle\/\"]}]},{\"@type\":\"BreadcrumbList\",\"@id\":\"https:\/\/theatrepermanent.fr\/index.php\/philoctecte-dapres-philoctete-de-sophocle\/#breadcrumb\",\"itemListElement\":[{\"@type\":\"ListItem\",\"position\":1,\"name\":\"Accueil\",\"item\":\"https:\/\/theatrepermanent.fr\/\"},{\"@type\":\"ListItem\",\"position\":2,\"name\":\"PHILOCT\u00c8CTE D&rsquo;APR\u00c8S PHILOCT\u00c8TE DE SOPHOCLE\"}]},{\"@type\":\"WebSite\",\"@id\":\"https:\/\/theatrepermanent.fr\/#website\",\"url\":\"https:\/\/theatrepermanent.fr\/\",\"name\":\"Gwena\u00ebl Morin\",\"description\":\"SAS Th\u00e9\u00e2tre Permanent\",\"potentialAction\":[{\"@type\":\"SearchAction\",\"target\":{\"@type\":\"EntryPoint\",\"urlTemplate\":\"https:\/\/theatrepermanent.fr\/?s={search_term_string}\"},\"query-input\":\"required name=search_term_string\"}],\"inLanguage\":\"fr-FR\"}]}<\/script>\n<!-- \/ Yoast SEO plugin. -->","yoast_head_json":{"title":"PHILOCT\u00c8CTE D'APR\u00c8S PHILOCT\u00c8TE DE SOPHOCLE - Gwena\u00ebl Morin","robots":{"index":"index","follow":"follow","max-snippet":"max-snippet:-1","max-image-preview":"max-image-preview:large","max-video-preview":"max-video-preview:-1"},"canonical":"https:\/\/theatrepermanent.fr\/index.php\/philoctecte-dapres-philoctete-de-sophocle\/","og_locale":"fr_FR","og_type":"article","og_title":"PHILOCT\u00c8CTE D'APR\u00c8S PHILOCT\u00c8TE DE SOPHOCLE - Gwena\u00ebl Morin","og_description":"[et_pb_section fb_built=\u00a0\u00bb1&Prime; _builder_version=\u00a0\u00bb4.6.5&Prime; _module_preset=\u00a0\u00bbdefault\u00a0\u00bb][et_pb_row column_structure=\u00a0\u00bb2_5,3_5&Prime; _builder_version=\u00a0\u00bb4.6.5&Prime; _module_preset=\u00a0\u00bbdefault\u00a0\u00bb][et_pb_column type=\u00a0\u00bb2_5&Prime; _builder_version=\u00a0\u00bb4.6.5&Prime; _module_preset=\u00a0\u00bbdefault\u00a0\u00bb][et_pb_post_title meta=\u00a0\u00bboff\u00a0\u00bb featured_image=\u00a0\u00bboff\u00a0\u00bb _builder_version=\u00a0\u00bb4.6.5&Prime; _module_preset=\u00a0\u00bbdefault\u00a0\u00bb title_font=\u00a0\u00bb|||on|||||\u00a0\u00bb title_font_size=\u00a0\u00bb27px\u00a0\u00bb][\/et_pb_post_title][et_pb_text _builder_version=\u00a0\u00bb4.6.5&Prime; _module_preset=\u00a0\u00bbdefault\u00a0\u00bb hover_enabled=\u00a0\u00bb0&Prime; sticky_enabled=\u00a0\u00bb0&Prime;] conception Gwena\u00ebl Morin avec Guillaume Bailliart,\u00a0Fanny de Chaill\u00e9, Michel Coquet,\u00a0Marief Guittier,\u00a0Barbara Jung,\u00a0Vincent Schmitt r\u00e9gie\u00a0Manuella Mangalo cr\u00e9ation 2006 [\/et_pb_text][et_pb_testimonial author=\u00a0\u00bbGwena\u00ebl Morin\u00a0\u00bb _builder_version=\u00a0\u00bb4.6.5&Prime; _module_preset=\u00a0\u00bbdefault\u00a0\u00bb] Je veux dire et montrer en faisant\u00a0Philoct\u00e8te d\u2019apr\u00e8s Philoct\u00e8te de Sophocle\u00a0que les mots [&hellip;]","og_url":"https:\/\/theatrepermanent.fr\/index.php\/philoctecte-dapres-philoctete-de-sophocle\/","og_site_name":"Gwena\u00ebl Morin","article_modified_time":"2022-01-31T10:10:39+00:00","twitter_card":"summary_large_image","twitter_misc":{"Dur\u00e9e de lecture estim\u00e9e":"2 minutes"},"schema":{"@context":"https:\/\/schema.org","@graph":[{"@type":"WebPage","@id":"https:\/\/theatrepermanent.fr\/index.php\/philoctecte-dapres-philoctete-de-sophocle\/","url":"https:\/\/theatrepermanent.fr\/index.php\/philoctecte-dapres-philoctete-de-sophocle\/","name":"PHILOCT\u00c8CTE D'APR\u00c8S PHILOCT\u00c8TE DE SOPHOCLE - Gwena\u00ebl Morin","isPartOf":{"@id":"https:\/\/theatrepermanent.fr\/#website"},"datePublished":"2022-01-28T07:53:45+00:00","dateModified":"2022-01-31T10:10:39+00:00","breadcrumb":{"@id":"https:\/\/theatrepermanent.fr\/index.php\/philoctecte-dapres-philoctete-de-sophocle\/#breadcrumb"},"inLanguage":"fr-FR","potentialAction":[{"@type":"ReadAction","target":["https:\/\/theatrepermanent.fr\/index.php\/philoctecte-dapres-philoctete-de-sophocle\/"]}]},{"@type":"BreadcrumbList","@id":"https:\/\/theatrepermanent.fr\/index.php\/philoctecte-dapres-philoctete-de-sophocle\/#breadcrumb","itemListElement":[{"@type":"ListItem","position":1,"name":"Accueil","item":"https:\/\/theatrepermanent.fr\/"},{"@type":"ListItem","position":2,"name":"PHILOCT\u00c8CTE D&rsquo;APR\u00c8S PHILOCT\u00c8TE DE SOPHOCLE"}]},{"@type":"WebSite","@id":"https:\/\/theatrepermanent.fr\/#website","url":"https:\/\/theatrepermanent.fr\/","name":"Gwena\u00ebl Morin","description":"SAS Th\u00e9\u00e2tre Permanent","potentialAction":[{"@type":"SearchAction","target":{"@type":"EntryPoint","urlTemplate":"https:\/\/theatrepermanent.fr\/?s={search_term_string}"},"query-input":"required name=search_term_string"}],"inLanguage":"fr-FR"}]}},"_links":{"self":[{"href":"https:\/\/theatrepermanent.fr\/index.php\/wp-json\/wp\/v2\/pages\/1050","targetHints":{"allow":["GET"]}}],"collection":[{"href":"https:\/\/theatrepermanent.fr\/index.php\/wp-json\/wp\/v2\/pages"}],"about":[{"href":"https:\/\/theatrepermanent.fr\/index.php\/wp-json\/wp\/v2\/types\/page"}],"author":[{"embeddable":true,"href":"https:\/\/theatrepermanent.fr\/index.php\/wp-json\/wp\/v2\/users\/1"}],"replies":[{"embeddable":true,"href":"https:\/\/theatrepermanent.fr\/index.php\/wp-json\/wp\/v2\/comments?post=1050"}],"version-history":[{"count":6,"href":"https:\/\/theatrepermanent.fr\/index.php\/wp-json\/wp\/v2\/pages\/1050\/revisions"}],"predecessor-version":[{"id":1198,"href":"https:\/\/theatrepermanent.fr\/index.php\/wp-json\/wp\/v2\/pages\/1050\/revisions\/1198"}],"wp:attachment":[{"href":"https:\/\/theatrepermanent.fr\/index.php\/wp-json\/wp\/v2\/media?parent=1050"}],"curies":[{"name":"wp","href":"https:\/\/api.w.org\/{rel}","templated":true}]}}