{"id":1270,"date":"2022-02-03T13:26:30","date_gmt":"2022-02-03T12:26:30","guid":{"rendered":"http:\/\/gwenaelmorin.fr\/?page_id=1270"},"modified":"2022-02-03T13:27:09","modified_gmt":"2022-02-03T12:27:09","slug":"oedipe","status":"publish","type":"page","link":"https:\/\/theatrepermanent.fr\/index.php\/oedipe\/","title":{"rendered":"OEDIPE"},"content":{"rendered":"<p>[et_pb_section fb_built=\u00a0\u00bb1&Prime; _builder_version=\u00a0\u00bb4.6.5&Prime; _module_preset=\u00a0\u00bbdefault\u00a0\u00bb][et_pb_row column_structure=\u00a0\u00bb2_5,3_5&Prime; _builder_version=\u00a0\u00bb4.6.5&Prime; _module_preset=\u00a0\u00bbdefault\u00a0\u00bb][et_pb_column type=\u00a0\u00bb2_5&Prime; _builder_version=\u00a0\u00bb4.6.5&Prime; _module_preset=\u00a0\u00bbdefault\u00a0\u00bb][et_pb_post_title meta=\u00a0\u00bboff\u00a0\u00bb featured_image=\u00a0\u00bboff\u00a0\u00bb _builder_version=\u00a0\u00bb4.6.5&Prime; _module_preset=\u00a0\u00bbdefault\u00a0\u00bb title_font=\u00a0\u00bb|||on|||||\u00a0\u00bb title_font_size=\u00a0\u00bb27px\u00a0\u00bb][\/et_pb_post_title][et_pb_text _builder_version=\u00a0\u00bb4.6.5&Prime; _module_preset=\u00a0\u00bbdefault\u00a0\u00bb custom_padding=\u00a0\u00bb|3px||||\u00a0\u00bb]<\/p>\n<p><span>de\u00a0<\/span><strong>Sophocle<\/strong><\/p>\n<p><span>traduction\u00a0<\/span><strong>Ir\u00e8ne Bonnaud<\/strong><br \/> <span>mise en sc\u00e8ne\u00a0<\/span><strong>Gwena\u00ebl Morin<\/strong><br \/> <span>pr\u00e9paration du ch\u0153ur\u00a0<\/span><strong>Barbara Jung<\/strong><span>,\u00a0<\/span><strong>Marion Couzini\u00e9<\/strong><br \/> <span>assistant \u00e0 la mise en sc\u00e8ne\u00a0<\/span><strong>Philippe Mangenot<\/strong><\/p>\n<p><span>avec <strong>Micha\u00ebl Comte<\/strong>,\u00a0<strong>Marion Couzini\u00e9<\/strong>,\u00a0<strong>Lucas Delesvaux<\/strong>,\u00a0<strong>Chlo\u00e9 Giraud<\/strong>,\u00a0<strong>Pierre Laloge<\/strong>,<strong>\u00a0Beno\u00eet Martin<\/strong>,\u00a0<strong>Julien Michel<\/strong>,\u00a0<strong>Maxime Roger<\/strong>,\u00a0<strong>Judith Rutkowski<\/strong>,<strong>\u00a0Thomas Tressy<\/strong><\/span><\/p>\n<p><span>et le\u00a0<\/span><strong>ch\u0153ur du Point du Jour<\/strong><\/p>\n<p>cr\u00e9ation 2015<\/p>\n<p>[\/et_pb_text][\/et_pb_column][et_pb_column type=\u00a0\u00bb3_5&Prime; _builder_version=\u00a0\u00bb4.6.5&Prime; _module_preset=\u00a0\u00bbdefault\u00a0\u00bb][modula_gallery gallery_select=\u00a0\u00bb1261&Prime; _builder_version=\u00a0\u00bb4.6.5&Prime; _module_preset=\u00a0\u00bbdefault\u00a0\u00bb hover_enabled=\u00a0\u00bb0&Prime; sticky_enabled=\u00a0\u00bb0&Prime;][\/modula_gallery][\/et_pb_column][\/et_pb_row][\/et_pb_section]<\/p>\n","protected":false},"excerpt":{"rendered":"<p>[et_pb_section fb_built=\u00a0\u00bb1&Prime; _builder_version=\u00a0\u00bb4.6.5&Prime; _module_preset=\u00a0\u00bbdefault\u00a0\u00bb][et_pb_row column_structure=\u00a0\u00bb2_5,3_5&Prime; _builder_version=\u00a0\u00bb4.6.5&Prime; _module_preset=\u00a0\u00bbdefault\u00a0\u00bb][et_pb_column type=\u00a0\u00bb2_5&Prime; _builder_version=\u00a0\u00bb4.6.5&Prime; _module_preset=\u00a0\u00bbdefault\u00a0\u00bb][et_pb_post_title meta=\u00a0\u00bboff\u00a0\u00bb featured_image=\u00a0\u00bboff\u00a0\u00bb _builder_version=\u00a0\u00bb4.6.5&Prime; _module_preset=\u00a0\u00bbdefault\u00a0\u00bb title_font=\u00a0\u00bb|||on|||||\u00a0\u00bb title_font_size=\u00a0\u00bb27px\u00a0\u00bb][\/et_pb_post_title][et_pb_text _builder_version=\u00a0\u00bb4.6.5&Prime; _module_preset=\u00a0\u00bbdefault\u00a0\u00bb custom_padding=\u00a0\u00bb|3px||||\u00a0\u00bb] de\u00a0Sophocle traduction\u00a0Ir\u00e8ne Bonnaud mise en sc\u00e8ne\u00a0Gwena\u00ebl Morin pr\u00e9paration du ch\u0153ur\u00a0Barbara Jung,\u00a0Marion Couzini\u00e9 assistant \u00e0 la mise en sc\u00e8ne\u00a0Philippe Mangenot avec Micha\u00ebl Comte,\u00a0Marion Couzini\u00e9,\u00a0Lucas Delesvaux,\u00a0Chlo\u00e9 Giraud,\u00a0Pierre Laloge,\u00a0Beno\u00eet Martin,\u00a0Julien Michel,\u00a0Maxime Roger,\u00a0Judith Rutkowski,\u00a0Thomas Tressy et le\u00a0ch\u0153ur du Point du [&hellip;]<\/p>\n","protected":false},"author":1,"featured_media":0,"parent":0,"menu_order":0,"comment_status":"closed","ping_status":"closed","template":"","meta":{"_et_pb_use_builder":"on","_et_pb_old_content":"","_et_gb_content_width":"","footnotes":""},"class_list":["post-1270","page","type-page","status-publish","hentry"],"yoast_head":"<!-- This site is optimized with the Yoast SEO plugin v19.13 - https:\/\/yoast.com\/wordpress\/plugins\/seo\/ -->\n<title>OEDIPE - Gwena\u00ebl Morin<\/title>\n<meta name=\"robots\" content=\"index, follow, max-snippet:-1, max-image-preview:large, max-video-preview:-1\" \/>\n<link rel=\"canonical\" href=\"https:\/\/theatrepermanent.fr\/index.php\/oedipe\/\" \/>\n<meta property=\"og:locale\" content=\"fr_FR\" \/>\n<meta property=\"og:type\" content=\"article\" \/>\n<meta property=\"og:title\" content=\"OEDIPE - Gwena\u00ebl Morin\" \/>\n<meta property=\"og:description\" content=\"[et_pb_section fb_built=\u00a0\u00bb1&Prime; _builder_version=\u00a0\u00bb4.6.5&Prime; _module_preset=\u00a0\u00bbdefault\u00a0\u00bb][et_pb_row column_structure=\u00a0\u00bb2_5,3_5&Prime; _builder_version=\u00a0\u00bb4.6.5&Prime; _module_preset=\u00a0\u00bbdefault\u00a0\u00bb][et_pb_column type=\u00a0\u00bb2_5&Prime; _builder_version=\u00a0\u00bb4.6.5&Prime; _module_preset=\u00a0\u00bbdefault\u00a0\u00bb][et_pb_post_title meta=\u00a0\u00bboff\u00a0\u00bb featured_image=\u00a0\u00bboff\u00a0\u00bb _builder_version=\u00a0\u00bb4.6.5&Prime; _module_preset=\u00a0\u00bbdefault\u00a0\u00bb title_font=\u00a0\u00bb|||on|||||\u00a0\u00bb title_font_size=\u00a0\u00bb27px\u00a0\u00bb][\/et_pb_post_title][et_pb_text _builder_version=\u00a0\u00bb4.6.5&Prime; _module_preset=\u00a0\u00bbdefault\u00a0\u00bb custom_padding=\u00a0\u00bb|3px||||\u00a0\u00bb] de\u00a0Sophocle traduction\u00a0Ir\u00e8ne Bonnaud mise en sc\u00e8ne\u00a0Gwena\u00ebl Morin pr\u00e9paration du ch\u0153ur\u00a0Barbara Jung,\u00a0Marion Couzini\u00e9 assistant \u00e0 la mise en sc\u00e8ne\u00a0Philippe Mangenot avec Micha\u00ebl Comte,\u00a0Marion Couzini\u00e9,\u00a0Lucas Delesvaux,\u00a0Chlo\u00e9 Giraud,\u00a0Pierre Laloge,\u00a0Beno\u00eet Martin,\u00a0Julien Michel,\u00a0Maxime Roger,\u00a0Judith Rutkowski,\u00a0Thomas Tressy et le\u00a0ch\u0153ur du Point du [&hellip;]\" \/>\n<meta property=\"og:url\" content=\"https:\/\/theatrepermanent.fr\/index.php\/oedipe\/\" \/>\n<meta property=\"og:site_name\" content=\"Gwena\u00ebl Morin\" \/>\n<meta property=\"article:modified_time\" content=\"2022-02-03T12:27:09+00:00\" \/>\n<meta name=\"twitter:card\" content=\"summary_large_image\" \/>\n<meta name=\"twitter:label1\" content=\"Dur\u00e9e de lecture estim\u00e9e\" \/>\n\t<meta name=\"twitter:data1\" content=\"1 minute\" \/>\n<script type=\"application\/ld+json\" class=\"yoast-schema-graph\">{\"@context\":\"https:\/\/schema.org\",\"@graph\":[{\"@type\":\"WebPage\",\"@id\":\"https:\/\/theatrepermanent.fr\/index.php\/oedipe\/\",\"url\":\"https:\/\/theatrepermanent.fr\/index.php\/oedipe\/\",\"name\":\"OEDIPE - Gwena\u00ebl Morin\",\"isPartOf\":{\"@id\":\"https:\/\/theatrepermanent.fr\/#website\"},\"datePublished\":\"2022-02-03T12:26:30+00:00\",\"dateModified\":\"2022-02-03T12:27:09+00:00\",\"breadcrumb\":{\"@id\":\"https:\/\/theatrepermanent.fr\/index.php\/oedipe\/#breadcrumb\"},\"inLanguage\":\"fr-FR\",\"potentialAction\":[{\"@type\":\"ReadAction\",\"target\":[\"https:\/\/theatrepermanent.fr\/index.php\/oedipe\/\"]}]},{\"@type\":\"BreadcrumbList\",\"@id\":\"https:\/\/theatrepermanent.fr\/index.php\/oedipe\/#breadcrumb\",\"itemListElement\":[{\"@type\":\"ListItem\",\"position\":1,\"name\":\"Accueil\",\"item\":\"https:\/\/theatrepermanent.fr\/\"},{\"@type\":\"ListItem\",\"position\":2,\"name\":\"OEDIPE\"}]},{\"@type\":\"WebSite\",\"@id\":\"https:\/\/theatrepermanent.fr\/#website\",\"url\":\"https:\/\/theatrepermanent.fr\/\",\"name\":\"Gwena\u00ebl Morin\",\"description\":\"SAS Th\u00e9\u00e2tre Permanent\",\"potentialAction\":[{\"@type\":\"SearchAction\",\"target\":{\"@type\":\"EntryPoint\",\"urlTemplate\":\"https:\/\/theatrepermanent.fr\/?s={search_term_string}\"},\"query-input\":\"required name=search_term_string\"}],\"inLanguage\":\"fr-FR\"}]}<\/script>\n<!-- \/ Yoast SEO plugin. -->","yoast_head_json":{"title":"OEDIPE - Gwena\u00ebl Morin","robots":{"index":"index","follow":"follow","max-snippet":"max-snippet:-1","max-image-preview":"max-image-preview:large","max-video-preview":"max-video-preview:-1"},"canonical":"https:\/\/theatrepermanent.fr\/index.php\/oedipe\/","og_locale":"fr_FR","og_type":"article","og_title":"OEDIPE - Gwena\u00ebl Morin","og_description":"[et_pb_section fb_built=\u00a0\u00bb1&Prime; _builder_version=\u00a0\u00bb4.6.5&Prime; _module_preset=\u00a0\u00bbdefault\u00a0\u00bb][et_pb_row column_structure=\u00a0\u00bb2_5,3_5&Prime; _builder_version=\u00a0\u00bb4.6.5&Prime; _module_preset=\u00a0\u00bbdefault\u00a0\u00bb][et_pb_column type=\u00a0\u00bb2_5&Prime; _builder_version=\u00a0\u00bb4.6.5&Prime; _module_preset=\u00a0\u00bbdefault\u00a0\u00bb][et_pb_post_title meta=\u00a0\u00bboff\u00a0\u00bb featured_image=\u00a0\u00bboff\u00a0\u00bb _builder_version=\u00a0\u00bb4.6.5&Prime; _module_preset=\u00a0\u00bbdefault\u00a0\u00bb title_font=\u00a0\u00bb|||on|||||\u00a0\u00bb title_font_size=\u00a0\u00bb27px\u00a0\u00bb][\/et_pb_post_title][et_pb_text _builder_version=\u00a0\u00bb4.6.5&Prime; _module_preset=\u00a0\u00bbdefault\u00a0\u00bb custom_padding=\u00a0\u00bb|3px||||\u00a0\u00bb] de\u00a0Sophocle traduction\u00a0Ir\u00e8ne Bonnaud mise en sc\u00e8ne\u00a0Gwena\u00ebl Morin pr\u00e9paration du ch\u0153ur\u00a0Barbara Jung,\u00a0Marion Couzini\u00e9 assistant \u00e0 la mise en sc\u00e8ne\u00a0Philippe Mangenot avec Micha\u00ebl Comte,\u00a0Marion Couzini\u00e9,\u00a0Lucas Delesvaux,\u00a0Chlo\u00e9 Giraud,\u00a0Pierre Laloge,\u00a0Beno\u00eet Martin,\u00a0Julien Michel,\u00a0Maxime Roger,\u00a0Judith Rutkowski,\u00a0Thomas Tressy et le\u00a0ch\u0153ur du Point du [&hellip;]","og_url":"https:\/\/theatrepermanent.fr\/index.php\/oedipe\/","og_site_name":"Gwena\u00ebl Morin","article_modified_time":"2022-02-03T12:27:09+00:00","twitter_card":"summary_large_image","twitter_misc":{"Dur\u00e9e de lecture estim\u00e9e":"1 minute"},"schema":{"@context":"https:\/\/schema.org","@graph":[{"@type":"WebPage","@id":"https:\/\/theatrepermanent.fr\/index.php\/oedipe\/","url":"https:\/\/theatrepermanent.fr\/index.php\/oedipe\/","name":"OEDIPE - Gwena\u00ebl Morin","isPartOf":{"@id":"https:\/\/theatrepermanent.fr\/#website"},"datePublished":"2022-02-03T12:26:30+00:00","dateModified":"2022-02-03T12:27:09+00:00","breadcrumb":{"@id":"https:\/\/theatrepermanent.fr\/index.php\/oedipe\/#breadcrumb"},"inLanguage":"fr-FR","potentialAction":[{"@type":"ReadAction","target":["https:\/\/theatrepermanent.fr\/index.php\/oedipe\/"]}]},{"@type":"BreadcrumbList","@id":"https:\/\/theatrepermanent.fr\/index.php\/oedipe\/#breadcrumb","itemListElement":[{"@type":"ListItem","position":1,"name":"Accueil","item":"https:\/\/theatrepermanent.fr\/"},{"@type":"ListItem","position":2,"name":"OEDIPE"}]},{"@type":"WebSite","@id":"https:\/\/theatrepermanent.fr\/#website","url":"https:\/\/theatrepermanent.fr\/","name":"Gwena\u00ebl Morin","description":"SAS Th\u00e9\u00e2tre Permanent","potentialAction":[{"@type":"SearchAction","target":{"@type":"EntryPoint","urlTemplate":"https:\/\/theatrepermanent.fr\/?s={search_term_string}"},"query-input":"required name=search_term_string"}],"inLanguage":"fr-FR"}]}},"_links":{"self":[{"href":"https:\/\/theatrepermanent.fr\/index.php\/wp-json\/wp\/v2\/pages\/1270","targetHints":{"allow":["GET"]}}],"collection":[{"href":"https:\/\/theatrepermanent.fr\/index.php\/wp-json\/wp\/v2\/pages"}],"about":[{"href":"https:\/\/theatrepermanent.fr\/index.php\/wp-json\/wp\/v2\/types\/page"}],"author":[{"embeddable":true,"href":"https:\/\/theatrepermanent.fr\/index.php\/wp-json\/wp\/v2\/users\/1"}],"replies":[{"embeddable":true,"href":"https:\/\/theatrepermanent.fr\/index.php\/wp-json\/wp\/v2\/comments?post=1270"}],"version-history":[{"count":2,"href":"https:\/\/theatrepermanent.fr\/index.php\/wp-json\/wp\/v2\/pages\/1270\/revisions"}],"predecessor-version":[{"id":1272,"href":"https:\/\/theatrepermanent.fr\/index.php\/wp-json\/wp\/v2\/pages\/1270\/revisions\/1272"}],"wp:attachment":[{"href":"https:\/\/theatrepermanent.fr\/index.php\/wp-json\/wp\/v2\/media?parent=1270"}],"curies":[{"name":"wp","href":"https:\/\/api.w.org\/{rel}","templated":true}]}}