{"id":1745,"date":"2022-02-07T14:26:16","date_gmt":"2022-02-07T13:26:16","guid":{"rendered":"http:\/\/gwenaelmorin.fr\/?page_id=1745"},"modified":"2023-01-09T11:21:08","modified_gmt":"2023-01-09T10:21:08","slug":"bio","status":"publish","type":"page","link":"https:\/\/theatrepermanent.fr\/index.php\/bio\/","title":{"rendered":"BIO"},"content":{"rendered":"<p>[et_pb_section fb_built=\u00a0\u00bb1&Prime; _builder_version=\u00a0\u00bb4.6.5&Prime; _module_preset=\u00a0\u00bbdefault\u00a0\u00bb][et_pb_row _builder_version=\u00a0\u00bb4.6.5&Prime; _module_preset=\u00a0\u00bbdefault\u00a0\u00bb hover_enabled=\u00a0\u00bb0&Prime; sticky_enabled=\u00a0\u00bb0&Prime;][et_pb_column type=\u00a0\u00bb4_4&Prime; _builder_version=\u00a0\u00bb4.6.5&Prime; _module_preset=\u00a0\u00bbdefault\u00a0\u00bb][et_pb_team_member name=\u00a0\u00bbGwena\u00ebl Morin\u00a0\u00bb position=\u00a0\u00bbMetteur en sc\u00e8ne, directeur artistique du Th\u00e9\u00e2tre Permanent\u00a0\u00bb image_url=\u00a0\u00bbhttps:\/\/gwenaelmorin.fr\/wp-content\/uploads\/2023\/01\/13X18-pour-300-dpi-copie.jpg\u00a0\u00bb _builder_version=\u00a0\u00bb4.6.5&Prime; _module_preset=\u00a0\u00bbdefault\u00a0\u00bb hover_enabled=\u00a0\u00bb0&Prime; title_text=\u00a0\u00bb13X18 pour 300 dpi copie\u00a0\u00bb sticky_enabled=\u00a0\u00bb0&Prime;]<\/p>\n<p>Gwena\u00ebl Morin suit une formation d\u2019architecte au cours de laquelle\u00a0 il commence une pratique de th\u00e9\u00e2tre amateur. En 1996, il devient assistant de Michel Raskine pendant trois ans et monte ses premiers spectacles : <i>D\u00e9bite ! (allez vas-y) <\/i>d\u2019apr\u00e8s\u00a0 <i>Fin ao\u00fbt <\/i>d\u2019Arthur Adamov, <i>Pareil Pas Pareil <\/i>avec des dialogues d\u2019amour extraits de films de Jean-Luc Godard ou encore <i>Th\u00e9\u00e2tre normal<\/i>. Il met en sc\u00e8ne des textes d\u2019August Strindberg, Federico Garc\u00eda Lorca ou Albert Camus.\u00a0 En 2004, il met en sc\u00e8ne <i>Guillaume Tell d\u2019apr\u00e8s Guillaume Tell <\/i>de Friedrich von Schiller, pi\u00e8ce de th\u00e9\u00e2tre int\u00e9gr\u00e9e \u00e0 <i>Swiss Swiss Democraty<\/i>, \u0153uvre de Thomas Hirschhorn. Il travaille r\u00e9guli\u00e8rement avec Thomas Hirschhorn comme assistant jusqu\u2019en 2008.<\/p>\n<p>En 2009, en r\u00e9sidence aux Laboratoires d\u2019Aubervilliers, il fonde\u00a0 le Th\u00e9\u00e2tre Permanent\u00a0 bas\u00e9 sur trois principes: jouer, r\u00e9p\u00e9ter et transmettre en continu, tous les jours, pendant un an. Il monte des pi\u00e8ces embl\u00e9matiques du domaine public dont le titre est le nom du personnage principal : <i>Lorenzaccio d\u2019apr\u00e8s Lorenzaccio <\/i>d\u2019Alfred de Musset, <i>Tartuffe d\u2019apr\u00e8s Tartuffe <\/i>de Moli\u00e8re, <i>B\u00e9r\u00e9nice d\u2019apr\u00e8s B\u00e9r\u00e9nice <\/i>de Jean Racine, <i>Hamlet d\u2019apr\u00e8s Hamlet <\/i>de William Shakespeare, <i>Antigone d\u2019apr\u00e8s Antigone <\/i>de Sophocle, <i>Woyzeck d\u2019apr\u00e8s Woyzeck <\/i>de Georg B\u00fcchner.<\/p>\n<p>De 2010 \u00e0 2011, le r\u00e9pertoire du Th\u00e9\u00e2tre Permanent tourne dans toute la France et \u00e0 l\u2019\u00e9tranger.<\/p>\n<p>En 2012, il cr\u00e9\u00e9 <i>Antiteatre <\/i>au Th\u00e9\u00e2tre du Point du jour, un ensemble de 4 pi\u00e8ces issues du r\u00e9pertoire de Rainer Werner Fassbinder.<\/p>\n<p>De 2013 \u00e0 2018, il dirige le Th\u00e9\u00e2tre du Point du Jour \u00e0 Lyon o\u00f9 il poursuit l\u2019exp\u00e9rience du Th\u00e9\u00e2tre Permanent en y impliquant d\u2019autres artistes :\u00a0 Yves-No\u00ebl Genod, Philippe Vincent, Le collectif X, Nathalie Beasse, Philippe Quesne.<\/p>\n<p>Il y cr\u00e9e notamment<i> Les Moli\u00e8res de vitez, Les Trag\u00e9dies de Juillet, Re-Paradise, Macbeth\/Othello, Georges Dandin, Hernan<\/i>i, plusieurs versions d&rsquo;<i>Andromaque<\/i>,\u00a0 etc.<\/p>\n<p>Artiste en r\u00e9sidence au Th\u00e9\u00e2tre Nanterre-Amandiers, il cr\u00e9e <i>Le Th\u00e9\u00e2tre et son double <\/i>d\u2019Antonin Artaud en septembre\u00a0 2020.\u00a0<\/p>\n<p>Il monte <em>Andromaque \u00e0 l&rsquo;infini<\/em> pour une semaine d&rsquo;Arts en Avignon (Festival d&rsquo;Avignon 2020) avec des jeunes issus du programme 1er Acte.<\/p>\n<p>Il a re\u00e7u le Prix Topor\/T\u00e9l\u00e9rama 2018 du \u00ab Le th\u00e9\u00e2tre c\u2019est quand m\u00eame mieux comme \u00e7a \u00bb. ll donne des ateliers de formations \u00e0 l\u2019ENSATT, \u00e0 l\u2019\u00c9cole de la Manufacture de Lausanne et au Conservatoire d\u2019art dramatique\u00a0 de Lyon. En 2021, il monte <i>Raaaaciiiineeee <\/i><span style=\"font-weight: 400;\">avec la promotion L de l\u2019\u00c9cole de la Manufacture de Lausanne. <\/span><\/p>\n<p>[\/et_pb_team_member][\/et_pb_column][\/et_pb_row][\/et_pb_section]<\/p>\n","protected":false},"excerpt":{"rendered":"<p>[et_pb_section fb_built=\u00a0\u00bb1&Prime; _builder_version=\u00a0\u00bb4.6.5&Prime; _module_preset=\u00a0\u00bbdefault\u00a0\u00bb][et_pb_row _builder_version=\u00a0\u00bb4.6.5&Prime; _module_preset=\u00a0\u00bbdefault\u00a0\u00bb hover_enabled=\u00a0\u00bb0&Prime; sticky_enabled=\u00a0\u00bb0&Prime;][et_pb_column type=\u00a0\u00bb4_4&Prime; _builder_version=\u00a0\u00bb4.6.5&Prime; _module_preset=\u00a0\u00bbdefault\u00a0\u00bb][et_pb_team_member name=\u00a0\u00bbGwena\u00ebl Morin\u00a0\u00bb position=\u00a0\u00bbMetteur en sc\u00e8ne, directeur artistique du Th\u00e9\u00e2tre Permanent\u00a0\u00bb image_url=\u00a0\u00bbhttps:\/\/gwenaelmorin.fr\/wp-content\/uploads\/2023\/01\/13X18-pour-300-dpi-copie.jpg\u00a0\u00bb _builder_version=\u00a0\u00bb4.6.5&Prime; _module_preset=\u00a0\u00bbdefault\u00a0\u00bb hover_enabled=\u00a0\u00bb0&Prime; title_text=\u00a0\u00bb13X18 pour 300 dpi copie\u00a0\u00bb sticky_enabled=\u00a0\u00bb0&Prime;] Gwena\u00ebl Morin suit une formation d\u2019architecte au cours de laquelle\u00a0 il commence une pratique de th\u00e9\u00e2tre amateur. En 1996, il devient assistant de Michel [&hellip;]<\/p>\n","protected":false},"author":1,"featured_media":0,"parent":0,"menu_order":0,"comment_status":"closed","ping_status":"closed","template":"","meta":{"_et_pb_use_builder":"on","_et_pb_old_content":"","_et_gb_content_width":"","footnotes":""},"class_list":["post-1745","page","type-page","status-publish","hentry"],"yoast_head":"<!-- This site is optimized with the Yoast SEO plugin v19.13 - https:\/\/yoast.com\/wordpress\/plugins\/seo\/ -->\n<title>BIO - Gwena\u00ebl Morin<\/title>\n<meta name=\"robots\" content=\"index, follow, max-snippet:-1, max-image-preview:large, max-video-preview:-1\" \/>\n<link rel=\"canonical\" href=\"https:\/\/theatrepermanent.fr\/index.php\/bio\/\" \/>\n<meta property=\"og:locale\" content=\"fr_FR\" \/>\n<meta property=\"og:type\" content=\"article\" \/>\n<meta property=\"og:title\" content=\"BIO - Gwena\u00ebl Morin\" \/>\n<meta property=\"og:description\" content=\"[et_pb_section fb_built=\u00a0\u00bb1&Prime; _builder_version=\u00a0\u00bb4.6.5&Prime; _module_preset=\u00a0\u00bbdefault\u00a0\u00bb][et_pb_row _builder_version=\u00a0\u00bb4.6.5&Prime; _module_preset=\u00a0\u00bbdefault\u00a0\u00bb hover_enabled=\u00a0\u00bb0&Prime; sticky_enabled=\u00a0\u00bb0&Prime;][et_pb_column type=\u00a0\u00bb4_4&Prime; _builder_version=\u00a0\u00bb4.6.5&Prime; _module_preset=\u00a0\u00bbdefault\u00a0\u00bb][et_pb_team_member name=\u00a0\u00bbGwena\u00ebl Morin\u00a0\u00bb position=\u00a0\u00bbMetteur en sc\u00e8ne, directeur artistique du Th\u00e9\u00e2tre Permanent\u00a0\u00bb image_url=\u00a0\u00bbhttps:\/\/gwenaelmorin.fr\/wp-content\/uploads\/2023\/01\/13X18-pour-300-dpi-copie.jpg\u00a0\u00bb _builder_version=\u00a0\u00bb4.6.5&Prime; _module_preset=\u00a0\u00bbdefault\u00a0\u00bb hover_enabled=\u00a0\u00bb0&Prime; title_text=\u00a0\u00bb13X18 pour 300 dpi copie\u00a0\u00bb sticky_enabled=\u00a0\u00bb0&Prime;] Gwena\u00ebl Morin suit une formation d\u2019architecte au cours de laquelle\u00a0 il commence une pratique de th\u00e9\u00e2tre amateur. En 1996, il devient assistant de Michel [&hellip;]\" \/>\n<meta property=\"og:url\" content=\"https:\/\/theatrepermanent.fr\/index.php\/bio\/\" \/>\n<meta property=\"og:site_name\" content=\"Gwena\u00ebl Morin\" \/>\n<meta property=\"article:modified_time\" content=\"2023-01-09T10:21:08+00:00\" \/>\n<meta name=\"twitter:card\" content=\"summary_large_image\" \/>\n<meta name=\"twitter:label1\" content=\"Dur\u00e9e de lecture estim\u00e9e\" \/>\n\t<meta name=\"twitter:data1\" content=\"3 minutes\" \/>\n<script type=\"application\/ld+json\" class=\"yoast-schema-graph\">{\"@context\":\"https:\/\/schema.org\",\"@graph\":[{\"@type\":\"WebPage\",\"@id\":\"https:\/\/theatrepermanent.fr\/index.php\/bio\/\",\"url\":\"https:\/\/theatrepermanent.fr\/index.php\/bio\/\",\"name\":\"BIO - Gwena\u00ebl Morin\",\"isPartOf\":{\"@id\":\"https:\/\/theatrepermanent.fr\/#website\"},\"datePublished\":\"2022-02-07T13:26:16+00:00\",\"dateModified\":\"2023-01-09T10:21:08+00:00\",\"breadcrumb\":{\"@id\":\"https:\/\/theatrepermanent.fr\/index.php\/bio\/#breadcrumb\"},\"inLanguage\":\"fr-FR\",\"potentialAction\":[{\"@type\":\"ReadAction\",\"target\":[\"https:\/\/theatrepermanent.fr\/index.php\/bio\/\"]}]},{\"@type\":\"BreadcrumbList\",\"@id\":\"https:\/\/theatrepermanent.fr\/index.php\/bio\/#breadcrumb\",\"itemListElement\":[{\"@type\":\"ListItem\",\"position\":1,\"name\":\"Accueil\",\"item\":\"https:\/\/theatrepermanent.fr\/\"},{\"@type\":\"ListItem\",\"position\":2,\"name\":\"BIO\"}]},{\"@type\":\"WebSite\",\"@id\":\"https:\/\/theatrepermanent.fr\/#website\",\"url\":\"https:\/\/theatrepermanent.fr\/\",\"name\":\"Gwena\u00ebl Morin\",\"description\":\"SAS Th\u00e9\u00e2tre Permanent\",\"potentialAction\":[{\"@type\":\"SearchAction\",\"target\":{\"@type\":\"EntryPoint\",\"urlTemplate\":\"https:\/\/theatrepermanent.fr\/?s={search_term_string}\"},\"query-input\":\"required name=search_term_string\"}],\"inLanguage\":\"fr-FR\"}]}<\/script>\n<!-- \/ Yoast SEO plugin. -->","yoast_head_json":{"title":"BIO - Gwena\u00ebl Morin","robots":{"index":"index","follow":"follow","max-snippet":"max-snippet:-1","max-image-preview":"max-image-preview:large","max-video-preview":"max-video-preview:-1"},"canonical":"https:\/\/theatrepermanent.fr\/index.php\/bio\/","og_locale":"fr_FR","og_type":"article","og_title":"BIO - Gwena\u00ebl Morin","og_description":"[et_pb_section fb_built=\u00a0\u00bb1&Prime; _builder_version=\u00a0\u00bb4.6.5&Prime; _module_preset=\u00a0\u00bbdefault\u00a0\u00bb][et_pb_row _builder_version=\u00a0\u00bb4.6.5&Prime; _module_preset=\u00a0\u00bbdefault\u00a0\u00bb hover_enabled=\u00a0\u00bb0&Prime; sticky_enabled=\u00a0\u00bb0&Prime;][et_pb_column type=\u00a0\u00bb4_4&Prime; _builder_version=\u00a0\u00bb4.6.5&Prime; _module_preset=\u00a0\u00bbdefault\u00a0\u00bb][et_pb_team_member name=\u00a0\u00bbGwena\u00ebl Morin\u00a0\u00bb position=\u00a0\u00bbMetteur en sc\u00e8ne, directeur artistique du Th\u00e9\u00e2tre Permanent\u00a0\u00bb image_url=\u00a0\u00bbhttps:\/\/gwenaelmorin.fr\/wp-content\/uploads\/2023\/01\/13X18-pour-300-dpi-copie.jpg\u00a0\u00bb _builder_version=\u00a0\u00bb4.6.5&Prime; _module_preset=\u00a0\u00bbdefault\u00a0\u00bb hover_enabled=\u00a0\u00bb0&Prime; title_text=\u00a0\u00bb13X18 pour 300 dpi copie\u00a0\u00bb sticky_enabled=\u00a0\u00bb0&Prime;] Gwena\u00ebl Morin suit une formation d\u2019architecte au cours de laquelle\u00a0 il commence une pratique de th\u00e9\u00e2tre amateur. En 1996, il devient assistant de Michel [&hellip;]","og_url":"https:\/\/theatrepermanent.fr\/index.php\/bio\/","og_site_name":"Gwena\u00ebl Morin","article_modified_time":"2023-01-09T10:21:08+00:00","twitter_card":"summary_large_image","twitter_misc":{"Dur\u00e9e de lecture estim\u00e9e":"3 minutes"},"schema":{"@context":"https:\/\/schema.org","@graph":[{"@type":"WebPage","@id":"https:\/\/theatrepermanent.fr\/index.php\/bio\/","url":"https:\/\/theatrepermanent.fr\/index.php\/bio\/","name":"BIO - Gwena\u00ebl Morin","isPartOf":{"@id":"https:\/\/theatrepermanent.fr\/#website"},"datePublished":"2022-02-07T13:26:16+00:00","dateModified":"2023-01-09T10:21:08+00:00","breadcrumb":{"@id":"https:\/\/theatrepermanent.fr\/index.php\/bio\/#breadcrumb"},"inLanguage":"fr-FR","potentialAction":[{"@type":"ReadAction","target":["https:\/\/theatrepermanent.fr\/index.php\/bio\/"]}]},{"@type":"BreadcrumbList","@id":"https:\/\/theatrepermanent.fr\/index.php\/bio\/#breadcrumb","itemListElement":[{"@type":"ListItem","position":1,"name":"Accueil","item":"https:\/\/theatrepermanent.fr\/"},{"@type":"ListItem","position":2,"name":"BIO"}]},{"@type":"WebSite","@id":"https:\/\/theatrepermanent.fr\/#website","url":"https:\/\/theatrepermanent.fr\/","name":"Gwena\u00ebl Morin","description":"SAS Th\u00e9\u00e2tre Permanent","potentialAction":[{"@type":"SearchAction","target":{"@type":"EntryPoint","urlTemplate":"https:\/\/theatrepermanent.fr\/?s={search_term_string}"},"query-input":"required name=search_term_string"}],"inLanguage":"fr-FR"}]}},"_links":{"self":[{"href":"https:\/\/theatrepermanent.fr\/index.php\/wp-json\/wp\/v2\/pages\/1745","targetHints":{"allow":["GET"]}}],"collection":[{"href":"https:\/\/theatrepermanent.fr\/index.php\/wp-json\/wp\/v2\/pages"}],"about":[{"href":"https:\/\/theatrepermanent.fr\/index.php\/wp-json\/wp\/v2\/types\/page"}],"author":[{"embeddable":true,"href":"https:\/\/theatrepermanent.fr\/index.php\/wp-json\/wp\/v2\/users\/1"}],"replies":[{"embeddable":true,"href":"https:\/\/theatrepermanent.fr\/index.php\/wp-json\/wp\/v2\/comments?post=1745"}],"version-history":[{"count":5,"href":"https:\/\/theatrepermanent.fr\/index.php\/wp-json\/wp\/v2\/pages\/1745\/revisions"}],"predecessor-version":[{"id":2190,"href":"https:\/\/theatrepermanent.fr\/index.php\/wp-json\/wp\/v2\/pages\/1745\/revisions\/2190"}],"wp:attachment":[{"href":"https:\/\/theatrepermanent.fr\/index.php\/wp-json\/wp\/v2\/media?parent=1745"}],"curies":[{"name":"wp","href":"https:\/\/api.w.org\/{rel}","templated":true}]}}