{"id":2191,"date":"2023-01-09T11:26:32","date_gmt":"2023-01-09T10:26:32","guid":{"rendered":"https:\/\/gwenaelmorin.fr\/?page_id=2191"},"modified":"2023-01-09T15:21:32","modified_gmt":"2023-01-09T14:21:32","slug":"theatre-permanent-lyon","status":"publish","type":"page","link":"https:\/\/theatrepermanent.fr\/index.php\/theatre-permanent-lyon\/","title":{"rendered":"TH\u00c9\u00c2TRE PERMANENT LYON"},"content":{"rendered":"<p>[et_pb_section fb_built=\u00a0\u00bb1&Prime; admin_label=\u00a0\u00bbsection\u00a0\u00bb _builder_version=\u00a0\u00bb3.22&Prime;][et_pb_row column_structure=\u00a0\u00bb1_2,1_2&Prime; admin_label=\u00a0\u00bbrow\u00a0\u00bb _builder_version=\u00a0\u00bb3.25&Prime; background_size=\u00a0\u00bbinitial\u00a0\u00bb background_position=\u00a0\u00bbtop_left\u00a0\u00bb background_repeat=\u00a0\u00bbrepeat\u00a0\u00bb][et_pb_column type=\u00a0\u00bb1_2&Prime; _builder_version=\u00a0\u00bb3.25&Prime; custom_padding=\u00a0\u00bb|||\u00a0\u00bb custom_padding__hover=\u00a0\u00bb|||\u00a0\u00bb][et_pb_text _builder_version=\u00a0\u00bb4.6.5&Prime; _module_preset=\u00a0\u00bbdefault\u00a0\u00bb hover_enabled=\u00a0\u00bb0&Prime; sticky_enabled=\u00a0\u00bb0&Prime;]<\/p>\n<h2>Spectacles\u00a0<\/h2>\n<p><a href=\"https:\/\/gwenaelmorin.fr\/index.php\/oedipe-a-colonne\/\">OEDIPE \u00c0 COLONNE<\/a>\u00a0cr\u00e9ation 2018<\/p>\n<p><a href=\"https:\/\/gwenaelmorin.fr\/index.php\/re-paradise-62\/\">RE-PARADISE<\/a> cr\u00e9ation 2018<\/p>\n<p><a href=\"https:\/\/gwenaelmorin.fr\/index.php\/andromaque-10\/\">ANDROMAQUE DANS LA CAVERNE<\/a> cr\u00e9ation 2018<\/p>\n<p><a href=\"https:\/\/gwenaelmorin.fr\/index.php\/george-dandin-7\/\">GEORGE DANDIN HORS DE LA CAVERNE<\/a> cr\u00e9ation 2018<\/p>\n<p><a href=\"https:\/\/gwenaelmorin.fr\/index.php\/hernani\/\">HERNANI<\/a> cr\u00e9ation 2017<\/p>\n<p>LES TRAG\u00c9DIES DE JUILLET\u00a0 cr\u00e9ation 2017<\/p>\n<p style=\"padding-left: 30px;\"><a href=\"https:\/\/gwenaelmorin.fr\/index.php\/iphigenie-chez-les-taures\/\">IPHIG\u00c9NIE CHEZ LES TAURES<\/a><\/p>\n<p style=\"padding-left: 30px;\"><a href=\"https:\/\/gwenaelmorin.fr\/index.php\/la-mort-dherakles\/\">LA MORT D&rsquo;H\u00c9RAKL\u00c8S<\/a><\/p>\n<p style=\"padding-left: 30px;\"><a href=\"https:\/\/gwenaelmorin.fr\/index.php\/les-exilees-8\/\">LES EXIL\u00c9ES<\/a><\/p>\n<p><a href=\"https:\/\/gwenaelmorin.fr\/index.php\/andromaque-19\/\">ANDROMAQUE \u00c0 HUIT<\/a> cr\u00e9ation 2017<\/p>\n<p>LES TRAG\u00c9DIES DE JUILLET\u00a0 cr\u00e9ation 2015<\/p>\n<p style=\"padding-left: 30px;\"><a href=\"https:\/\/gwenaelmorin.fr\/index.php\/electre\/\">ELECTRE<\/a><\/p>\n<p style=\"padding-left: 30px;\"><a href=\"https:\/\/gwenaelmorin.fr\/index.php\/oedipe\/\">OEDIPE<\/a><\/p>\n<p style=\"padding-left: 30px;\"><a href=\"https:\/\/gwenaelmorin.fr\/index.php\/ajax\/\">AJAX<\/a><\/p>\n<p><a href=\"https:\/\/gwenaelmorin.fr\/index.php\/othello\/\">OTHELLO<\/a> cr\u00e9ation 2015<\/p>\n<p><a href=\"https:\/\/gwenaelmorin.fr\/index.php\/macbeth\/\">MACBETH<\/a> cr\u00e9ation 2014<\/p>\n<p>LES MOLI\u00c8RE DE VITEZ cr\u00e9ation 2014<\/p>\n<p style=\"padding-left: 30px;\"><a href=\"https:\/\/gwenaelmorin.fr\/index.php\/lecole-des-femmes\/\">L&rsquo;\u00c9COLE DES FEMMES<\/a><\/p>\n<p style=\"padding-left: 30px;\"><a href=\"https:\/\/gwenaelmorin.fr\/index.php\/le-misanthrope\/\">LE MISANTHROPE<\/a><\/p>\n<p style=\"padding-left: 30px;\"><a href=\"https:\/\/gwenaelmorin.fr\/index.php\/tartuffe-2\/\">TARTUFFE<\/a><\/p>\n<p style=\"padding-left: 30px;\"><a href=\"https:\/\/gwenaelmorin.fr\/index.php\/don-juan\/\">DON JUAN<\/a><\/p>\n<p>&nbsp;<\/p>\n<p>[\/et_pb_text][\/et_pb_column][et_pb_column type=\u00a0\u00bb1_2&Prime; _builder_version=\u00a0\u00bb3.25&Prime; custom_padding=\u00a0\u00bb|||\u00a0\u00bb custom_padding__hover=\u00a0\u00bb|||\u00a0\u00bb][et_pb_text _builder_version=\u00a0\u00bb4.6.5&Prime; _module_preset=\u00a0\u00bbdefault\u00a0\u00bb]<\/p>\n<h3>Le journal<\/h3>\n<p><a href=\"https:\/\/gwenaelmorin.fr\/index.php\/le-journal\/\">De septembre 2013 \u00e0 juin 2014, chaque jour de repr\u00e9sentation publique un journal en relation avec le spectacle pr\u00e9sent\u00e9 \u00e9tait \u00e9dit\u00e9 et distribu\u00e9 gratuitement aux spectacteur.trices.<\/a><\/p>\n<p>[\/et_pb_text][\/et_pb_column][\/et_pb_row][\/et_pb_section]<\/p>\n","protected":false},"excerpt":{"rendered":"<p>[et_pb_section fb_built=\u00a0\u00bb1&Prime; admin_label=\u00a0\u00bbsection\u00a0\u00bb _builder_version=\u00a0\u00bb3.22&Prime;][et_pb_row column_structure=\u00a0\u00bb1_2,1_2&Prime; admin_label=\u00a0\u00bbrow\u00a0\u00bb _builder_version=\u00a0\u00bb3.25&Prime; background_size=\u00a0\u00bbinitial\u00a0\u00bb background_position=\u00a0\u00bbtop_left\u00a0\u00bb background_repeat=\u00a0\u00bbrepeat\u00a0\u00bb][et_pb_column type=\u00a0\u00bb1_2&Prime; _builder_version=\u00a0\u00bb3.25&Prime; custom_padding=\u00a0\u00bb|||\u00a0\u00bb custom_padding__hover=\u00a0\u00bb|||\u00a0\u00bb][et_pb_text _builder_version=\u00a0\u00bb4.6.5&Prime; _module_preset=\u00a0\u00bbdefault\u00a0\u00bb hover_enabled=\u00a0\u00bb0&Prime; sticky_enabled=\u00a0\u00bb0&Prime;] Spectacles\u00a0 OEDIPE \u00c0 COLONNE\u00a0cr\u00e9ation 2018 RE-PARADISE cr\u00e9ation 2018 ANDROMAQUE DANS LA CAVERNE cr\u00e9ation 2018 GEORGE DANDIN HORS DE LA CAVERNE cr\u00e9ation 2018 HERNANI cr\u00e9ation 2017 LES TRAG\u00c9DIES DE JUILLET\u00a0 cr\u00e9ation 2017 IPHIG\u00c9NIE CHEZ LES TAURES LA MORT [&hellip;]<\/p>\n","protected":false},"author":1,"featured_media":0,"parent":0,"menu_order":0,"comment_status":"closed","ping_status":"closed","template":"","meta":{"_et_pb_use_builder":"on","_et_pb_old_content":"","_et_gb_content_width":"","footnotes":""},"class_list":["post-2191","page","type-page","status-publish","hentry"],"yoast_head":"<!-- This site is optimized with the Yoast SEO plugin v19.13 - https:\/\/yoast.com\/wordpress\/plugins\/seo\/ -->\n<title>TH\u00c9\u00c2TRE PERMANENT LYON - Gwena\u00ebl Morin<\/title>\n<meta name=\"robots\" content=\"index, follow, max-snippet:-1, max-image-preview:large, max-video-preview:-1\" \/>\n<link rel=\"canonical\" href=\"https:\/\/theatrepermanent.fr\/index.php\/theatre-permanent-lyon\/\" \/>\n<meta property=\"og:locale\" content=\"fr_FR\" \/>\n<meta property=\"og:type\" content=\"article\" \/>\n<meta property=\"og:title\" content=\"TH\u00c9\u00c2TRE PERMANENT LYON - Gwena\u00ebl Morin\" \/>\n<meta property=\"og:description\" content=\"[et_pb_section fb_built=\u00a0\u00bb1&Prime; admin_label=\u00a0\u00bbsection\u00a0\u00bb _builder_version=\u00a0\u00bb3.22&Prime;][et_pb_row column_structure=\u00a0\u00bb1_2,1_2&Prime; admin_label=\u00a0\u00bbrow\u00a0\u00bb _builder_version=\u00a0\u00bb3.25&Prime; background_size=\u00a0\u00bbinitial\u00a0\u00bb background_position=\u00a0\u00bbtop_left\u00a0\u00bb background_repeat=\u00a0\u00bbrepeat\u00a0\u00bb][et_pb_column type=\u00a0\u00bb1_2&Prime; _builder_version=\u00a0\u00bb3.25&Prime; custom_padding=\u00a0\u00bb|||\u00a0\u00bb custom_padding__hover=\u00a0\u00bb|||\u00a0\u00bb][et_pb_text _builder_version=\u00a0\u00bb4.6.5&Prime; _module_preset=\u00a0\u00bbdefault\u00a0\u00bb hover_enabled=\u00a0\u00bb0&Prime; sticky_enabled=\u00a0\u00bb0&Prime;] Spectacles\u00a0 OEDIPE \u00c0 COLONNE\u00a0cr\u00e9ation 2018 RE-PARADISE cr\u00e9ation 2018 ANDROMAQUE DANS LA CAVERNE cr\u00e9ation 2018 GEORGE DANDIN HORS DE LA CAVERNE cr\u00e9ation 2018 HERNANI cr\u00e9ation 2017 LES TRAG\u00c9DIES DE JUILLET\u00a0 cr\u00e9ation 2017 IPHIG\u00c9NIE CHEZ LES TAURES LA MORT [&hellip;]\" \/>\n<meta property=\"og:url\" content=\"https:\/\/theatrepermanent.fr\/index.php\/theatre-permanent-lyon\/\" \/>\n<meta property=\"og:site_name\" content=\"Gwena\u00ebl Morin\" \/>\n<meta property=\"article:modified_time\" content=\"2023-01-09T14:21:32+00:00\" \/>\n<meta name=\"twitter:card\" content=\"summary_large_image\" \/>\n<meta name=\"twitter:label1\" content=\"Dur\u00e9e de lecture estim\u00e9e\" \/>\n\t<meta name=\"twitter:data1\" content=\"1 minute\" \/>\n<script type=\"application\/ld+json\" class=\"yoast-schema-graph\">{\"@context\":\"https:\/\/schema.org\",\"@graph\":[{\"@type\":\"WebPage\",\"@id\":\"https:\/\/theatrepermanent.fr\/index.php\/theatre-permanent-lyon\/\",\"url\":\"https:\/\/theatrepermanent.fr\/index.php\/theatre-permanent-lyon\/\",\"name\":\"TH\u00c9\u00c2TRE PERMANENT LYON - Gwena\u00ebl Morin\",\"isPartOf\":{\"@id\":\"https:\/\/theatrepermanent.fr\/#website\"},\"datePublished\":\"2023-01-09T10:26:32+00:00\",\"dateModified\":\"2023-01-09T14:21:32+00:00\",\"breadcrumb\":{\"@id\":\"https:\/\/theatrepermanent.fr\/index.php\/theatre-permanent-lyon\/#breadcrumb\"},\"inLanguage\":\"fr-FR\",\"potentialAction\":[{\"@type\":\"ReadAction\",\"target\":[\"https:\/\/theatrepermanent.fr\/index.php\/theatre-permanent-lyon\/\"]}]},{\"@type\":\"BreadcrumbList\",\"@id\":\"https:\/\/theatrepermanent.fr\/index.php\/theatre-permanent-lyon\/#breadcrumb\",\"itemListElement\":[{\"@type\":\"ListItem\",\"position\":1,\"name\":\"Accueil\",\"item\":\"https:\/\/theatrepermanent.fr\/\"},{\"@type\":\"ListItem\",\"position\":2,\"name\":\"TH\u00c9\u00c2TRE PERMANENT LYON\"}]},{\"@type\":\"WebSite\",\"@id\":\"https:\/\/theatrepermanent.fr\/#website\",\"url\":\"https:\/\/theatrepermanent.fr\/\",\"name\":\"Gwena\u00ebl Morin\",\"description\":\"SAS Th\u00e9\u00e2tre Permanent\",\"potentialAction\":[{\"@type\":\"SearchAction\",\"target\":{\"@type\":\"EntryPoint\",\"urlTemplate\":\"https:\/\/theatrepermanent.fr\/?s={search_term_string}\"},\"query-input\":\"required name=search_term_string\"}],\"inLanguage\":\"fr-FR\"}]}<\/script>\n<!-- \/ Yoast SEO plugin. -->","yoast_head_json":{"title":"TH\u00c9\u00c2TRE PERMANENT LYON - Gwena\u00ebl Morin","robots":{"index":"index","follow":"follow","max-snippet":"max-snippet:-1","max-image-preview":"max-image-preview:large","max-video-preview":"max-video-preview:-1"},"canonical":"https:\/\/theatrepermanent.fr\/index.php\/theatre-permanent-lyon\/","og_locale":"fr_FR","og_type":"article","og_title":"TH\u00c9\u00c2TRE PERMANENT LYON - Gwena\u00ebl Morin","og_description":"[et_pb_section fb_built=\u00a0\u00bb1&Prime; admin_label=\u00a0\u00bbsection\u00a0\u00bb _builder_version=\u00a0\u00bb3.22&Prime;][et_pb_row column_structure=\u00a0\u00bb1_2,1_2&Prime; admin_label=\u00a0\u00bbrow\u00a0\u00bb _builder_version=\u00a0\u00bb3.25&Prime; background_size=\u00a0\u00bbinitial\u00a0\u00bb background_position=\u00a0\u00bbtop_left\u00a0\u00bb background_repeat=\u00a0\u00bbrepeat\u00a0\u00bb][et_pb_column type=\u00a0\u00bb1_2&Prime; _builder_version=\u00a0\u00bb3.25&Prime; custom_padding=\u00a0\u00bb|||\u00a0\u00bb custom_padding__hover=\u00a0\u00bb|||\u00a0\u00bb][et_pb_text _builder_version=\u00a0\u00bb4.6.5&Prime; _module_preset=\u00a0\u00bbdefault\u00a0\u00bb hover_enabled=\u00a0\u00bb0&Prime; sticky_enabled=\u00a0\u00bb0&Prime;] Spectacles\u00a0 OEDIPE \u00c0 COLONNE\u00a0cr\u00e9ation 2018 RE-PARADISE cr\u00e9ation 2018 ANDROMAQUE DANS LA CAVERNE cr\u00e9ation 2018 GEORGE DANDIN HORS DE LA CAVERNE cr\u00e9ation 2018 HERNANI cr\u00e9ation 2017 LES TRAG\u00c9DIES DE JUILLET\u00a0 cr\u00e9ation 2017 IPHIG\u00c9NIE CHEZ LES TAURES LA MORT [&hellip;]","og_url":"https:\/\/theatrepermanent.fr\/index.php\/theatre-permanent-lyon\/","og_site_name":"Gwena\u00ebl Morin","article_modified_time":"2023-01-09T14:21:32+00:00","twitter_card":"summary_large_image","twitter_misc":{"Dur\u00e9e de lecture estim\u00e9e":"1 minute"},"schema":{"@context":"https:\/\/schema.org","@graph":[{"@type":"WebPage","@id":"https:\/\/theatrepermanent.fr\/index.php\/theatre-permanent-lyon\/","url":"https:\/\/theatrepermanent.fr\/index.php\/theatre-permanent-lyon\/","name":"TH\u00c9\u00c2TRE PERMANENT LYON - Gwena\u00ebl Morin","isPartOf":{"@id":"https:\/\/theatrepermanent.fr\/#website"},"datePublished":"2023-01-09T10:26:32+00:00","dateModified":"2023-01-09T14:21:32+00:00","breadcrumb":{"@id":"https:\/\/theatrepermanent.fr\/index.php\/theatre-permanent-lyon\/#breadcrumb"},"inLanguage":"fr-FR","potentialAction":[{"@type":"ReadAction","target":["https:\/\/theatrepermanent.fr\/index.php\/theatre-permanent-lyon\/"]}]},{"@type":"BreadcrumbList","@id":"https:\/\/theatrepermanent.fr\/index.php\/theatre-permanent-lyon\/#breadcrumb","itemListElement":[{"@type":"ListItem","position":1,"name":"Accueil","item":"https:\/\/theatrepermanent.fr\/"},{"@type":"ListItem","position":2,"name":"TH\u00c9\u00c2TRE PERMANENT LYON"}]},{"@type":"WebSite","@id":"https:\/\/theatrepermanent.fr\/#website","url":"https:\/\/theatrepermanent.fr\/","name":"Gwena\u00ebl Morin","description":"SAS Th\u00e9\u00e2tre Permanent","potentialAction":[{"@type":"SearchAction","target":{"@type":"EntryPoint","urlTemplate":"https:\/\/theatrepermanent.fr\/?s={search_term_string}"},"query-input":"required name=search_term_string"}],"inLanguage":"fr-FR"}]}},"_links":{"self":[{"href":"https:\/\/theatrepermanent.fr\/index.php\/wp-json\/wp\/v2\/pages\/2191","targetHints":{"allow":["GET"]}}],"collection":[{"href":"https:\/\/theatrepermanent.fr\/index.php\/wp-json\/wp\/v2\/pages"}],"about":[{"href":"https:\/\/theatrepermanent.fr\/index.php\/wp-json\/wp\/v2\/types\/page"}],"author":[{"embeddable":true,"href":"https:\/\/theatrepermanent.fr\/index.php\/wp-json\/wp\/v2\/users\/1"}],"replies":[{"embeddable":true,"href":"https:\/\/theatrepermanent.fr\/index.php\/wp-json\/wp\/v2\/comments?post=2191"}],"version-history":[{"count":4,"href":"https:\/\/theatrepermanent.fr\/index.php\/wp-json\/wp\/v2\/pages\/2191\/revisions"}],"predecessor-version":[{"id":2197,"href":"https:\/\/theatrepermanent.fr\/index.php\/wp-json\/wp\/v2\/pages\/2191\/revisions\/2197"}],"wp:attachment":[{"href":"https:\/\/theatrepermanent.fr\/index.php\/wp-json\/wp\/v2\/media?parent=2191"}],"curies":[{"name":"wp","href":"https:\/\/api.w.org\/{rel}","templated":true}]}}