{"id":2199,"date":"2023-07-11T12:42:23","date_gmt":"2023-07-11T10:42:23","guid":{"rendered":"https:\/\/gwenaelmorin.fr\/?page_id=2199"},"modified":"2023-07-11T15:24:33","modified_gmt":"2023-07-11T13:24:33","slug":"le-songe","status":"publish","type":"page","link":"https:\/\/theatrepermanent.fr\/index.php\/le-songe\/","title":{"rendered":"Le Songe"},"content":{"rendered":"<p>[et_pb_section fb_built=\u00a0\u00bb1&Prime; _builder_version=\u00a0\u00bb4.6.5&Prime; _module_preset=\u00a0\u00bbdefault\u00a0\u00bb][et_pb_row column_structure=\u00a0\u00bb2_5,3_5&Prime; _builder_version=\u00a0\u00bb4.6.5&Prime; _module_preset=\u00a0\u00bbdefault\u00a0\u00bb][et_pb_column type=\u00a0\u00bb2_5&Prime; _builder_version=\u00a0\u00bb4.6.5&Prime; _module_preset=\u00a0\u00bbdefault\u00a0\u00bb][et_pb_post_title meta=\u00a0\u00bboff\u00a0\u00bb featured_image=\u00a0\u00bboff\u00a0\u00bb _builder_version=\u00a0\u00bb4.6.5&Prime; _module_preset=\u00a0\u00bbdefault\u00a0\u00bb title_font=\u00a0\u00bb|||on|||||\u00a0\u00bb title_font_size=\u00a0\u00bb27px\u00a0\u00bb][\/et_pb_post_title][et_pb_text _builder_version=\u00a0\u00bb4.6.5&Prime; _module_preset=\u00a0\u00bbdefault\u00a0\u00bb hover_enabled=\u00a0\u00bb0&Prime; sticky_enabled=\u00a0\u00bb0&Prime;]<\/p>\n<p><span style=\"font-weight: 400;\">d&rsquo;apr\u00e8s <strong>William Shakespearre<\/strong><\/span><\/p>\n<p><span style=\"font-weight: 400;\">mise en sc\u00e8ne et sc\u00e9nographie\u00a0<\/span><b>Gwena\u00ebl Morin<\/b><\/p>\n<p>avec <b><span><strong>Virginie Colemyn, Julian Eggerickx, Jules Guittier, Barbara Jung, Gr\u00e9goire Monsaingeon, Nicolas Prosper<\/strong><\/span><\/b><\/p>\n<p>Dramaturgie <strong>Elsa Rooke<\/strong><br \/> Chor\u00e9graphie <strong>Cecilia Bengolea<\/strong><br \/> Cr\u00e9ation sonore <strong>Gr\u00e9goire Monsaingeon<\/strong><br \/> Lumi\u00e8re <strong>Philippe Gladieux<\/strong><br \/> Costumes <strong>Elsa Depardieu<\/strong><\/p>\n<p>R\u00e9gie g\u00e9n\u00e9rale <strong>Jules Guittier, Nicolas Prosper<\/strong><\/p>\n<p>&nbsp;<\/p>\n<p>Administration, production, diffusion <strong>Lison Bellanger, Emmanuelle Ossena,\u00a0<\/strong><strong>Charlotte Pesle Beal<\/strong> (EPOC productions)<\/p>\n<p>Production <strong>Compagnie Gwena\u00ebl Morin,\u00a0<\/strong><strong>Th\u00e9\u00e2tre permanent<\/strong><\/p>\n<p>Coproduction <strong>Festival d\u2019Avignon, Parc de\u00a0<\/strong><strong>La Villette (Paris), Th\u00e9\u00e2tre Garonne Sc\u00e8ne\u00a0<\/strong><strong>europ\u00e9enne (Toulouse), Spazio Culturale Natale\u00a0<\/strong><strong>Rochiccioli (Carg\u00e8se), Sc\u00e8ne nationale d\u2019AlbiTarn,\u00a0<\/strong><strong>Tap Sc\u00e8ne nationale de Poitiers, La\u00a0<\/strong><strong>Coursive\u00a0<\/strong><strong>Sc\u00e8ne nationale de\u00a0<\/strong><strong>La\u00a0<\/strong><strong>Rochelle, Le\u00a0<\/strong><strong>Parvis\u00a0<\/strong><strong>Sc\u00e8ne nationale de\u00a0<\/strong><strong>Tarbes, Espace\u00a0<\/strong><strong>Malraux\u00a0<\/strong><strong>Sc\u00e8ne nationale de\u00a0<\/strong><strong>Chamb\u00e9ry, Les Salins\u00a0<\/strong><strong>Sc\u00e8ne\u00a0<\/strong><strong>nationale de Martigues,\u00a0<\/strong><strong>L\u2019Empreinte\u00a0<\/strong><strong>Sc\u00e8ne\u00a0<\/strong><strong>nationale de\u00a0<\/strong><strong>Brive-Tulle\u00a0<\/strong><\/p>\n<p>Avec le\u00a0concours de <strong>Centre social\u00a0<\/strong><strong>Espace\u00a0<\/strong><strong>pluriel, Espace Social et Culturel Croix\u00a0<\/strong><strong>des\u00a0<\/strong><strong>Oiseaux et des associations du quartier\u00a0<\/strong><strong>de\u00a0<\/strong><strong>Saint-Chamand\u00a0<\/strong><strong>(Avignon)<\/strong><\/p>\n<p>R\u00e9sidence <strong>Maison Jean\u00a0<\/strong><strong>Vilar\u00a0<\/strong><strong>(Avignon)<\/strong><\/p>\n<p>cr\u00e9ation 2023 &#8211; <strong>disponible en tourn\u00e9e<\/strong><b><\/b><\/p>\n<p><strong><\/strong><\/p>\n<p><strong><span>Tourn\u00e9e 2023\/2024<\/span><\/strong><\/p>\n<p><span style=\"font-weight: 400;\"><strong>Du 27 septembre au 20 octobre 2023<\/strong><br \/> Grande Halle de la Villette, au Pavillon Villette (Paris)<\/span><\/p>\n<p><span style=\"font-weight: 400;\"><strong>19 et 20 mars 2024<\/strong><br \/> L\u2019Empreinte Sc\u00e8ne nationale de Brive-Tulle<\/span><\/p>\n<p><span style=\"font-weight: 400;\"><strong>21 novembre 2023<\/strong><br \/> Les Salins Sc\u00e8ne nationale de Martigues<\/span><\/p>\n<p><span style=\"font-weight: 400;\"><strong>29 mars 2024<\/strong><br \/> Spazio Culturale Natale Rochiccioli (Carg\u00e8se)<\/span><\/p>\n<p><span style=\"font-weight: 400;\"><strong>Du 28 novembre au 6 d\u00e9cembre 2023<\/strong><br \/> Th\u00e9\u00e2tre Public de Montreuil Centre dramatique national<\/span><\/p>\n<p><span style=\"font-weight: 400;\"><strong>3 et 4 avril 2024<\/strong><br \/> Th\u00e9\u00e2tre L\u2019Aire Libre (Saint-Jacques-de-la-Lande)<\/span><\/p>\n<p><span style=\"font-weight: 400;\"><strong>12, 13 et 14 d\u00e9cembre 2023<\/strong><br \/> La Coursive Sc\u00e8ne nationale de La Rochelle<\/span><\/p>\n<p><span style=\"font-weight: 400;\"><strong>19 et 20 d\u00e9cembre 2023<\/strong><br \/> Th\u00e9\u00e2tre de la Coupe d\u2019Or (Rochefort)<\/span><\/p>\n<p><span style=\"font-weight: 400;\"><strong>Du 10 au 18 janvier 2024<\/strong><br \/> Th\u00e9\u00e2tre Garonne Sc\u00e8ne europ\u00e9enne (Toulouse)<\/span><\/p>\n<p><span style=\"font-weight: 400;\"><strong>23 janvier 2023<\/strong><br \/> L\u2019Estive Sc\u00e8ne nationale de Foix et d\u2019Ari\u00e8ge<\/span><\/p>\n<p><span style=\"font-weight: 400;\"><strong>25 et 26 janvier 2024<\/strong><br \/> Le Parvis Sc\u00e8ne nationale Tarbes Pyr\u00e9n\u00e9es (Ibos)<\/span><\/p>\n<p><span style=\"font-weight: 400;\"><strong>31 janvier et 1<\/strong><strong>er\u00a0<\/strong><\/span><span style=\"font-weight: 400;\"><strong>f\u00e9vrier 2024<\/strong><br \/> Espace Malraux Sc\u00e8ne nationale de Chamb\u00e9ry<\/span><\/p>\n<p><span style=\"font-weight: 400;\"><strong>7 mars 2024<\/strong><br \/> Th\u00e9\u00e2tre de Bressuire<\/span><\/p>\n<p><span style=\"font-weight: 400;\"><strong>Du 12 au 14 mars 2024<\/strong><br \/> Tap Sc\u00e8ne nationale de Poitiers<\/span><\/p>\n<p>[\/et_pb_text][\/et_pb_column][et_pb_column type=\u00a0\u00bb3_5&Prime; _builder_version=\u00a0\u00bb4.6.5&Prime; _module_preset=\u00a0\u00bbdefault\u00a0\u00bb][modula_gallery gallery_select=\u00a0\u00bb2205&Prime; _builder_version=\u00a0\u00bb4.6.5&Prime; _module_preset=\u00a0\u00bbdefault\u00a0\u00bb hover_enabled=\u00a0\u00bb0&Prime; sticky_enabled=\u00a0\u00bb0&Prime;][\/modula_gallery][\/et_pb_column][\/et_pb_row][\/et_pb_section]<\/p>\n","protected":false},"excerpt":{"rendered":"<p>[et_pb_section fb_built=\u00a0\u00bb1&Prime; _builder_version=\u00a0\u00bb4.6.5&Prime; _module_preset=\u00a0\u00bbdefault\u00a0\u00bb][et_pb_row column_structure=\u00a0\u00bb2_5,3_5&Prime; _builder_version=\u00a0\u00bb4.6.5&Prime; _module_preset=\u00a0\u00bbdefault\u00a0\u00bb][et_pb_column type=\u00a0\u00bb2_5&Prime; _builder_version=\u00a0\u00bb4.6.5&Prime; _module_preset=\u00a0\u00bbdefault\u00a0\u00bb][et_pb_post_title meta=\u00a0\u00bboff\u00a0\u00bb featured_image=\u00a0\u00bboff\u00a0\u00bb _builder_version=\u00a0\u00bb4.6.5&Prime; _module_preset=\u00a0\u00bbdefault\u00a0\u00bb title_font=\u00a0\u00bb|||on|||||\u00a0\u00bb title_font_size=\u00a0\u00bb27px\u00a0\u00bb][\/et_pb_post_title][et_pb_text _builder_version=\u00a0\u00bb4.6.5&Prime; _module_preset=\u00a0\u00bbdefault\u00a0\u00bb hover_enabled=\u00a0\u00bb0&Prime; sticky_enabled=\u00a0\u00bb0&Prime;] d&rsquo;apr\u00e8s William Shakespearre mise en sc\u00e8ne et sc\u00e9nographie\u00a0Gwena\u00ebl Morin avec Virginie Colemyn, Julian Eggerickx, Jules Guittier, Barbara Jung, Gr\u00e9goire Monsaingeon, Nicolas Prosper Dramaturgie Elsa Rooke Chor\u00e9graphie Cecilia Bengolea Cr\u00e9ation sonore Gr\u00e9goire Monsaingeon Lumi\u00e8re Philippe Gladieux [&hellip;]<\/p>\n","protected":false},"author":1,"featured_media":0,"parent":0,"menu_order":0,"comment_status":"closed","ping_status":"closed","template":"","meta":{"_et_pb_use_builder":"on","_et_pb_old_content":"","_et_gb_content_width":"","footnotes":""},"class_list":["post-2199","page","type-page","status-publish","hentry"],"yoast_head":"<!-- This site is optimized with the Yoast SEO plugin v19.13 - https:\/\/yoast.com\/wordpress\/plugins\/seo\/ -->\n<title>Le Songe - Gwena\u00ebl Morin<\/title>\n<meta name=\"robots\" content=\"index, follow, max-snippet:-1, max-image-preview:large, max-video-preview:-1\" \/>\n<link rel=\"canonical\" href=\"https:\/\/theatrepermanent.fr\/index.php\/le-songe\/\" \/>\n<meta property=\"og:locale\" content=\"fr_FR\" \/>\n<meta property=\"og:type\" content=\"article\" \/>\n<meta property=\"og:title\" content=\"Le Songe - Gwena\u00ebl Morin\" \/>\n<meta property=\"og:description\" content=\"[et_pb_section fb_built=\u00a0\u00bb1&Prime; _builder_version=\u00a0\u00bb4.6.5&Prime; _module_preset=\u00a0\u00bbdefault\u00a0\u00bb][et_pb_row column_structure=\u00a0\u00bb2_5,3_5&Prime; _builder_version=\u00a0\u00bb4.6.5&Prime; _module_preset=\u00a0\u00bbdefault\u00a0\u00bb][et_pb_column type=\u00a0\u00bb2_5&Prime; _builder_version=\u00a0\u00bb4.6.5&Prime; _module_preset=\u00a0\u00bbdefault\u00a0\u00bb][et_pb_post_title meta=\u00a0\u00bboff\u00a0\u00bb featured_image=\u00a0\u00bboff\u00a0\u00bb _builder_version=\u00a0\u00bb4.6.5&Prime; _module_preset=\u00a0\u00bbdefault\u00a0\u00bb title_font=\u00a0\u00bb|||on|||||\u00a0\u00bb title_font_size=\u00a0\u00bb27px\u00a0\u00bb][\/et_pb_post_title][et_pb_text _builder_version=\u00a0\u00bb4.6.5&Prime; _module_preset=\u00a0\u00bbdefault\u00a0\u00bb hover_enabled=\u00a0\u00bb0&Prime; sticky_enabled=\u00a0\u00bb0&Prime;] d&rsquo;apr\u00e8s William Shakespearre mise en sc\u00e8ne et sc\u00e9nographie\u00a0Gwena\u00ebl Morin avec Virginie Colemyn, Julian Eggerickx, Jules Guittier, Barbara Jung, Gr\u00e9goire Monsaingeon, Nicolas Prosper Dramaturgie Elsa Rooke Chor\u00e9graphie Cecilia Bengolea Cr\u00e9ation sonore Gr\u00e9goire Monsaingeon Lumi\u00e8re Philippe Gladieux [&hellip;]\" \/>\n<meta property=\"og:url\" content=\"https:\/\/theatrepermanent.fr\/index.php\/le-songe\/\" \/>\n<meta property=\"og:site_name\" content=\"Gwena\u00ebl Morin\" \/>\n<meta property=\"article:modified_time\" content=\"2023-07-11T13:24:33+00:00\" \/>\n<meta name=\"twitter:card\" content=\"summary_large_image\" \/>\n<meta name=\"twitter:label1\" content=\"Dur\u00e9e de lecture estim\u00e9e\" \/>\n\t<meta name=\"twitter:data1\" content=\"2 minutes\" \/>\n<script type=\"application\/ld+json\" class=\"yoast-schema-graph\">{\"@context\":\"https:\/\/schema.org\",\"@graph\":[{\"@type\":\"WebPage\",\"@id\":\"https:\/\/theatrepermanent.fr\/index.php\/le-songe\/\",\"url\":\"https:\/\/theatrepermanent.fr\/index.php\/le-songe\/\",\"name\":\"Le Songe - Gwena\u00ebl Morin\",\"isPartOf\":{\"@id\":\"https:\/\/theatrepermanent.fr\/#website\"},\"datePublished\":\"2023-07-11T10:42:23+00:00\",\"dateModified\":\"2023-07-11T13:24:33+00:00\",\"breadcrumb\":{\"@id\":\"https:\/\/theatrepermanent.fr\/index.php\/le-songe\/#breadcrumb\"},\"inLanguage\":\"fr-FR\",\"potentialAction\":[{\"@type\":\"ReadAction\",\"target\":[\"https:\/\/theatrepermanent.fr\/index.php\/le-songe\/\"]}]},{\"@type\":\"BreadcrumbList\",\"@id\":\"https:\/\/theatrepermanent.fr\/index.php\/le-songe\/#breadcrumb\",\"itemListElement\":[{\"@type\":\"ListItem\",\"position\":1,\"name\":\"Accueil\",\"item\":\"https:\/\/theatrepermanent.fr\/\"},{\"@type\":\"ListItem\",\"position\":2,\"name\":\"Le Songe\"}]},{\"@type\":\"WebSite\",\"@id\":\"https:\/\/theatrepermanent.fr\/#website\",\"url\":\"https:\/\/theatrepermanent.fr\/\",\"name\":\"Gwena\u00ebl Morin\",\"description\":\"SAS Th\u00e9\u00e2tre Permanent\",\"potentialAction\":[{\"@type\":\"SearchAction\",\"target\":{\"@type\":\"EntryPoint\",\"urlTemplate\":\"https:\/\/theatrepermanent.fr\/?s={search_term_string}\"},\"query-input\":\"required name=search_term_string\"}],\"inLanguage\":\"fr-FR\"}]}<\/script>\n<!-- \/ Yoast SEO plugin. -->","yoast_head_json":{"title":"Le Songe - Gwena\u00ebl Morin","robots":{"index":"index","follow":"follow","max-snippet":"max-snippet:-1","max-image-preview":"max-image-preview:large","max-video-preview":"max-video-preview:-1"},"canonical":"https:\/\/theatrepermanent.fr\/index.php\/le-songe\/","og_locale":"fr_FR","og_type":"article","og_title":"Le Songe - Gwena\u00ebl Morin","og_description":"[et_pb_section fb_built=\u00a0\u00bb1&Prime; _builder_version=\u00a0\u00bb4.6.5&Prime; _module_preset=\u00a0\u00bbdefault\u00a0\u00bb][et_pb_row column_structure=\u00a0\u00bb2_5,3_5&Prime; _builder_version=\u00a0\u00bb4.6.5&Prime; _module_preset=\u00a0\u00bbdefault\u00a0\u00bb][et_pb_column type=\u00a0\u00bb2_5&Prime; _builder_version=\u00a0\u00bb4.6.5&Prime; _module_preset=\u00a0\u00bbdefault\u00a0\u00bb][et_pb_post_title meta=\u00a0\u00bboff\u00a0\u00bb featured_image=\u00a0\u00bboff\u00a0\u00bb _builder_version=\u00a0\u00bb4.6.5&Prime; _module_preset=\u00a0\u00bbdefault\u00a0\u00bb title_font=\u00a0\u00bb|||on|||||\u00a0\u00bb title_font_size=\u00a0\u00bb27px\u00a0\u00bb][\/et_pb_post_title][et_pb_text _builder_version=\u00a0\u00bb4.6.5&Prime; _module_preset=\u00a0\u00bbdefault\u00a0\u00bb hover_enabled=\u00a0\u00bb0&Prime; sticky_enabled=\u00a0\u00bb0&Prime;] d&rsquo;apr\u00e8s William Shakespearre mise en sc\u00e8ne et sc\u00e9nographie\u00a0Gwena\u00ebl Morin avec Virginie Colemyn, Julian Eggerickx, Jules Guittier, Barbara Jung, Gr\u00e9goire Monsaingeon, Nicolas Prosper Dramaturgie Elsa Rooke Chor\u00e9graphie Cecilia Bengolea Cr\u00e9ation sonore Gr\u00e9goire Monsaingeon Lumi\u00e8re Philippe Gladieux [&hellip;]","og_url":"https:\/\/theatrepermanent.fr\/index.php\/le-songe\/","og_site_name":"Gwena\u00ebl Morin","article_modified_time":"2023-07-11T13:24:33+00:00","twitter_card":"summary_large_image","twitter_misc":{"Dur\u00e9e de lecture estim\u00e9e":"2 minutes"},"schema":{"@context":"https:\/\/schema.org","@graph":[{"@type":"WebPage","@id":"https:\/\/theatrepermanent.fr\/index.php\/le-songe\/","url":"https:\/\/theatrepermanent.fr\/index.php\/le-songe\/","name":"Le Songe - Gwena\u00ebl Morin","isPartOf":{"@id":"https:\/\/theatrepermanent.fr\/#website"},"datePublished":"2023-07-11T10:42:23+00:00","dateModified":"2023-07-11T13:24:33+00:00","breadcrumb":{"@id":"https:\/\/theatrepermanent.fr\/index.php\/le-songe\/#breadcrumb"},"inLanguage":"fr-FR","potentialAction":[{"@type":"ReadAction","target":["https:\/\/theatrepermanent.fr\/index.php\/le-songe\/"]}]},{"@type":"BreadcrumbList","@id":"https:\/\/theatrepermanent.fr\/index.php\/le-songe\/#breadcrumb","itemListElement":[{"@type":"ListItem","position":1,"name":"Accueil","item":"https:\/\/theatrepermanent.fr\/"},{"@type":"ListItem","position":2,"name":"Le Songe"}]},{"@type":"WebSite","@id":"https:\/\/theatrepermanent.fr\/#website","url":"https:\/\/theatrepermanent.fr\/","name":"Gwena\u00ebl Morin","description":"SAS Th\u00e9\u00e2tre Permanent","potentialAction":[{"@type":"SearchAction","target":{"@type":"EntryPoint","urlTemplate":"https:\/\/theatrepermanent.fr\/?s={search_term_string}"},"query-input":"required name=search_term_string"}],"inLanguage":"fr-FR"}]}},"_links":{"self":[{"href":"https:\/\/theatrepermanent.fr\/index.php\/wp-json\/wp\/v2\/pages\/2199","targetHints":{"allow":["GET"]}}],"collection":[{"href":"https:\/\/theatrepermanent.fr\/index.php\/wp-json\/wp\/v2\/pages"}],"about":[{"href":"https:\/\/theatrepermanent.fr\/index.php\/wp-json\/wp\/v2\/types\/page"}],"author":[{"embeddable":true,"href":"https:\/\/theatrepermanent.fr\/index.php\/wp-json\/wp\/v2\/users\/1"}],"replies":[{"embeddable":true,"href":"https:\/\/theatrepermanent.fr\/index.php\/wp-json\/wp\/v2\/comments?post=2199"}],"version-history":[{"count":6,"href":"https:\/\/theatrepermanent.fr\/index.php\/wp-json\/wp\/v2\/pages\/2199\/revisions"}],"predecessor-version":[{"id":2215,"href":"https:\/\/theatrepermanent.fr\/index.php\/wp-json\/wp\/v2\/pages\/2199\/revisions\/2215"}],"wp:attachment":[{"href":"https:\/\/theatrepermanent.fr\/index.php\/wp-json\/wp\/v2\/media?parent=2199"}],"curies":[{"name":"wp","href":"https:\/\/api.w.org\/{rel}","templated":true}]}}