{"id":362,"date":"2022-01-12T13:00:44","date_gmt":"2022-01-12T12:00:44","guid":{"rendered":"https:\/\/gwenaelmorin.fr\/?page_id=362"},"modified":"2022-05-17T12:39:06","modified_gmt":"2022-05-17T10:39:06","slug":"uneo-uplusi-eurstrage-dies","status":"publish","type":"page","link":"https:\/\/theatrepermanent.fr\/index.php\/uneo-uplusi-eurstrage-dies\/","title":{"rendered":"UNEO UPLUSI EURSTRAG\u00c9 DIES"},"content":{"rendered":"<p>[et_pb_section fb_built=\u00a0\u00bb1&Prime; _builder_version=\u00a0\u00bb4.6.5&Prime; _module_preset=\u00a0\u00bbdefault\u00a0\u00bb][et_pb_row column_structure=\u00a0\u00bb2_5,3_5&Prime; _builder_version=\u00a0\u00bb4.6.5&Prime; _module_preset=\u00a0\u00bbdefault\u00a0\u00bb hover_enabled=\u00a0\u00bb0&Prime; sticky_enabled=\u00a0\u00bb0&Prime;][et_pb_column type=\u00a0\u00bb2_5&Prime; _builder_version=\u00a0\u00bb4.6.5&Prime; _module_preset=\u00a0\u00bbdefault\u00a0\u00bb][et_pb_post_title meta=\u00a0\u00bboff\u00a0\u00bb featured_image=\u00a0\u00bboff\u00a0\u00bb _builder_version=\u00a0\u00bb4.6.5&Prime; _module_preset=\u00a0\u00bbdefault\u00a0\u00bb title_font=\u00a0\u00bb|||on|||||\u00a0\u00bb title_font_size=\u00a0\u00bb27px\u00a0\u00bb][\/et_pb_post_title][et_pb_text _builder_version=\u00a0\u00bb4.6.5&Prime; _module_preset=\u00a0\u00bbdefault\u00a0\u00bb hover_enabled=\u00a0\u00bb0&Prime; sticky_enabled=\u00a0\u00bb0&Prime;]<\/p>\n<h3><span>AJAX ANTIGONE H<\/span>\u00c9RAKL\u00c8S<\/h3>\n<p><span>de\u00a0<\/span><strong>Sophocle<\/strong><\/p>\n<p><span>mise en sc\u00e8ne<\/span><strong><span>\u00a0<\/span>Gwena\u00ebl Morin<\/strong><span>\u00a0en collaboration avec\u00a0<\/span><strong>Barbara Jung<\/strong><br \/> <span>traduction\u00a0<\/span><strong>Ir\u00e8ne Bonnaud<\/strong><span>\u00a0avec\u00a0<\/span><strong>Malika Bastin-Hammou<\/strong><br \/> <span>direction du choeur\u00a0<\/span><strong>Barbara Jung<\/strong><br \/> <span>collaboration technique\u00a0<\/span><strong>Jules Guittier<\/strong><span>,\u00a0<\/span><strong>Nicolas Prosper<\/strong><\/p>\n<p><span>avec\u00a0<\/span><strong>Teddy Bogaert<\/strong><span>,\u00a0<\/span><strong>Lucie Brunet<\/strong><span>,<\/span><strong>Arthur Daniel<\/strong><span>,\u00a0<\/span><strong>Marion D\u00e9jardin<\/strong><span>,\u00a0<\/span><strong>Daphn\u00e9 Dumons<\/strong><span>,\u00a0<\/span><strong>Lola F\u00e9louzis<\/strong><span>,\u00a0<\/span><strong>Nicolas Le Bricquir<\/strong><span>,\u00a0<\/span><strong>Diego Mestanza<\/strong><span>,\u00a0<\/span><strong>Sophia Negri<\/strong><span>,\u00a0<\/span><strong>Remi Taffanel<\/strong><\/p>\n<p><span style=\"font-weight: 400;\">Coproduction\u00a0 Adami, Festival d\u2019Automne \u00e0 Paris en collaboration avec l\u2019Atelier de Paris \/ CDCN<\/span><\/p>\n<p><span style=\"font-weight: 400;\">La Compagnie Gwena\u00ebl Morin\/SAS Th\u00e9\u00e2tre permanent est conventionn\u00e9e par la DRAC Auvergne-Rh\u00f4ne-Alpes et re\u00e7oit le soutien de la Ville de Lyon.<\/span><\/p>\n<p>cr\u00e9ation 2019 &#8211; disponible en tourn\u00e9e<\/p>\n<p><span style=\"font-weight: 600;\">Dates de tourn\u00e9e 21\/22<\/span><\/p>\n<p><span style=\"font-weight: 600;\">BLOIS<\/span> <span style=\"font-weight: 400;\">&#8211;\u00a0 <\/span><a href=\"https:\/\/www.halleauxgrains.com\/site\/spectacles\/ajax-antigone-herakles\/\"><span style=\"font-weight: 400;\">La Halle aux Grains<\/span><\/a><span style=\"font-weight: 400;\"> &#8211; <\/span><b><i>23-26 f\u00e9vrier 2022<\/i><\/b><\/p>\n<p><span style=\"font-weight: 600;\">NANCY<\/span> <span style=\"font-weight: 400;\">&#8211; <\/span><a href=\"https:\/\/www.theatre-manufacture.fr\/spectacle\/uneo-uplusi-eurstrage-dies\/#tab3\"><span style=\"font-weight: 400;\">Th\u00e9\u00e2tre de la Manufacture &#8211; CDN Nancy Lorraine<\/span><\/a><span style=\"font-weight: 400;\"> &#8211; <\/span><b><i>3-7 mai 2022<\/i><\/b><\/p>\n<p><strong>\u00a0<\/strong><\/p>\n<p>[\/et_pb_text][et_pb_testimonial author=\u00a0\u00bbGwena\u00ebl Morin\u00a0\u00bb _builder_version=\u00a0\u00bb4.6.5&Prime; _module_preset=\u00a0\u00bbdefault\u00a0\u00bb]<\/p>\n<p><span>\u00ab J\u2019aime faire et refaire les m\u00eames pi\u00e8ces avec les m\u00eames ou avec d\u2019autres acteurs. Tout est \u00e0 r\u00e9inventer tout le temps. La vraie nouveaut\u00e9, la seule, la voil\u00e0 : c\u2019est\u00a0 nous-m\u00eame vivants qui ne cessons, au jour le jour, de nous transformer. Dionysos n\u2019est-il pas n\u00e9 deux fois ? Je monte les Trag\u00e9dies Grecques pour rena\u00eetre \u00e0 l\u2019infini \u00bb<\/span><\/p>\n<p>[\/et_pb_testimonial][et_pb_text _builder_version=\u00a0\u00bb4.6.5&Prime; _module_preset=\u00a0\u00bbdefault\u00a0\u00bb]<\/p>\n<h3>3 semaines de r\u00e9p\u00e9tition film\u00e9es<\/h3>\n<p>[\/et_pb_text][et_pb_video src=\u00a0\u00bbhttps:\/\/youtu.be\/4Zru1mynUTs\u00a0\u00bb _builder_version=\u00a0\u00bb4.6.5&Prime; _module_preset=\u00a0\u00bbdefault\u00a0\u00bb][\/et_pb_video][\/et_pb_column][et_pb_column type=\u00a0\u00bb3_5&Prime; _builder_version=\u00a0\u00bb4.6.5&Prime; _module_preset=\u00a0\u00bbdefault\u00a0\u00bb][modula_gallery gallery_select=\u00a0\u00bb376&Prime; _builder_version=\u00a0\u00bb4.6.5&Prime; _module_preset=\u00a0\u00bbdefault\u00a0\u00bb][\/modula_gallery][\/et_pb_column][\/et_pb_row][\/et_pb_section]<\/p>\n","protected":false},"excerpt":{"rendered":"<p>[et_pb_section fb_built=\u00a0\u00bb1&Prime; _builder_version=\u00a0\u00bb4.6.5&Prime; _module_preset=\u00a0\u00bbdefault\u00a0\u00bb][et_pb_row column_structure=\u00a0\u00bb2_5,3_5&Prime; _builder_version=\u00a0\u00bb4.6.5&Prime; _module_preset=\u00a0\u00bbdefault\u00a0\u00bb hover_enabled=\u00a0\u00bb0&Prime; sticky_enabled=\u00a0\u00bb0&Prime;][et_pb_column type=\u00a0\u00bb2_5&Prime; _builder_version=\u00a0\u00bb4.6.5&Prime; _module_preset=\u00a0\u00bbdefault\u00a0\u00bb][et_pb_post_title meta=\u00a0\u00bboff\u00a0\u00bb featured_image=\u00a0\u00bboff\u00a0\u00bb _builder_version=\u00a0\u00bb4.6.5&Prime; _module_preset=\u00a0\u00bbdefault\u00a0\u00bb title_font=\u00a0\u00bb|||on|||||\u00a0\u00bb title_font_size=\u00a0\u00bb27px\u00a0\u00bb][\/et_pb_post_title][et_pb_text _builder_version=\u00a0\u00bb4.6.5&Prime; _module_preset=\u00a0\u00bbdefault\u00a0\u00bb hover_enabled=\u00a0\u00bb0&Prime; sticky_enabled=\u00a0\u00bb0&Prime;] AJAX ANTIGONE H\u00c9RAKL\u00c8S de\u00a0Sophocle mise en sc\u00e8ne\u00a0Gwena\u00ebl Morin\u00a0en collaboration avec\u00a0Barbara Jung traduction\u00a0Ir\u00e8ne Bonnaud\u00a0avec\u00a0Malika Bastin-Hammou direction du choeur\u00a0Barbara Jung collaboration technique\u00a0Jules Guittier,\u00a0Nicolas Prosper avec\u00a0Teddy Bogaert,\u00a0Lucie Brunet,Arthur Daniel,\u00a0Marion D\u00e9jardin,\u00a0Daphn\u00e9 Dumons,\u00a0Lola F\u00e9louzis,\u00a0Nicolas Le Bricquir,\u00a0Diego Mestanza,\u00a0Sophia Negri,\u00a0Remi [&hellip;]<\/p>\n","protected":false},"author":1,"featured_media":0,"parent":0,"menu_order":0,"comment_status":"closed","ping_status":"closed","template":"","meta":{"_et_pb_use_builder":"on","_et_pb_old_content":"","_et_gb_content_width":"","footnotes":""},"class_list":["post-362","page","type-page","status-publish","hentry"],"yoast_head":"<!-- This site is optimized with the Yoast SEO plugin v19.13 - https:\/\/yoast.com\/wordpress\/plugins\/seo\/ -->\n<title>UNEO UPLUSI EURSTRAG\u00c9 DIES - Gwena\u00ebl Morin<\/title>\n<meta name=\"robots\" content=\"index, follow, max-snippet:-1, max-image-preview:large, max-video-preview:-1\" \/>\n<link rel=\"canonical\" href=\"https:\/\/theatrepermanent.fr\/index.php\/uneo-uplusi-eurstrage-dies\/\" \/>\n<meta property=\"og:locale\" content=\"fr_FR\" \/>\n<meta property=\"og:type\" content=\"article\" \/>\n<meta property=\"og:title\" content=\"UNEO UPLUSI EURSTRAG\u00c9 DIES - Gwena\u00ebl Morin\" \/>\n<meta property=\"og:description\" content=\"[et_pb_section fb_built=\u00a0\u00bb1&Prime; _builder_version=\u00a0\u00bb4.6.5&Prime; _module_preset=\u00a0\u00bbdefault\u00a0\u00bb][et_pb_row column_structure=\u00a0\u00bb2_5,3_5&Prime; _builder_version=\u00a0\u00bb4.6.5&Prime; _module_preset=\u00a0\u00bbdefault\u00a0\u00bb hover_enabled=\u00a0\u00bb0&Prime; sticky_enabled=\u00a0\u00bb0&Prime;][et_pb_column type=\u00a0\u00bb2_5&Prime; _builder_version=\u00a0\u00bb4.6.5&Prime; _module_preset=\u00a0\u00bbdefault\u00a0\u00bb][et_pb_post_title meta=\u00a0\u00bboff\u00a0\u00bb featured_image=\u00a0\u00bboff\u00a0\u00bb _builder_version=\u00a0\u00bb4.6.5&Prime; _module_preset=\u00a0\u00bbdefault\u00a0\u00bb title_font=\u00a0\u00bb|||on|||||\u00a0\u00bb title_font_size=\u00a0\u00bb27px\u00a0\u00bb][\/et_pb_post_title][et_pb_text _builder_version=\u00a0\u00bb4.6.5&Prime; _module_preset=\u00a0\u00bbdefault\u00a0\u00bb hover_enabled=\u00a0\u00bb0&Prime; sticky_enabled=\u00a0\u00bb0&Prime;] AJAX ANTIGONE H\u00c9RAKL\u00c8S de\u00a0Sophocle mise en sc\u00e8ne\u00a0Gwena\u00ebl Morin\u00a0en collaboration avec\u00a0Barbara Jung traduction\u00a0Ir\u00e8ne Bonnaud\u00a0avec\u00a0Malika Bastin-Hammou direction du choeur\u00a0Barbara Jung collaboration technique\u00a0Jules Guittier,\u00a0Nicolas Prosper avec\u00a0Teddy Bogaert,\u00a0Lucie Brunet,Arthur Daniel,\u00a0Marion D\u00e9jardin,\u00a0Daphn\u00e9 Dumons,\u00a0Lola F\u00e9louzis,\u00a0Nicolas Le Bricquir,\u00a0Diego Mestanza,\u00a0Sophia Negri,\u00a0Remi [&hellip;]\" \/>\n<meta property=\"og:url\" content=\"https:\/\/theatrepermanent.fr\/index.php\/uneo-uplusi-eurstrage-dies\/\" \/>\n<meta property=\"og:site_name\" content=\"Gwena\u00ebl Morin\" \/>\n<meta property=\"article:modified_time\" content=\"2022-05-17T10:39:06+00:00\" \/>\n<meta name=\"twitter:card\" content=\"summary_large_image\" \/>\n<meta name=\"twitter:label1\" content=\"Dur\u00e9e de lecture estim\u00e9e\" \/>\n\t<meta name=\"twitter:data1\" content=\"2 minutes\" \/>\n<script type=\"application\/ld+json\" class=\"yoast-schema-graph\">{\"@context\":\"https:\/\/schema.org\",\"@graph\":[{\"@type\":\"WebPage\",\"@id\":\"https:\/\/theatrepermanent.fr\/index.php\/uneo-uplusi-eurstrage-dies\/\",\"url\":\"https:\/\/theatrepermanent.fr\/index.php\/uneo-uplusi-eurstrage-dies\/\",\"name\":\"UNEO UPLUSI EURSTRAG\u00c9 DIES - Gwena\u00ebl Morin\",\"isPartOf\":{\"@id\":\"https:\/\/theatrepermanent.fr\/#website\"},\"datePublished\":\"2022-01-12T12:00:44+00:00\",\"dateModified\":\"2022-05-17T10:39:06+00:00\",\"breadcrumb\":{\"@id\":\"https:\/\/theatrepermanent.fr\/index.php\/uneo-uplusi-eurstrage-dies\/#breadcrumb\"},\"inLanguage\":\"fr-FR\",\"potentialAction\":[{\"@type\":\"ReadAction\",\"target\":[\"https:\/\/theatrepermanent.fr\/index.php\/uneo-uplusi-eurstrage-dies\/\"]}]},{\"@type\":\"BreadcrumbList\",\"@id\":\"https:\/\/theatrepermanent.fr\/index.php\/uneo-uplusi-eurstrage-dies\/#breadcrumb\",\"itemListElement\":[{\"@type\":\"ListItem\",\"position\":1,\"name\":\"Accueil\",\"item\":\"https:\/\/theatrepermanent.fr\/\"},{\"@type\":\"ListItem\",\"position\":2,\"name\":\"UNEO UPLUSI EURSTRAG\u00c9 DIES\"}]},{\"@type\":\"WebSite\",\"@id\":\"https:\/\/theatrepermanent.fr\/#website\",\"url\":\"https:\/\/theatrepermanent.fr\/\",\"name\":\"Gwena\u00ebl Morin\",\"description\":\"SAS Th\u00e9\u00e2tre Permanent\",\"potentialAction\":[{\"@type\":\"SearchAction\",\"target\":{\"@type\":\"EntryPoint\",\"urlTemplate\":\"https:\/\/theatrepermanent.fr\/?s={search_term_string}\"},\"query-input\":\"required name=search_term_string\"}],\"inLanguage\":\"fr-FR\"}]}<\/script>\n<!-- \/ Yoast SEO plugin. -->","yoast_head_json":{"title":"UNEO UPLUSI EURSTRAG\u00c9 DIES - Gwena\u00ebl Morin","robots":{"index":"index","follow":"follow","max-snippet":"max-snippet:-1","max-image-preview":"max-image-preview:large","max-video-preview":"max-video-preview:-1"},"canonical":"https:\/\/theatrepermanent.fr\/index.php\/uneo-uplusi-eurstrage-dies\/","og_locale":"fr_FR","og_type":"article","og_title":"UNEO UPLUSI EURSTRAG\u00c9 DIES - Gwena\u00ebl Morin","og_description":"[et_pb_section fb_built=\u00a0\u00bb1&Prime; _builder_version=\u00a0\u00bb4.6.5&Prime; _module_preset=\u00a0\u00bbdefault\u00a0\u00bb][et_pb_row column_structure=\u00a0\u00bb2_5,3_5&Prime; _builder_version=\u00a0\u00bb4.6.5&Prime; _module_preset=\u00a0\u00bbdefault\u00a0\u00bb hover_enabled=\u00a0\u00bb0&Prime; sticky_enabled=\u00a0\u00bb0&Prime;][et_pb_column type=\u00a0\u00bb2_5&Prime; _builder_version=\u00a0\u00bb4.6.5&Prime; _module_preset=\u00a0\u00bbdefault\u00a0\u00bb][et_pb_post_title meta=\u00a0\u00bboff\u00a0\u00bb featured_image=\u00a0\u00bboff\u00a0\u00bb _builder_version=\u00a0\u00bb4.6.5&Prime; _module_preset=\u00a0\u00bbdefault\u00a0\u00bb title_font=\u00a0\u00bb|||on|||||\u00a0\u00bb title_font_size=\u00a0\u00bb27px\u00a0\u00bb][\/et_pb_post_title][et_pb_text _builder_version=\u00a0\u00bb4.6.5&Prime; _module_preset=\u00a0\u00bbdefault\u00a0\u00bb hover_enabled=\u00a0\u00bb0&Prime; sticky_enabled=\u00a0\u00bb0&Prime;] AJAX ANTIGONE H\u00c9RAKL\u00c8S de\u00a0Sophocle mise en sc\u00e8ne\u00a0Gwena\u00ebl Morin\u00a0en collaboration avec\u00a0Barbara Jung traduction\u00a0Ir\u00e8ne Bonnaud\u00a0avec\u00a0Malika Bastin-Hammou direction du choeur\u00a0Barbara Jung collaboration technique\u00a0Jules Guittier,\u00a0Nicolas Prosper avec\u00a0Teddy Bogaert,\u00a0Lucie Brunet,Arthur Daniel,\u00a0Marion D\u00e9jardin,\u00a0Daphn\u00e9 Dumons,\u00a0Lola F\u00e9louzis,\u00a0Nicolas Le Bricquir,\u00a0Diego Mestanza,\u00a0Sophia Negri,\u00a0Remi [&hellip;]","og_url":"https:\/\/theatrepermanent.fr\/index.php\/uneo-uplusi-eurstrage-dies\/","og_site_name":"Gwena\u00ebl Morin","article_modified_time":"2022-05-17T10:39:06+00:00","twitter_card":"summary_large_image","twitter_misc":{"Dur\u00e9e de lecture estim\u00e9e":"2 minutes"},"schema":{"@context":"https:\/\/schema.org","@graph":[{"@type":"WebPage","@id":"https:\/\/theatrepermanent.fr\/index.php\/uneo-uplusi-eurstrage-dies\/","url":"https:\/\/theatrepermanent.fr\/index.php\/uneo-uplusi-eurstrage-dies\/","name":"UNEO UPLUSI EURSTRAG\u00c9 DIES - Gwena\u00ebl Morin","isPartOf":{"@id":"https:\/\/theatrepermanent.fr\/#website"},"datePublished":"2022-01-12T12:00:44+00:00","dateModified":"2022-05-17T10:39:06+00:00","breadcrumb":{"@id":"https:\/\/theatrepermanent.fr\/index.php\/uneo-uplusi-eurstrage-dies\/#breadcrumb"},"inLanguage":"fr-FR","potentialAction":[{"@type":"ReadAction","target":["https:\/\/theatrepermanent.fr\/index.php\/uneo-uplusi-eurstrage-dies\/"]}]},{"@type":"BreadcrumbList","@id":"https:\/\/theatrepermanent.fr\/index.php\/uneo-uplusi-eurstrage-dies\/#breadcrumb","itemListElement":[{"@type":"ListItem","position":1,"name":"Accueil","item":"https:\/\/theatrepermanent.fr\/"},{"@type":"ListItem","position":2,"name":"UNEO UPLUSI EURSTRAG\u00c9 DIES"}]},{"@type":"WebSite","@id":"https:\/\/theatrepermanent.fr\/#website","url":"https:\/\/theatrepermanent.fr\/","name":"Gwena\u00ebl Morin","description":"SAS Th\u00e9\u00e2tre Permanent","potentialAction":[{"@type":"SearchAction","target":{"@type":"EntryPoint","urlTemplate":"https:\/\/theatrepermanent.fr\/?s={search_term_string}"},"query-input":"required name=search_term_string"}],"inLanguage":"fr-FR"}]}},"_links":{"self":[{"href":"https:\/\/theatrepermanent.fr\/index.php\/wp-json\/wp\/v2\/pages\/362","targetHints":{"allow":["GET"]}}],"collection":[{"href":"https:\/\/theatrepermanent.fr\/index.php\/wp-json\/wp\/v2\/pages"}],"about":[{"href":"https:\/\/theatrepermanent.fr\/index.php\/wp-json\/wp\/v2\/types\/page"}],"author":[{"embeddable":true,"href":"https:\/\/theatrepermanent.fr\/index.php\/wp-json\/wp\/v2\/users\/1"}],"replies":[{"embeddable":true,"href":"https:\/\/theatrepermanent.fr\/index.php\/wp-json\/wp\/v2\/comments?post=362"}],"version-history":[{"count":19,"href":"https:\/\/theatrepermanent.fr\/index.php\/wp-json\/wp\/v2\/pages\/362\/revisions"}],"predecessor-version":[{"id":2018,"href":"https:\/\/theatrepermanent.fr\/index.php\/wp-json\/wp\/v2\/pages\/362\/revisions\/2018"}],"wp:attachment":[{"href":"https:\/\/theatrepermanent.fr\/index.php\/wp-json\/wp\/v2\/media?parent=362"}],"curies":[{"name":"wp","href":"https:\/\/api.w.org\/{rel}","templated":true}]}}