{"id":381,"date":"2022-01-12T13:04:29","date_gmt":"2022-01-12T12:04:29","guid":{"rendered":"https:\/\/gwenaelmorin.fr\/?page_id=381"},"modified":"2022-02-21T13:41:50","modified_gmt":"2022-02-21T12:41:50","slug":"andromaque-a-linfini","status":"publish","type":"page","link":"https:\/\/theatrepermanent.fr\/index.php\/andromaque-a-linfini\/","title":{"rendered":"ANDROMAQUE \u00c0 L&rsquo;INFINI"},"content":{"rendered":"<p>[et_pb_section fb_built=\u00a0\u00bb1&Prime; _builder_version=\u00a0\u00bb4.6.5&Prime; _module_preset=\u00a0\u00bbdefault\u00a0\u00bb][et_pb_row column_structure=\u00a0\u00bb2_5,3_5&Prime; _builder_version=\u00a0\u00bb4.6.5&Prime; _module_preset=\u00a0\u00bbdefault\u00a0\u00bb][et_pb_column type=\u00a0\u00bb2_5&Prime; _builder_version=\u00a0\u00bb4.6.5&Prime; _module_preset=\u00a0\u00bbdefault\u00a0\u00bb][et_pb_post_title meta=\u00a0\u00bboff\u00a0\u00bb featured_image=\u00a0\u00bboff\u00a0\u00bb _builder_version=\u00a0\u00bb4.6.5&Prime; _module_preset=\u00a0\u00bbdefault\u00a0\u00bb title_font=\u00a0\u00bb|||on|||||\u00a0\u00bb title_font_size=\u00a0\u00bb27px\u00a0\u00bb][\/et_pb_post_title][et_pb_text _builder_version=\u00a0\u00bb4.6.5&Prime; _module_preset=\u00a0\u00bbdefault\u00a0\u00bb]<\/p>\n<p><span style=\"font-weight: 400;\">d&rsquo;apr\u00e8s <em>Andromaque<\/em> de <strong>Jean Racine<\/strong><\/span><\/p>\n<p><span style=\"font-weight: 400;\">mise en sc\u00e8ne <\/span><b>Gwena\u00ebl Morin<\/b><\/p>\n<p>collaboration artistique<strong> Barbara Jung<\/strong><\/p>\n<p><span style=\"font-weight: 400;\">collaboration technique\u00a0<\/span><b>Jules Guittier<\/b><span style=\"font-weight: 400;\">\u00a0<\/span><\/p>\n<p><span style=\"font-weight: 400;\">avec <\/span><b>Sonia Hardoub<\/b><span style=\"font-weight: 400;\">*, <\/span><b>Mehdi Limam<\/b><span style=\"font-weight: 400;\">*, <\/span><b>Emika Maruta<\/b><span style=\"font-weight: 400;\">*<\/span><\/p>\n<p><span style=\"font-weight: 400;\">et <\/span><b>Barbara Jung<\/b><\/p>\n<p>cr\u00e9ation 2020 &#8211; <strong>disponible en tourn\u00e9e<\/strong><b><\/b><\/p>\n<p><span style=\"font-weight: 400;\"><\/span><\/p>\n<p><span style=\"font-weight: 600;\">Tourn\u00e9e 2021\/2022<\/span><\/p>\n<p><span style=\"font-weight: 600;\">VANDOEUVRE-L\u00c8S-NANCY<\/span> <span style=\"font-weight: 400;\">&#8211; <\/span><a href=\"https:\/\/centremalraux.com\/\"><span style=\"font-weight: 400;\">Centre culturel Andr\u00e9 Malraux <\/span><\/a><span style=\"font-weight: 400;\">&#8211; <\/span><b><i>21-26 mars 2022\u00a0<\/i><\/b><\/p>\n<p><span style=\"font-weight: 400;\"><\/span><\/p>\n<p><span><\/span><\/p>\n<p><span>*Acteurs et actrices\u00a0 issu\u2022e\u2022s du programme 1er\u00a0 Acte<\/span><\/p>\n<p><span style=\"font-size: 14px;\"><\/span><\/p>\n<p><span style=\"font-size: 14px;\">Cr\u00e9ation pour la Semaine\u00a0 d\u2019art en Avignon le 24 octobre 2020 (initialement\u00a0 pr\u00e9vue au Festival d\u2019Avignon 2020) Spectacle en itin\u00e9rance du 24 au 31 octobre dans la r\u00e9gion d\u2019Avignon<\/span><\/p>\n<p><span>Production Th\u00e9\u00e2tre Permanent\/Compagnie\u00a0 Gwena\u00ebl Morin, Festival d\u2019Avignon, Th\u00e9\u00e2tre National de Strasbourg<\/span><\/p>\n<p><span>Avec le soutien de la Fondation\u00a0 SNCF<\/span><\/p>\n<p><span>Avec l\u2019aide de l\u2019Od\u00e9on\u2013Th\u00e9\u00e2tre de l\u2019Europe et de RAMDAM, un centre d\u2019art<\/span><\/p>\n<p><span style=\"font-weight: 400;\">Le programme\u00a0 Ier\u00a0 Acte a \u00e9t\u00e9 initi\u00e9 par Stanislas Nordey en 2014 avec ses partenaires des Fondations Edmond de Rothschild et de la Fondation\u00a0 SNCF afin de promouvoir une plus grande diversit\u00e9 sur les plateaux de th\u00e9\u00e2tres.<\/span><\/p>\n<p><span style=\"font-weight: 400;\">En 2020, le TNS, avec le soutien de la Fondation SNCF, prolonge ce geste et s\u2019engage dans la cr\u00e9ation de formes professionnelles itin\u00e9rantes. <\/span><\/p>\n<p>[\/et_pb_text][et_pb_testimonial author=\u00a0\u00bbGwena\u00ebl Morin\u00a0\u00bb _builder_version=\u00a0\u00bb4.6.5&Prime; _module_preset=\u00a0\u00bbdefault\u00a0\u00bb]<\/p>\n<p><span style=\"font-weight: 400;\">Je crois que mon approche des textes classiques est tr\u00e8s \u00e9go\u00efste, j\u2019essaye surtout de ne pas m\u2019ennuyer en r\u00e9p\u00e9tition, de jouer toujours, ce qui me pr\u00e9serve de la tentation d\u2019expliquer ou de d\u00e9montrer. Je ne cherche pas plus \u00e0 simplifier ou \u00e0 \u00ab rendre accessible au plus grand nombre \u00bb, je n\u2019ai pas cette pr\u00e9tention, ou au contraire j\u2019ai la pr\u00e9tention \u00e0 moi seul \u00ab d\u2019\u00eatre le plus grand nombre \u00bb et si j\u2019aime ce que nous faisons en r\u00e9p\u00e9tition alors j\u2019ai envie de le montrer \u00e0 tout le monde.<\/span><\/p>\n<p>[\/et_pb_testimonial][\/et_pb_column][et_pb_column type=\u00a0\u00bb3_5&Prime; _builder_version=\u00a0\u00bb4.6.5&Prime; _module_preset=\u00a0\u00bbdefault\u00a0\u00bb][modula_gallery gallery_select=\u00a0\u00bb431&Prime; _builder_version=\u00a0\u00bb4.6.5&Prime; _module_preset=\u00a0\u00bbdefault\u00a0\u00bb][\/modula_gallery][\/et_pb_column][\/et_pb_row][\/et_pb_section]<\/p>\n","protected":false},"excerpt":{"rendered":"<p>[et_pb_section fb_built=\u00a0\u00bb1&Prime; _builder_version=\u00a0\u00bb4.6.5&Prime; _module_preset=\u00a0\u00bbdefault\u00a0\u00bb][et_pb_row column_structure=\u00a0\u00bb2_5,3_5&Prime; _builder_version=\u00a0\u00bb4.6.5&Prime; _module_preset=\u00a0\u00bbdefault\u00a0\u00bb][et_pb_column type=\u00a0\u00bb2_5&Prime; _builder_version=\u00a0\u00bb4.6.5&Prime; _module_preset=\u00a0\u00bbdefault\u00a0\u00bb][et_pb_post_title meta=\u00a0\u00bboff\u00a0\u00bb featured_image=\u00a0\u00bboff\u00a0\u00bb _builder_version=\u00a0\u00bb4.6.5&Prime; _module_preset=\u00a0\u00bbdefault\u00a0\u00bb title_font=\u00a0\u00bb|||on|||||\u00a0\u00bb title_font_size=\u00a0\u00bb27px\u00a0\u00bb][\/et_pb_post_title][et_pb_text _builder_version=\u00a0\u00bb4.6.5&Prime; _module_preset=\u00a0\u00bbdefault\u00a0\u00bb] d&rsquo;apr\u00e8s Andromaque de Jean Racine mise en sc\u00e8ne Gwena\u00ebl Morin collaboration artistique Barbara Jung collaboration technique\u00a0Jules Guittier\u00a0 avec Sonia Hardoub*, Mehdi Limam*, Emika Maruta* et Barbara Jung cr\u00e9ation 2020 &#8211; disponible en tourn\u00e9e Tourn\u00e9e 2021\/2022 VANDOEUVRE-L\u00c8S-NANCY &#8211; [&hellip;]<\/p>\n","protected":false},"author":1,"featured_media":0,"parent":0,"menu_order":0,"comment_status":"closed","ping_status":"closed","template":"","meta":{"_et_pb_use_builder":"on","_et_pb_old_content":"","_et_gb_content_width":"","footnotes":""},"class_list":["post-381","page","type-page","status-publish","hentry"],"yoast_head":"<!-- This site is optimized with the Yoast SEO plugin v19.13 - https:\/\/yoast.com\/wordpress\/plugins\/seo\/ -->\n<title>ANDROMAQUE \u00c0 L&#039;INFINI - Gwena\u00ebl Morin<\/title>\n<meta name=\"robots\" content=\"index, follow, max-snippet:-1, max-image-preview:large, max-video-preview:-1\" \/>\n<link rel=\"canonical\" href=\"https:\/\/theatrepermanent.fr\/index.php\/andromaque-a-linfini\/\" \/>\n<meta property=\"og:locale\" content=\"fr_FR\" \/>\n<meta property=\"og:type\" content=\"article\" \/>\n<meta property=\"og:title\" content=\"ANDROMAQUE \u00c0 L&#039;INFINI - Gwena\u00ebl Morin\" \/>\n<meta property=\"og:description\" content=\"[et_pb_section fb_built=\u00a0\u00bb1&Prime; _builder_version=\u00a0\u00bb4.6.5&Prime; _module_preset=\u00a0\u00bbdefault\u00a0\u00bb][et_pb_row column_structure=\u00a0\u00bb2_5,3_5&Prime; _builder_version=\u00a0\u00bb4.6.5&Prime; _module_preset=\u00a0\u00bbdefault\u00a0\u00bb][et_pb_column type=\u00a0\u00bb2_5&Prime; _builder_version=\u00a0\u00bb4.6.5&Prime; _module_preset=\u00a0\u00bbdefault\u00a0\u00bb][et_pb_post_title meta=\u00a0\u00bboff\u00a0\u00bb featured_image=\u00a0\u00bboff\u00a0\u00bb _builder_version=\u00a0\u00bb4.6.5&Prime; _module_preset=\u00a0\u00bbdefault\u00a0\u00bb title_font=\u00a0\u00bb|||on|||||\u00a0\u00bb title_font_size=\u00a0\u00bb27px\u00a0\u00bb][\/et_pb_post_title][et_pb_text _builder_version=\u00a0\u00bb4.6.5&Prime; _module_preset=\u00a0\u00bbdefault\u00a0\u00bb] d&rsquo;apr\u00e8s Andromaque de Jean Racine mise en sc\u00e8ne Gwena\u00ebl Morin collaboration artistique Barbara Jung collaboration technique\u00a0Jules Guittier\u00a0 avec Sonia Hardoub*, Mehdi Limam*, Emika Maruta* et Barbara Jung cr\u00e9ation 2020 &#8211; disponible en tourn\u00e9e Tourn\u00e9e 2021\/2022 VANDOEUVRE-L\u00c8S-NANCY &#8211; [&hellip;]\" \/>\n<meta property=\"og:url\" content=\"https:\/\/theatrepermanent.fr\/index.php\/andromaque-a-linfini\/\" \/>\n<meta property=\"og:site_name\" content=\"Gwena\u00ebl Morin\" \/>\n<meta property=\"article:modified_time\" content=\"2022-02-21T12:41:50+00:00\" \/>\n<meta name=\"twitter:card\" content=\"summary_large_image\" \/>\n<meta name=\"twitter:label1\" content=\"Dur\u00e9e de lecture estim\u00e9e\" \/>\n\t<meta name=\"twitter:data1\" content=\"2 minutes\" \/>\n<script type=\"application\/ld+json\" class=\"yoast-schema-graph\">{\"@context\":\"https:\/\/schema.org\",\"@graph\":[{\"@type\":\"WebPage\",\"@id\":\"https:\/\/theatrepermanent.fr\/index.php\/andromaque-a-linfini\/\",\"url\":\"https:\/\/theatrepermanent.fr\/index.php\/andromaque-a-linfini\/\",\"name\":\"ANDROMAQUE \u00c0 L'INFINI - Gwena\u00ebl Morin\",\"isPartOf\":{\"@id\":\"https:\/\/theatrepermanent.fr\/#website\"},\"datePublished\":\"2022-01-12T12:04:29+00:00\",\"dateModified\":\"2022-02-21T12:41:50+00:00\",\"breadcrumb\":{\"@id\":\"https:\/\/theatrepermanent.fr\/index.php\/andromaque-a-linfini\/#breadcrumb\"},\"inLanguage\":\"fr-FR\",\"potentialAction\":[{\"@type\":\"ReadAction\",\"target\":[\"https:\/\/theatrepermanent.fr\/index.php\/andromaque-a-linfini\/\"]}]},{\"@type\":\"BreadcrumbList\",\"@id\":\"https:\/\/theatrepermanent.fr\/index.php\/andromaque-a-linfini\/#breadcrumb\",\"itemListElement\":[{\"@type\":\"ListItem\",\"position\":1,\"name\":\"Accueil\",\"item\":\"https:\/\/theatrepermanent.fr\/\"},{\"@type\":\"ListItem\",\"position\":2,\"name\":\"ANDROMAQUE \u00c0 L&rsquo;INFINI\"}]},{\"@type\":\"WebSite\",\"@id\":\"https:\/\/theatrepermanent.fr\/#website\",\"url\":\"https:\/\/theatrepermanent.fr\/\",\"name\":\"Gwena\u00ebl Morin\",\"description\":\"SAS Th\u00e9\u00e2tre Permanent\",\"potentialAction\":[{\"@type\":\"SearchAction\",\"target\":{\"@type\":\"EntryPoint\",\"urlTemplate\":\"https:\/\/theatrepermanent.fr\/?s={search_term_string}\"},\"query-input\":\"required name=search_term_string\"}],\"inLanguage\":\"fr-FR\"}]}<\/script>\n<!-- \/ Yoast SEO plugin. -->","yoast_head_json":{"title":"ANDROMAQUE \u00c0 L'INFINI - Gwena\u00ebl Morin","robots":{"index":"index","follow":"follow","max-snippet":"max-snippet:-1","max-image-preview":"max-image-preview:large","max-video-preview":"max-video-preview:-1"},"canonical":"https:\/\/theatrepermanent.fr\/index.php\/andromaque-a-linfini\/","og_locale":"fr_FR","og_type":"article","og_title":"ANDROMAQUE \u00c0 L'INFINI - Gwena\u00ebl Morin","og_description":"[et_pb_section fb_built=\u00a0\u00bb1&Prime; _builder_version=\u00a0\u00bb4.6.5&Prime; _module_preset=\u00a0\u00bbdefault\u00a0\u00bb][et_pb_row column_structure=\u00a0\u00bb2_5,3_5&Prime; _builder_version=\u00a0\u00bb4.6.5&Prime; _module_preset=\u00a0\u00bbdefault\u00a0\u00bb][et_pb_column type=\u00a0\u00bb2_5&Prime; _builder_version=\u00a0\u00bb4.6.5&Prime; _module_preset=\u00a0\u00bbdefault\u00a0\u00bb][et_pb_post_title meta=\u00a0\u00bboff\u00a0\u00bb featured_image=\u00a0\u00bboff\u00a0\u00bb _builder_version=\u00a0\u00bb4.6.5&Prime; _module_preset=\u00a0\u00bbdefault\u00a0\u00bb title_font=\u00a0\u00bb|||on|||||\u00a0\u00bb title_font_size=\u00a0\u00bb27px\u00a0\u00bb][\/et_pb_post_title][et_pb_text _builder_version=\u00a0\u00bb4.6.5&Prime; _module_preset=\u00a0\u00bbdefault\u00a0\u00bb] d&rsquo;apr\u00e8s Andromaque de Jean Racine mise en sc\u00e8ne Gwena\u00ebl Morin collaboration artistique Barbara Jung collaboration technique\u00a0Jules Guittier\u00a0 avec Sonia Hardoub*, Mehdi Limam*, Emika Maruta* et Barbara Jung cr\u00e9ation 2020 &#8211; disponible en tourn\u00e9e Tourn\u00e9e 2021\/2022 VANDOEUVRE-L\u00c8S-NANCY &#8211; [&hellip;]","og_url":"https:\/\/theatrepermanent.fr\/index.php\/andromaque-a-linfini\/","og_site_name":"Gwena\u00ebl Morin","article_modified_time":"2022-02-21T12:41:50+00:00","twitter_card":"summary_large_image","twitter_misc":{"Dur\u00e9e de lecture estim\u00e9e":"2 minutes"},"schema":{"@context":"https:\/\/schema.org","@graph":[{"@type":"WebPage","@id":"https:\/\/theatrepermanent.fr\/index.php\/andromaque-a-linfini\/","url":"https:\/\/theatrepermanent.fr\/index.php\/andromaque-a-linfini\/","name":"ANDROMAQUE \u00c0 L'INFINI - Gwena\u00ebl Morin","isPartOf":{"@id":"https:\/\/theatrepermanent.fr\/#website"},"datePublished":"2022-01-12T12:04:29+00:00","dateModified":"2022-02-21T12:41:50+00:00","breadcrumb":{"@id":"https:\/\/theatrepermanent.fr\/index.php\/andromaque-a-linfini\/#breadcrumb"},"inLanguage":"fr-FR","potentialAction":[{"@type":"ReadAction","target":["https:\/\/theatrepermanent.fr\/index.php\/andromaque-a-linfini\/"]}]},{"@type":"BreadcrumbList","@id":"https:\/\/theatrepermanent.fr\/index.php\/andromaque-a-linfini\/#breadcrumb","itemListElement":[{"@type":"ListItem","position":1,"name":"Accueil","item":"https:\/\/theatrepermanent.fr\/"},{"@type":"ListItem","position":2,"name":"ANDROMAQUE \u00c0 L&rsquo;INFINI"}]},{"@type":"WebSite","@id":"https:\/\/theatrepermanent.fr\/#website","url":"https:\/\/theatrepermanent.fr\/","name":"Gwena\u00ebl Morin","description":"SAS Th\u00e9\u00e2tre Permanent","potentialAction":[{"@type":"SearchAction","target":{"@type":"EntryPoint","urlTemplate":"https:\/\/theatrepermanent.fr\/?s={search_term_string}"},"query-input":"required name=search_term_string"}],"inLanguage":"fr-FR"}]}},"_links":{"self":[{"href":"https:\/\/theatrepermanent.fr\/index.php\/wp-json\/wp\/v2\/pages\/381","targetHints":{"allow":["GET"]}}],"collection":[{"href":"https:\/\/theatrepermanent.fr\/index.php\/wp-json\/wp\/v2\/pages"}],"about":[{"href":"https:\/\/theatrepermanent.fr\/index.php\/wp-json\/wp\/v2\/types\/page"}],"author":[{"embeddable":true,"href":"https:\/\/theatrepermanent.fr\/index.php\/wp-json\/wp\/v2\/users\/1"}],"replies":[{"embeddable":true,"href":"https:\/\/theatrepermanent.fr\/index.php\/wp-json\/wp\/v2\/comments?post=381"}],"version-history":[{"count":10,"href":"https:\/\/theatrepermanent.fr\/index.php\/wp-json\/wp\/v2\/pages\/381\/revisions"}],"predecessor-version":[{"id":1954,"href":"https:\/\/theatrepermanent.fr\/index.php\/wp-json\/wp\/v2\/pages\/381\/revisions\/1954"}],"wp:attachment":[{"href":"https:\/\/theatrepermanent.fr\/index.php\/wp-json\/wp\/v2\/media?parent=381"}],"curies":[{"name":"wp","href":"https:\/\/api.w.org\/{rel}","templated":true}]}}