{"id":386,"date":"2022-01-12T13:06:14","date_gmt":"2022-01-12T12:06:14","guid":{"rendered":"https:\/\/gwenaelmorin.fr\/?page_id=386"},"modified":"2022-01-27T09:10:06","modified_gmt":"2022-01-27T08:10:06","slug":"re-paradise-62","status":"publish","type":"page","link":"https:\/\/theatrepermanent.fr\/index.php\/re-paradise-62\/","title":{"rendered":"RE-PARADISE"},"content":{"rendered":"<p>[et_pb_section fb_built=\u00a0\u00bb1&Prime; _builder_version=\u00a0\u00bb4.6.5&Prime; _module_preset=\u00a0\u00bbdefault\u00a0\u00bb][et_pb_row column_structure=\u00a0\u00bb2_5,3_5&Prime; _builder_version=\u00a0\u00bb4.6.5&Prime; _module_preset=\u00a0\u00bbdefault\u00a0\u00bb][et_pb_column type=\u00a0\u00bb2_5&Prime; _builder_version=\u00a0\u00bb4.6.5&Prime; _module_preset=\u00a0\u00bbdefault\u00a0\u00bb][et_pb_post_title meta=\u00a0\u00bboff\u00a0\u00bb featured_image=\u00a0\u00bboff\u00a0\u00bb _builder_version=\u00a0\u00bb4.6.5&Prime; _module_preset=\u00a0\u00bbdefault\u00a0\u00bb title_font=\u00a0\u00bb|||on|||||\u00a0\u00bb title_font_size=\u00a0\u00bb27px\u00a0\u00bb][\/et_pb_post_title][et_pb_text _builder_version=\u00a0\u00bb4.6.5&Prime; _module_preset=\u00a0\u00bbdefault\u00a0\u00bb hover_enabled=\u00a0\u00bb0&Prime; sticky_enabled=\u00a0\u00bb0&Prime;]<\/p>\n<div class=\"side marg15 left order-1\">\n<div class=\"infos\">\n<div class=\"border\">\n<p class=\"marg5 hyphens\">D&rsquo;apr\u00e8s <em><strong>Paradise Now<\/strong><\/em> du <strong>Living Theater<\/strong><\/p>\n<p>Mise en sc\u00e8ne\u00a0<strong><span itemprop=\"name\">Gwena\u00ebl Morin<\/span><\/strong><\/p>\n<div class=\"bold\">Avec <strong>Isabelle Angotti,\u00a0Luis Ayet Puigarnau, Ga\u00ebl Baron, Elsa Bouchain, Michael Comte, Anne de Queiroz, Giulia Deline, Vincent Deslandres, Jean-Charles Dumay, Julian Eggerickx, Jonathan Foussadier, Cecilia Gallea, Alyse Gaultier, Gabriel Gauthier, L\u00e9o Gobin, Jules Guittier, Barbara Jung, Manu Laskar, Victor Lenoble, Natacha Mend\u00e8s, Nicole Mersy Ortega, Elsa Michaud, Julien Michel, Viviana Moin, Olga Mouak, Perle Palombe, Gianfranco Poddighe, Ulysse Pujo, Lison Rault, Thierry Raynaud, Richard Sammut, Mayya Sanbar, Brahim Tekfa, Thomas Tressy, Gaetan Vourc\u2019h, Marc Zammit<\/strong><\/div>\n<div class=\"bold\"><strong><\/strong><\/div>\n<div class=\"bold\"><strong><\/strong><\/div>\n<div class=\"bold\"><strong><\/strong><\/div>\n<div class=\"bold\"><\/div>\n<div class=\"bold\" style=\"padding-left: 60px;\"><\/div>\n<div class=\"bold\"><\/div>\n<div class=\"bold\"><\/div>\n<p>cr\u00e9ation 2018<\/p>\n<\/div>\n<div class=\"border\"><\/div>\n<\/div>\n<\/div>\n<div class=\"side order-3\">\n<div class=\"dropdown\">\n<div>\n<div class=\"bold upper maincolor marg12 dropdown-link\"><\/div>\n<div class=\"dropdown-container\">\n<div class=\"col2\">\n<div class=\"nobreak\">\n<div class=\"inner\">\n<div><\/div>\n<\/div>\n<\/div>\n<\/div>\n<\/div>\n<\/div>\n<\/div>\n<\/div>\n<p>[\/et_pb_text][et_pb_testimonial author=\u00a0\u00bbGwena\u00ebl Morin\u00a0\u00bb _builder_version=\u00a0\u00bb4.6.5&Prime; _module_preset=\u00a0\u00bbdefault\u00a0\u00bb]<\/p>\n<p>J\u2019ai l\u2019intention pour mai 2018 de reprendre\u00a0<em>Paradise Now<\/em>. J\u2019ai l\u2019intention d\u2019utiliser pour cela le texte r\u00e9dig\u00e9 a posteriori par Julian Beck et Judith Malina (directeurs du Living Theater) qui d\u00e9crit les diff\u00e9rents moments de la pi\u00e8ce, leurs processus de mise en \u0153uvre et leurs soubassements dramaturgiques. J\u2019ai l\u2019intention d\u2019intituler cette reprise\u00a0<em>Re-Paradise<\/em>. Je voudrais r\u00e9activer le plus litt\u00e9ralement possible les formes anciennes contenues dans\u00a0<em>Paradise Now<\/em>\u00a0et mesurer le cas \u00e9ch\u00e9ant ce qu\u2019elles produisent encore ou ne produisent plus aujourd\u2019hui. Le paradis est l\u2019image d\u2019un monde sans violence.\u00a0<em>Paradise Now<\/em>\u00a0demande ce monde \u00ab maintenant \u00bb. \u00c0 l\u2019instar des trag\u00e9dies grecques antiques, cette pi\u00e8ce vise \u00e0 produire un effet cathartique en proposant des rites th\u00e9\u00e2traux pour s\u2019\u00e9manciper de la violence.<\/p>\n<p>[\/et_pb_testimonial][\/et_pb_column][et_pb_column type=\u00a0\u00bb3_5&Prime; _builder_version=\u00a0\u00bb4.6.5&Prime; _module_preset=\u00a0\u00bbdefault\u00a0\u00bb][modula_gallery gallery_select=\u00a0\u00bb483&Prime; _builder_version=\u00a0\u00bb4.6.5&Prime; _module_preset=\u00a0\u00bbdefault\u00a0\u00bb][\/modula_gallery][\/et_pb_column][\/et_pb_row][\/et_pb_section]<\/p>\n","protected":false},"excerpt":{"rendered":"<p>[et_pb_section fb_built=\u00a0\u00bb1&Prime; _builder_version=\u00a0\u00bb4.6.5&Prime; _module_preset=\u00a0\u00bbdefault\u00a0\u00bb][et_pb_row column_structure=\u00a0\u00bb2_5,3_5&Prime; _builder_version=\u00a0\u00bb4.6.5&Prime; _module_preset=\u00a0\u00bbdefault\u00a0\u00bb][et_pb_column type=\u00a0\u00bb2_5&Prime; _builder_version=\u00a0\u00bb4.6.5&Prime; _module_preset=\u00a0\u00bbdefault\u00a0\u00bb][et_pb_post_title meta=\u00a0\u00bboff\u00a0\u00bb featured_image=\u00a0\u00bboff\u00a0\u00bb _builder_version=\u00a0\u00bb4.6.5&Prime; _module_preset=\u00a0\u00bbdefault\u00a0\u00bb title_font=\u00a0\u00bb|||on|||||\u00a0\u00bb title_font_size=\u00a0\u00bb27px\u00a0\u00bb][\/et_pb_post_title][et_pb_text _builder_version=\u00a0\u00bb4.6.5&Prime; _module_preset=\u00a0\u00bbdefault\u00a0\u00bb hover_enabled=\u00a0\u00bb0&Prime; sticky_enabled=\u00a0\u00bb0&Prime;] D&rsquo;apr\u00e8s Paradise Now du Living Theater Mise en sc\u00e8ne\u00a0Gwena\u00ebl Morin Avec Isabelle Angotti,\u00a0Luis Ayet Puigarnau, Ga\u00ebl Baron, Elsa Bouchain, Michael Comte, Anne de Queiroz, Giulia Deline, Vincent Deslandres, Jean-Charles Dumay, Julian Eggerickx, Jonathan Foussadier, Cecilia [&hellip;]<\/p>\n","protected":false},"author":1,"featured_media":0,"parent":0,"menu_order":0,"comment_status":"closed","ping_status":"closed","template":"","meta":{"_et_pb_use_builder":"on","_et_pb_old_content":"<!-- wp:divi\/placeholder \/-->","_et_gb_content_width":"","footnotes":""},"class_list":["post-386","page","type-page","status-publish","hentry"],"yoast_head":"<!-- This site is optimized with the Yoast SEO plugin v19.13 - https:\/\/yoast.com\/wordpress\/plugins\/seo\/ -->\n<title>RE-PARADISE - Gwena\u00ebl Morin<\/title>\n<meta name=\"robots\" content=\"index, follow, max-snippet:-1, max-image-preview:large, max-video-preview:-1\" \/>\n<link rel=\"canonical\" href=\"https:\/\/theatrepermanent.fr\/index.php\/re-paradise-62\/\" \/>\n<meta property=\"og:locale\" content=\"fr_FR\" \/>\n<meta property=\"og:type\" content=\"article\" \/>\n<meta property=\"og:title\" content=\"RE-PARADISE - Gwena\u00ebl Morin\" \/>\n<meta property=\"og:description\" content=\"[et_pb_section fb_built=\u00a0\u00bb1&Prime; _builder_version=\u00a0\u00bb4.6.5&Prime; _module_preset=\u00a0\u00bbdefault\u00a0\u00bb][et_pb_row column_structure=\u00a0\u00bb2_5,3_5&Prime; _builder_version=\u00a0\u00bb4.6.5&Prime; _module_preset=\u00a0\u00bbdefault\u00a0\u00bb][et_pb_column type=\u00a0\u00bb2_5&Prime; _builder_version=\u00a0\u00bb4.6.5&Prime; _module_preset=\u00a0\u00bbdefault\u00a0\u00bb][et_pb_post_title meta=\u00a0\u00bboff\u00a0\u00bb featured_image=\u00a0\u00bboff\u00a0\u00bb _builder_version=\u00a0\u00bb4.6.5&Prime; _module_preset=\u00a0\u00bbdefault\u00a0\u00bb title_font=\u00a0\u00bb|||on|||||\u00a0\u00bb title_font_size=\u00a0\u00bb27px\u00a0\u00bb][\/et_pb_post_title][et_pb_text _builder_version=\u00a0\u00bb4.6.5&Prime; _module_preset=\u00a0\u00bbdefault\u00a0\u00bb hover_enabled=\u00a0\u00bb0&Prime; sticky_enabled=\u00a0\u00bb0&Prime;] D&rsquo;apr\u00e8s Paradise Now du Living Theater Mise en sc\u00e8ne\u00a0Gwena\u00ebl Morin Avec Isabelle Angotti,\u00a0Luis Ayet Puigarnau, Ga\u00ebl Baron, Elsa Bouchain, Michael Comte, Anne de Queiroz, Giulia Deline, Vincent Deslandres, Jean-Charles Dumay, Julian Eggerickx, Jonathan Foussadier, Cecilia [&hellip;]\" \/>\n<meta property=\"og:url\" content=\"https:\/\/theatrepermanent.fr\/index.php\/re-paradise-62\/\" \/>\n<meta property=\"og:site_name\" content=\"Gwena\u00ebl Morin\" \/>\n<meta property=\"article:modified_time\" content=\"2022-01-27T08:10:06+00:00\" \/>\n<meta name=\"twitter:card\" content=\"summary_large_image\" \/>\n<meta name=\"twitter:label1\" content=\"Dur\u00e9e de lecture estim\u00e9e\" \/>\n\t<meta name=\"twitter:data1\" content=\"2 minutes\" \/>\n<script type=\"application\/ld+json\" class=\"yoast-schema-graph\">{\"@context\":\"https:\/\/schema.org\",\"@graph\":[{\"@type\":\"WebPage\",\"@id\":\"https:\/\/theatrepermanent.fr\/index.php\/re-paradise-62\/\",\"url\":\"https:\/\/theatrepermanent.fr\/index.php\/re-paradise-62\/\",\"name\":\"RE-PARADISE - Gwena\u00ebl Morin\",\"isPartOf\":{\"@id\":\"https:\/\/theatrepermanent.fr\/#website\"},\"datePublished\":\"2022-01-12T12:06:14+00:00\",\"dateModified\":\"2022-01-27T08:10:06+00:00\",\"breadcrumb\":{\"@id\":\"https:\/\/theatrepermanent.fr\/index.php\/re-paradise-62\/#breadcrumb\"},\"inLanguage\":\"fr-FR\",\"potentialAction\":[{\"@type\":\"ReadAction\",\"target\":[\"https:\/\/theatrepermanent.fr\/index.php\/re-paradise-62\/\"]}]},{\"@type\":\"BreadcrumbList\",\"@id\":\"https:\/\/theatrepermanent.fr\/index.php\/re-paradise-62\/#breadcrumb\",\"itemListElement\":[{\"@type\":\"ListItem\",\"position\":1,\"name\":\"Accueil\",\"item\":\"https:\/\/theatrepermanent.fr\/\"},{\"@type\":\"ListItem\",\"position\":2,\"name\":\"RE-PARADISE\"}]},{\"@type\":\"WebSite\",\"@id\":\"https:\/\/theatrepermanent.fr\/#website\",\"url\":\"https:\/\/theatrepermanent.fr\/\",\"name\":\"Gwena\u00ebl Morin\",\"description\":\"SAS Th\u00e9\u00e2tre Permanent\",\"potentialAction\":[{\"@type\":\"SearchAction\",\"target\":{\"@type\":\"EntryPoint\",\"urlTemplate\":\"https:\/\/theatrepermanent.fr\/?s={search_term_string}\"},\"query-input\":\"required name=search_term_string\"}],\"inLanguage\":\"fr-FR\"}]}<\/script>\n<!-- \/ Yoast SEO plugin. -->","yoast_head_json":{"title":"RE-PARADISE - Gwena\u00ebl Morin","robots":{"index":"index","follow":"follow","max-snippet":"max-snippet:-1","max-image-preview":"max-image-preview:large","max-video-preview":"max-video-preview:-1"},"canonical":"https:\/\/theatrepermanent.fr\/index.php\/re-paradise-62\/","og_locale":"fr_FR","og_type":"article","og_title":"RE-PARADISE - Gwena\u00ebl Morin","og_description":"[et_pb_section fb_built=\u00a0\u00bb1&Prime; _builder_version=\u00a0\u00bb4.6.5&Prime; _module_preset=\u00a0\u00bbdefault\u00a0\u00bb][et_pb_row column_structure=\u00a0\u00bb2_5,3_5&Prime; _builder_version=\u00a0\u00bb4.6.5&Prime; _module_preset=\u00a0\u00bbdefault\u00a0\u00bb][et_pb_column type=\u00a0\u00bb2_5&Prime; _builder_version=\u00a0\u00bb4.6.5&Prime; _module_preset=\u00a0\u00bbdefault\u00a0\u00bb][et_pb_post_title meta=\u00a0\u00bboff\u00a0\u00bb featured_image=\u00a0\u00bboff\u00a0\u00bb _builder_version=\u00a0\u00bb4.6.5&Prime; _module_preset=\u00a0\u00bbdefault\u00a0\u00bb title_font=\u00a0\u00bb|||on|||||\u00a0\u00bb title_font_size=\u00a0\u00bb27px\u00a0\u00bb][\/et_pb_post_title][et_pb_text _builder_version=\u00a0\u00bb4.6.5&Prime; _module_preset=\u00a0\u00bbdefault\u00a0\u00bb hover_enabled=\u00a0\u00bb0&Prime; sticky_enabled=\u00a0\u00bb0&Prime;] D&rsquo;apr\u00e8s Paradise Now du Living Theater Mise en sc\u00e8ne\u00a0Gwena\u00ebl Morin Avec Isabelle Angotti,\u00a0Luis Ayet Puigarnau, Ga\u00ebl Baron, Elsa Bouchain, Michael Comte, Anne de Queiroz, Giulia Deline, Vincent Deslandres, Jean-Charles Dumay, Julian Eggerickx, Jonathan Foussadier, Cecilia [&hellip;]","og_url":"https:\/\/theatrepermanent.fr\/index.php\/re-paradise-62\/","og_site_name":"Gwena\u00ebl Morin","article_modified_time":"2022-01-27T08:10:06+00:00","twitter_card":"summary_large_image","twitter_misc":{"Dur\u00e9e de lecture estim\u00e9e":"2 minutes"},"schema":{"@context":"https:\/\/schema.org","@graph":[{"@type":"WebPage","@id":"https:\/\/theatrepermanent.fr\/index.php\/re-paradise-62\/","url":"https:\/\/theatrepermanent.fr\/index.php\/re-paradise-62\/","name":"RE-PARADISE - Gwena\u00ebl Morin","isPartOf":{"@id":"https:\/\/theatrepermanent.fr\/#website"},"datePublished":"2022-01-12T12:06:14+00:00","dateModified":"2022-01-27T08:10:06+00:00","breadcrumb":{"@id":"https:\/\/theatrepermanent.fr\/index.php\/re-paradise-62\/#breadcrumb"},"inLanguage":"fr-FR","potentialAction":[{"@type":"ReadAction","target":["https:\/\/theatrepermanent.fr\/index.php\/re-paradise-62\/"]}]},{"@type":"BreadcrumbList","@id":"https:\/\/theatrepermanent.fr\/index.php\/re-paradise-62\/#breadcrumb","itemListElement":[{"@type":"ListItem","position":1,"name":"Accueil","item":"https:\/\/theatrepermanent.fr\/"},{"@type":"ListItem","position":2,"name":"RE-PARADISE"}]},{"@type":"WebSite","@id":"https:\/\/theatrepermanent.fr\/#website","url":"https:\/\/theatrepermanent.fr\/","name":"Gwena\u00ebl Morin","description":"SAS Th\u00e9\u00e2tre Permanent","potentialAction":[{"@type":"SearchAction","target":{"@type":"EntryPoint","urlTemplate":"https:\/\/theatrepermanent.fr\/?s={search_term_string}"},"query-input":"required name=search_term_string"}],"inLanguage":"fr-FR"}]}},"_links":{"self":[{"href":"https:\/\/theatrepermanent.fr\/index.php\/wp-json\/wp\/v2\/pages\/386","targetHints":{"allow":["GET"]}}],"collection":[{"href":"https:\/\/theatrepermanent.fr\/index.php\/wp-json\/wp\/v2\/pages"}],"about":[{"href":"https:\/\/theatrepermanent.fr\/index.php\/wp-json\/wp\/v2\/types\/page"}],"author":[{"embeddable":true,"href":"https:\/\/theatrepermanent.fr\/index.php\/wp-json\/wp\/v2\/users\/1"}],"replies":[{"embeddable":true,"href":"https:\/\/theatrepermanent.fr\/index.php\/wp-json\/wp\/v2\/comments?post=386"}],"version-history":[{"count":6,"href":"https:\/\/theatrepermanent.fr\/index.php\/wp-json\/wp\/v2\/pages\/386\/revisions"}],"predecessor-version":[{"id":866,"href":"https:\/\/theatrepermanent.fr\/index.php\/wp-json\/wp\/v2\/pages\/386\/revisions\/866"}],"wp:attachment":[{"href":"https:\/\/theatrepermanent.fr\/index.php\/wp-json\/wp\/v2\/media?parent=386"}],"curies":[{"name":"wp","href":"https:\/\/api.w.org\/{rel}","templated":true}]}}