{"id":420,"date":"2022-01-17T09:54:20","date_gmt":"2022-01-17T08:54:20","guid":{"rendered":"https:\/\/gwenaelmorin.fr\/?page_id=420"},"modified":"2022-01-27T10:48:50","modified_gmt":"2022-01-27T09:48:50","slug":"lorenzaccio","status":"publish","type":"page","link":"https:\/\/theatrepermanent.fr\/index.php\/lorenzaccio\/","title":{"rendered":"LORENZACCIO D&rsquo;APR\u00c8S LORENZACCIO DE MUSSET"},"content":{"rendered":"<p>[et_pb_section fb_built=\u00a0\u00bb1&Prime; _builder_version=\u00a0\u00bb4.6.5&Prime; _module_preset=\u00a0\u00bbdefault\u00a0\u00bb][et_pb_row column_structure=\u00a0\u00bb2_5,3_5&Prime; _builder_version=\u00a0\u00bb4.6.5&Prime; _module_preset=\u00a0\u00bbdefault\u00a0\u00bb][et_pb_column type=\u00a0\u00bb2_5&Prime; _builder_version=\u00a0\u00bb4.6.5&Prime; _module_preset=\u00a0\u00bbdefault\u00a0\u00bb][et_pb_post_title meta=\u00a0\u00bboff\u00a0\u00bb featured_image=\u00a0\u00bboff\u00a0\u00bb _builder_version=\u00a0\u00bb4.6.5&Prime; _module_preset=\u00a0\u00bbdefault\u00a0\u00bb title_font=\u00a0\u00bb|||on|||||\u00a0\u00bb title_font_size=\u00a0\u00bb27px\u00a0\u00bb][\/et_pb_post_title][et_pb_text _builder_version=\u00a0\u00bb4.6.5&Prime; _module_preset=\u00a0\u00bbdefault\u00a0\u00bb]<\/p>\n<p><span style=\"font-weight: 400;\">mise en sc\u00e8ne <\/span><b>Gwena\u00ebl Morin<\/b><\/p>\n<p>avec<strong> Guillaume Bailliart, St\u00e9phanie B\u00e9ghain, Fanny De Chaill\u00e9, Julian Eggerickx, Barbara Jung, Gr\u00e9goire Monsaingeon<\/strong><\/p>\n<p><span style=\"font-size: 14px;\">Cr\u00e9ation 2009<\/span><\/p>\n<p>[\/et_pb_text][et_pb_testimonial author=\u00a0\u00bbGwena\u00ebl Morin\u00a0\u00bb _builder_version=\u00a0\u00bb4.6.5&Prime; _module_preset=\u00a0\u00bbdefault\u00a0\u00bb]<\/p>\n<p style=\"text-align: justify;\"><em>Lorenzaccio<\/em> est une pi\u00e8ce du chaos. Tout y est s\u00e9par\u00e9. Chacun vit pour soi, rien ne r\u00e9unit personne, aucun monde, aucun projet, aucun espoir ne r\u00e9unit personne, tout est champ de bataille, tout est lutte \u00e0 mort pour le triomphe individuel, tous sont seuls contre tous. Guerre, guerre et chaos. Les \u00eatres y coexistent aveugles les uns aux autres dans l\u2019ind\u00e9termination, dans la boue du chacun pour soi.<br \/> J\u2019ai pris la decision de faire <em>Lorenzaccio d\u2019apr\u00e8s Lorenzaccio de Musset<\/em> parce que je veux traverser le chaos. C\u2019est une mission impossible. Le chaos signifie pour moi que tout est possible. C\u2019est-\u00e0-dire que tout est \u00e0 la fois parfaitement vrai et parfaitement faux, que la catastrophe est permanente, que rien ne peut sortir de la boue, pas de perspective, pas de destin, jouir vite et \u00e0 tout prix avant demain matin, avant qu\u2019il ne soit trop tard.<br \/> En tant qu\u2019\u00eatre humain, je ne peux pas accepter cet \u00e9tat de fait. Ma condition est d\u2019agir c\u2019est-\u00e0-dire cr\u00e9er des liens avec ce qui m\u2019est autre. Faire advenir ce qui n\u2019est pas encore, faire l\u2019impossible, donner, g\u00e9n\u00e9rer du sens. Je ne projette pas l\u00e0-bas, demain, l\u2019image d\u2019un id\u00e9al \u00e0 atteindre. Je n\u2019ai pas d\u2019id\u00e9al, je suis vivant et continue de vivre, je fais l\u2019impossible. Avec la mise en sc\u00e8ne du spectacle <em>Lorenzaccio d\u2019apr\u00e8s Lorenzaccio de Musset<\/em>, je veux donner le spectacle d\u2019une exp\u00e9rience de la travers\u00e9e du chaos.<br \/> Lorenzo il y a cinq si\u00e8cles, dans une Florence qui exulte dans le mensonge et la violence, d\u00e9cide, r\u00e9sistant \u00e0 l\u2019id\u00e9ologie aveuglante du \u00abtout est possible \u00bb, d\u2019en assassiner l\u2019icone : le duc Alexandre de Medicis, son cousin. Tyrannicide ! Comment faut-il comprendre son geste au-del\u00e0 d\u2019une justice manicheenne ? Personnellement je ne veux ni tuer ni supprimer ni rompre ni en finir avec quoi que ce soit, je veux faire quelque chose en plus, je veux fonder quelque chose, un monde, un seul monde, quelque chose qui n\u2019existe pas encore, quelque chose que ne contient pas la promesse du \u00abtout est possible \u00bb. Je suis hors projet, je n\u2019ai pas de croyance, pas d\u2019espoir, je suis amoureux, j\u2019aime la vie. La vie comme affirmation pure de l\u2019impossible face au d\u00e9sert plein du chaos Je ne comprends pas mais j\u2019admire le geste de Lorenzo. Il est l\u2019affirmation \u00e9clatante que, contre la ruine annonc\u00e9e du \u00abtout est possible \u00bb, l\u2019alternative est de faire l\u2019impossible. Avec <em>Lorenzaccio d\u2019apres Lorenzaccio de Musset<\/em> je veux, debout dans la<br \/> boue du \u00abtout est possible \u00bb, affirmer l\u2019urgence de faire l\u2019impossible.<\/p>\n<p>[\/et_pb_testimonial][\/et_pb_column][et_pb_column type=\u00a0\u00bb3_5&Prime; _builder_version=\u00a0\u00bb4.6.5&Prime; _module_preset=\u00a0\u00bbdefault\u00a0\u00bb][modula_gallery gallery_select=\u00a0\u00bb898&Prime; _builder_version=\u00a0\u00bb4.6.5&Prime; _module_preset=\u00a0\u00bbdefault\u00a0\u00bb hover_enabled=\u00a0\u00bb0&Prime; sticky_enabled=\u00a0\u00bb0&Prime;][\/modula_gallery][\/et_pb_column][\/et_pb_row][\/et_pb_section]<\/p>\n","protected":false},"excerpt":{"rendered":"<p>[et_pb_section fb_built=\u00a0\u00bb1&Prime; _builder_version=\u00a0\u00bb4.6.5&Prime; _module_preset=\u00a0\u00bbdefault\u00a0\u00bb][et_pb_row column_structure=\u00a0\u00bb2_5,3_5&Prime; _builder_version=\u00a0\u00bb4.6.5&Prime; _module_preset=\u00a0\u00bbdefault\u00a0\u00bb][et_pb_column type=\u00a0\u00bb2_5&Prime; _builder_version=\u00a0\u00bb4.6.5&Prime; _module_preset=\u00a0\u00bbdefault\u00a0\u00bb][et_pb_post_title meta=\u00a0\u00bboff\u00a0\u00bb featured_image=\u00a0\u00bboff\u00a0\u00bb _builder_version=\u00a0\u00bb4.6.5&Prime; _module_preset=\u00a0\u00bbdefault\u00a0\u00bb title_font=\u00a0\u00bb|||on|||||\u00a0\u00bb title_font_size=\u00a0\u00bb27px\u00a0\u00bb][\/et_pb_post_title][et_pb_text _builder_version=\u00a0\u00bb4.6.5&Prime; _module_preset=\u00a0\u00bbdefault\u00a0\u00bb] mise en sc\u00e8ne Gwena\u00ebl Morin avec Guillaume Bailliart, St\u00e9phanie B\u00e9ghain, Fanny De Chaill\u00e9, Julian Eggerickx, Barbara Jung, Gr\u00e9goire Monsaingeon Cr\u00e9ation 2009 [\/et_pb_text][et_pb_testimonial author=\u00a0\u00bbGwena\u00ebl Morin\u00a0\u00bb _builder_version=\u00a0\u00bb4.6.5&Prime; _module_preset=\u00a0\u00bbdefault\u00a0\u00bb] Lorenzaccio est une pi\u00e8ce du chaos. Tout y est s\u00e9par\u00e9. Chacun [&hellip;]<\/p>\n","protected":false},"author":1,"featured_media":0,"parent":0,"menu_order":0,"comment_status":"closed","ping_status":"closed","template":"","meta":{"_et_pb_use_builder":"on","_et_pb_old_content":"<!-- wp:divi\/placeholder \/-->","_et_gb_content_width":"","footnotes":""},"class_list":["post-420","page","type-page","status-publish","hentry"],"yoast_head":"<!-- This site is optimized with the Yoast SEO plugin v19.13 - https:\/\/yoast.com\/wordpress\/plugins\/seo\/ -->\n<title>LORENZACCIO D&#039;APR\u00c8S LORENZACCIO DE MUSSET - Gwena\u00ebl Morin<\/title>\n<meta name=\"robots\" content=\"index, follow, max-snippet:-1, max-image-preview:large, max-video-preview:-1\" \/>\n<link rel=\"canonical\" href=\"https:\/\/theatrepermanent.fr\/index.php\/lorenzaccio\/\" \/>\n<meta property=\"og:locale\" content=\"fr_FR\" \/>\n<meta property=\"og:type\" content=\"article\" \/>\n<meta property=\"og:title\" content=\"LORENZACCIO D&#039;APR\u00c8S LORENZACCIO DE MUSSET - Gwena\u00ebl Morin\" \/>\n<meta property=\"og:description\" content=\"[et_pb_section fb_built=\u00a0\u00bb1&Prime; _builder_version=\u00a0\u00bb4.6.5&Prime; _module_preset=\u00a0\u00bbdefault\u00a0\u00bb][et_pb_row column_structure=\u00a0\u00bb2_5,3_5&Prime; _builder_version=\u00a0\u00bb4.6.5&Prime; _module_preset=\u00a0\u00bbdefault\u00a0\u00bb][et_pb_column type=\u00a0\u00bb2_5&Prime; _builder_version=\u00a0\u00bb4.6.5&Prime; _module_preset=\u00a0\u00bbdefault\u00a0\u00bb][et_pb_post_title meta=\u00a0\u00bboff\u00a0\u00bb featured_image=\u00a0\u00bboff\u00a0\u00bb _builder_version=\u00a0\u00bb4.6.5&Prime; _module_preset=\u00a0\u00bbdefault\u00a0\u00bb title_font=\u00a0\u00bb|||on|||||\u00a0\u00bb title_font_size=\u00a0\u00bb27px\u00a0\u00bb][\/et_pb_post_title][et_pb_text _builder_version=\u00a0\u00bb4.6.5&Prime; _module_preset=\u00a0\u00bbdefault\u00a0\u00bb] mise en sc\u00e8ne Gwena\u00ebl Morin avec Guillaume Bailliart, St\u00e9phanie B\u00e9ghain, Fanny De Chaill\u00e9, Julian Eggerickx, Barbara Jung, Gr\u00e9goire Monsaingeon Cr\u00e9ation 2009 [\/et_pb_text][et_pb_testimonial author=\u00a0\u00bbGwena\u00ebl Morin\u00a0\u00bb _builder_version=\u00a0\u00bb4.6.5&Prime; _module_preset=\u00a0\u00bbdefault\u00a0\u00bb] Lorenzaccio est une pi\u00e8ce du chaos. Tout y est s\u00e9par\u00e9. Chacun [&hellip;]\" \/>\n<meta property=\"og:url\" content=\"https:\/\/theatrepermanent.fr\/index.php\/lorenzaccio\/\" \/>\n<meta property=\"og:site_name\" content=\"Gwena\u00ebl Morin\" \/>\n<meta property=\"article:modified_time\" content=\"2022-01-27T09:48:50+00:00\" \/>\n<meta name=\"twitter:card\" content=\"summary_large_image\" \/>\n<meta name=\"twitter:label1\" content=\"Dur\u00e9e de lecture estim\u00e9e\" \/>\n\t<meta name=\"twitter:data1\" content=\"3 minutes\" \/>\n<script type=\"application\/ld+json\" class=\"yoast-schema-graph\">{\"@context\":\"https:\/\/schema.org\",\"@graph\":[{\"@type\":\"WebPage\",\"@id\":\"https:\/\/theatrepermanent.fr\/index.php\/lorenzaccio\/\",\"url\":\"https:\/\/theatrepermanent.fr\/index.php\/lorenzaccio\/\",\"name\":\"LORENZACCIO D'APR\u00c8S LORENZACCIO DE MUSSET - Gwena\u00ebl Morin\",\"isPartOf\":{\"@id\":\"https:\/\/theatrepermanent.fr\/#website\"},\"datePublished\":\"2022-01-17T08:54:20+00:00\",\"dateModified\":\"2022-01-27T09:48:50+00:00\",\"breadcrumb\":{\"@id\":\"https:\/\/theatrepermanent.fr\/index.php\/lorenzaccio\/#breadcrumb\"},\"inLanguage\":\"fr-FR\",\"potentialAction\":[{\"@type\":\"ReadAction\",\"target\":[\"https:\/\/theatrepermanent.fr\/index.php\/lorenzaccio\/\"]}]},{\"@type\":\"BreadcrumbList\",\"@id\":\"https:\/\/theatrepermanent.fr\/index.php\/lorenzaccio\/#breadcrumb\",\"itemListElement\":[{\"@type\":\"ListItem\",\"position\":1,\"name\":\"Accueil\",\"item\":\"https:\/\/theatrepermanent.fr\/\"},{\"@type\":\"ListItem\",\"position\":2,\"name\":\"LORENZACCIO D&rsquo;APR\u00c8S LORENZACCIO DE MUSSET\"}]},{\"@type\":\"WebSite\",\"@id\":\"https:\/\/theatrepermanent.fr\/#website\",\"url\":\"https:\/\/theatrepermanent.fr\/\",\"name\":\"Gwena\u00ebl Morin\",\"description\":\"SAS Th\u00e9\u00e2tre Permanent\",\"potentialAction\":[{\"@type\":\"SearchAction\",\"target\":{\"@type\":\"EntryPoint\",\"urlTemplate\":\"https:\/\/theatrepermanent.fr\/?s={search_term_string}\"},\"query-input\":\"required name=search_term_string\"}],\"inLanguage\":\"fr-FR\"}]}<\/script>\n<!-- \/ Yoast SEO plugin. -->","yoast_head_json":{"title":"LORENZACCIO D'APR\u00c8S LORENZACCIO DE MUSSET - Gwena\u00ebl Morin","robots":{"index":"index","follow":"follow","max-snippet":"max-snippet:-1","max-image-preview":"max-image-preview:large","max-video-preview":"max-video-preview:-1"},"canonical":"https:\/\/theatrepermanent.fr\/index.php\/lorenzaccio\/","og_locale":"fr_FR","og_type":"article","og_title":"LORENZACCIO D'APR\u00c8S LORENZACCIO DE MUSSET - Gwena\u00ebl Morin","og_description":"[et_pb_section fb_built=\u00a0\u00bb1&Prime; _builder_version=\u00a0\u00bb4.6.5&Prime; _module_preset=\u00a0\u00bbdefault\u00a0\u00bb][et_pb_row column_structure=\u00a0\u00bb2_5,3_5&Prime; _builder_version=\u00a0\u00bb4.6.5&Prime; _module_preset=\u00a0\u00bbdefault\u00a0\u00bb][et_pb_column type=\u00a0\u00bb2_5&Prime; _builder_version=\u00a0\u00bb4.6.5&Prime; _module_preset=\u00a0\u00bbdefault\u00a0\u00bb][et_pb_post_title meta=\u00a0\u00bboff\u00a0\u00bb featured_image=\u00a0\u00bboff\u00a0\u00bb _builder_version=\u00a0\u00bb4.6.5&Prime; _module_preset=\u00a0\u00bbdefault\u00a0\u00bb title_font=\u00a0\u00bb|||on|||||\u00a0\u00bb title_font_size=\u00a0\u00bb27px\u00a0\u00bb][\/et_pb_post_title][et_pb_text _builder_version=\u00a0\u00bb4.6.5&Prime; _module_preset=\u00a0\u00bbdefault\u00a0\u00bb] mise en sc\u00e8ne Gwena\u00ebl Morin avec Guillaume Bailliart, St\u00e9phanie B\u00e9ghain, Fanny De Chaill\u00e9, Julian Eggerickx, Barbara Jung, Gr\u00e9goire Monsaingeon Cr\u00e9ation 2009 [\/et_pb_text][et_pb_testimonial author=\u00a0\u00bbGwena\u00ebl Morin\u00a0\u00bb _builder_version=\u00a0\u00bb4.6.5&Prime; _module_preset=\u00a0\u00bbdefault\u00a0\u00bb] Lorenzaccio est une pi\u00e8ce du chaos. Tout y est s\u00e9par\u00e9. Chacun [&hellip;]","og_url":"https:\/\/theatrepermanent.fr\/index.php\/lorenzaccio\/","og_site_name":"Gwena\u00ebl Morin","article_modified_time":"2022-01-27T09:48:50+00:00","twitter_card":"summary_large_image","twitter_misc":{"Dur\u00e9e de lecture estim\u00e9e":"3 minutes"},"schema":{"@context":"https:\/\/schema.org","@graph":[{"@type":"WebPage","@id":"https:\/\/theatrepermanent.fr\/index.php\/lorenzaccio\/","url":"https:\/\/theatrepermanent.fr\/index.php\/lorenzaccio\/","name":"LORENZACCIO D'APR\u00c8S LORENZACCIO DE MUSSET - Gwena\u00ebl Morin","isPartOf":{"@id":"https:\/\/theatrepermanent.fr\/#website"},"datePublished":"2022-01-17T08:54:20+00:00","dateModified":"2022-01-27T09:48:50+00:00","breadcrumb":{"@id":"https:\/\/theatrepermanent.fr\/index.php\/lorenzaccio\/#breadcrumb"},"inLanguage":"fr-FR","potentialAction":[{"@type":"ReadAction","target":["https:\/\/theatrepermanent.fr\/index.php\/lorenzaccio\/"]}]},{"@type":"BreadcrumbList","@id":"https:\/\/theatrepermanent.fr\/index.php\/lorenzaccio\/#breadcrumb","itemListElement":[{"@type":"ListItem","position":1,"name":"Accueil","item":"https:\/\/theatrepermanent.fr\/"},{"@type":"ListItem","position":2,"name":"LORENZACCIO D&rsquo;APR\u00c8S LORENZACCIO DE MUSSET"}]},{"@type":"WebSite","@id":"https:\/\/theatrepermanent.fr\/#website","url":"https:\/\/theatrepermanent.fr\/","name":"Gwena\u00ebl Morin","description":"SAS Th\u00e9\u00e2tre Permanent","potentialAction":[{"@type":"SearchAction","target":{"@type":"EntryPoint","urlTemplate":"https:\/\/theatrepermanent.fr\/?s={search_term_string}"},"query-input":"required name=search_term_string"}],"inLanguage":"fr-FR"}]}},"_links":{"self":[{"href":"https:\/\/theatrepermanent.fr\/index.php\/wp-json\/wp\/v2\/pages\/420","targetHints":{"allow":["GET"]}}],"collection":[{"href":"https:\/\/theatrepermanent.fr\/index.php\/wp-json\/wp\/v2\/pages"}],"about":[{"href":"https:\/\/theatrepermanent.fr\/index.php\/wp-json\/wp\/v2\/types\/page"}],"author":[{"embeddable":true,"href":"https:\/\/theatrepermanent.fr\/index.php\/wp-json\/wp\/v2\/users\/1"}],"replies":[{"embeddable":true,"href":"https:\/\/theatrepermanent.fr\/index.php\/wp-json\/wp\/v2\/comments?post=420"}],"version-history":[{"count":8,"href":"https:\/\/theatrepermanent.fr\/index.php\/wp-json\/wp\/v2\/pages\/420\/revisions"}],"predecessor-version":[{"id":900,"href":"https:\/\/theatrepermanent.fr\/index.php\/wp-json\/wp\/v2\/pages\/420\/revisions\/900"}],"wp:attachment":[{"href":"https:\/\/theatrepermanent.fr\/index.php\/wp-json\/wp\/v2\/media?parent=420"}],"curies":[{"name":"wp","href":"https:\/\/api.w.org\/{rel}","templated":true}]}}