{"id":461,"date":"2022-01-20T10:49:28","date_gmt":"2022-01-20T09:49:28","guid":{"rendered":"https:\/\/gwenaelmorin.fr\/?page_id=461"},"modified":"2022-01-27T09:01:54","modified_gmt":"2022-01-27T08:01:54","slug":"raaaaciiiineeee","status":"publish","type":"page","link":"https:\/\/theatrepermanent.fr\/index.php\/raaaaciiiineeee\/","title":{"rendered":"RAAAACIIIINEEEE"},"content":{"rendered":"<p>[et_pb_section fb_built=\u00a0\u00bb1&Prime; _builder_version=\u00a0\u00bb4.6.5&Prime; _module_preset=\u00a0\u00bbdefault\u00a0\u00bb][et_pb_row column_structure=\u00a0\u00bb2_5,3_5&Prime; _builder_version=\u00a0\u00bb4.6.5&Prime; _module_preset=\u00a0\u00bbdefault\u00a0\u00bb][et_pb_column type=\u00a0\u00bb2_5&Prime; _builder_version=\u00a0\u00bb4.6.5&Prime; _module_preset=\u00a0\u00bbdefault\u00a0\u00bb][et_pb_post_title meta=\u00a0\u00bboff\u00a0\u00bb featured_image=\u00a0\u00bboff\u00a0\u00bb _builder_version=\u00a0\u00bb4.6.5&Prime; _module_preset=\u00a0\u00bbdefault\u00a0\u00bb title_font=\u00a0\u00bb|||on|||||\u00a0\u00bb title_font_size=\u00a0\u00bb27px\u00a0\u00bb][\/et_pb_post_title][et_pb_text _builder_version=\u00a0\u00bb4.6.5&Prime; _module_preset=\u00a0\u00bbdefault\u00a0\u00bb hover_enabled=\u00a0\u00bb0&Prime; sticky_enabled=\u00a0\u00bb0&Prime;]<\/p>\n<p><strong><em>PH\u00c8DRE\u00a0 \u00a0ANDROMAQUE\u00a0 \u00a0B\u00c9R\u00c9NICE\u00a0 \u00a0BRITANNICUS\u00a0<\/em><\/strong><\/p>\n<p><span style=\"font-weight: 400;\">De <strong>Jean Racine<\/strong><\/span><\/p>\n<p><span style=\"font-weight: 400;\">Mise en sc\u00e8ne <\/span><b>Gwena\u00ebl Morin<\/b> <b>\u00a0 \u00a0 \u00a0 \u00a0 \u00a0 \u00a0\u00a0<\/b><\/p>\n<p><span style=\"font-weight: 400;\">Avec la promotion L de l\u2019\u00e9cole de la Manufacture \u00e0 Lausanne en Suisse<\/span><\/p>\n<p><b>Ang\u00e8le Arnaud, Isma\u00ebl Attia, Emilie Cavaliera, Emeric Cheseaux, Olivier Debbasch, B\u00e9n\u00e9dicte Amsler Denogent, Lou Golaz, Vivien Hebert, Alix Henzelin, Ali Lamaadli, Na\u00efma Perlot-Lhuillier, Arcadi Radeff, Loubna Raigneau, Eliot Sidler, Etienne Tripoz,<\/b><\/p>\n<p><span style=\"font-weight: 400;\">Collaboration artistique <\/span><b>Barbara Jung<\/b><\/p>\n<p>cr\u00e9ation 2021\u00a0<\/p>\n<p>[\/et_pb_text][et_pb_testimonial author=\u00a0\u00bbGwena\u00ebl Morin\u00a0\u00bb _builder_version=\u00a0\u00bb4.6.5&Prime; _module_preset=\u00a0\u00bbdefault\u00a0\u00bb]<\/p>\n<p><span style=\"font-weight: 400;\">Apr\u00e8s avoir mis en sc\u00e8ne quatre pi\u00e8ces de Moli\u00e8re en un seul cycle intitul\u00e9 <\/span><i><span style=\"font-weight: 400;\">Les Moli\u00e8re de Vitez<\/span><\/i><span style=\"font-weight: 400;\">, je poursuis mon exploration des \u00ab espaces publics symboliques \u00bb que sont les classiques, autour du quadriptyque Ph\u00e8dre, Andromaque, B\u00e9r\u00e9nice et Britannicus de Racine.\u00a0\u00a0<\/span><\/p>\n<p>&nbsp;<\/p>\n<p><span style=\"font-weight: 400;\">4 trag\u00e9dies mont\u00e9es en un seul geste avec la Promotion L de l\u2019\u00e9cole de la Manufacture.\u00a0<\/span><\/p>\n<p>&nbsp;<\/p>\n<p><span style=\"font-weight: 400;\">6 576 vers r\u00e9partis \u00e0 \u00e9galit\u00e9 entre 16 interpr\u00e8tes, engag\u00e9\u00b7es \u00e0 se livrer corps et \u00e2me, une distribution tir\u00e9e au sort pour s\u2019affranchir des id\u00e9es re\u00e7ues, des r\u00e9partitions traditionnelles des sexes et ouvrir la sc\u00e8ne \u00e0 l\u2019inattendu.\u00a0<\/span><\/p>\n<p>&nbsp;<\/p>\n<p><span style=\"font-weight: 400;\">Dans cet univers o\u00f9 l\u2019amour est l\u2019autre nom de la trag\u00e9die, les protagonistes sont entra\u00een\u00e9s aux actes les plus sombres. C\u2019est \u00e0 notre soif d\u2019amour que nous faisons face, \u00e0 notre condition tragique d\u2019\u00eatre humain.<\/span><\/p>\n<p>&nbsp;<\/p>\n<p><span style=\"font-weight: 400;\">Les r\u00e8gles du jeu restent les m\u00eames : faire du th\u00e9\u00e2tre avec rien ou presque, si ce n\u2019est la puissance du texte et l\u2019\u00e9nergie des acteurs.<\/span><\/p>\n<p><span style=\"font-weight: 400;\"><\/span><\/p>\n<p><span style=\"font-weight: 400;\"><\/span><\/p>\n<p><span style=\"font-weight: 400;\"><\/span><\/p>\n<p>[\/et_pb_testimonial][\/et_pb_column][et_pb_column type=\u00a0\u00bb3_5&Prime; _builder_version=\u00a0\u00bb4.6.5&Prime; _module_preset=\u00a0\u00bbdefault\u00a0\u00bb][modula_gallery gallery_select=\u00a0\u00bb456&Prime; _builder_version=\u00a0\u00bb4.6.5&Prime; _module_preset=\u00a0\u00bbdefault\u00a0\u00bb][\/modula_gallery][\/et_pb_column][\/et_pb_row][\/et_pb_section]<\/p>\n","protected":false},"excerpt":{"rendered":"<p>[et_pb_section fb_built=\u00a0\u00bb1&Prime; _builder_version=\u00a0\u00bb4.6.5&Prime; _module_preset=\u00a0\u00bbdefault\u00a0\u00bb][et_pb_row column_structure=\u00a0\u00bb2_5,3_5&Prime; _builder_version=\u00a0\u00bb4.6.5&Prime; _module_preset=\u00a0\u00bbdefault\u00a0\u00bb][et_pb_column type=\u00a0\u00bb2_5&Prime; _builder_version=\u00a0\u00bb4.6.5&Prime; _module_preset=\u00a0\u00bbdefault\u00a0\u00bb][et_pb_post_title meta=\u00a0\u00bboff\u00a0\u00bb featured_image=\u00a0\u00bboff\u00a0\u00bb _builder_version=\u00a0\u00bb4.6.5&Prime; _module_preset=\u00a0\u00bbdefault\u00a0\u00bb title_font=\u00a0\u00bb|||on|||||\u00a0\u00bb title_font_size=\u00a0\u00bb27px\u00a0\u00bb][\/et_pb_post_title][et_pb_text _builder_version=\u00a0\u00bb4.6.5&Prime; _module_preset=\u00a0\u00bbdefault\u00a0\u00bb hover_enabled=\u00a0\u00bb0&Prime; sticky_enabled=\u00a0\u00bb0&Prime;] PH\u00c8DRE\u00a0 \u00a0ANDROMAQUE\u00a0 \u00a0B\u00c9R\u00c9NICE\u00a0 \u00a0BRITANNICUS\u00a0 De Jean Racine Mise en sc\u00e8ne Gwena\u00ebl Morin \u00a0 \u00a0 \u00a0 \u00a0 \u00a0 \u00a0\u00a0 Avec la promotion L de l\u2019\u00e9cole de la Manufacture \u00e0 Lausanne en Suisse Ang\u00e8le Arnaud, Isma\u00ebl Attia, [&hellip;]<\/p>\n","protected":false},"author":1,"featured_media":0,"parent":0,"menu_order":0,"comment_status":"closed","ping_status":"closed","template":"","meta":{"_et_pb_use_builder":"on","_et_pb_old_content":"","_et_gb_content_width":"","footnotes":""},"class_list":["post-461","page","type-page","status-publish","hentry"],"yoast_head":"<!-- This site is optimized with the Yoast SEO plugin v19.13 - https:\/\/yoast.com\/wordpress\/plugins\/seo\/ -->\n<title>RAAAACIIIINEEEE - Gwena\u00ebl Morin<\/title>\n<meta name=\"robots\" content=\"index, follow, max-snippet:-1, max-image-preview:large, max-video-preview:-1\" \/>\n<link rel=\"canonical\" href=\"https:\/\/theatrepermanent.fr\/index.php\/raaaaciiiineeee\/\" \/>\n<meta property=\"og:locale\" content=\"fr_FR\" \/>\n<meta property=\"og:type\" content=\"article\" \/>\n<meta property=\"og:title\" content=\"RAAAACIIIINEEEE - Gwena\u00ebl Morin\" \/>\n<meta property=\"og:description\" content=\"[et_pb_section fb_built=\u00a0\u00bb1&Prime; _builder_version=\u00a0\u00bb4.6.5&Prime; _module_preset=\u00a0\u00bbdefault\u00a0\u00bb][et_pb_row column_structure=\u00a0\u00bb2_5,3_5&Prime; _builder_version=\u00a0\u00bb4.6.5&Prime; _module_preset=\u00a0\u00bbdefault\u00a0\u00bb][et_pb_column type=\u00a0\u00bb2_5&Prime; _builder_version=\u00a0\u00bb4.6.5&Prime; _module_preset=\u00a0\u00bbdefault\u00a0\u00bb][et_pb_post_title meta=\u00a0\u00bboff\u00a0\u00bb featured_image=\u00a0\u00bboff\u00a0\u00bb _builder_version=\u00a0\u00bb4.6.5&Prime; _module_preset=\u00a0\u00bbdefault\u00a0\u00bb title_font=\u00a0\u00bb|||on|||||\u00a0\u00bb title_font_size=\u00a0\u00bb27px\u00a0\u00bb][\/et_pb_post_title][et_pb_text _builder_version=\u00a0\u00bb4.6.5&Prime; _module_preset=\u00a0\u00bbdefault\u00a0\u00bb hover_enabled=\u00a0\u00bb0&Prime; sticky_enabled=\u00a0\u00bb0&Prime;] PH\u00c8DRE\u00a0 \u00a0ANDROMAQUE\u00a0 \u00a0B\u00c9R\u00c9NICE\u00a0 \u00a0BRITANNICUS\u00a0 De Jean Racine Mise en sc\u00e8ne Gwena\u00ebl Morin \u00a0 \u00a0 \u00a0 \u00a0 \u00a0 \u00a0\u00a0 Avec la promotion L de l\u2019\u00e9cole de la Manufacture \u00e0 Lausanne en Suisse Ang\u00e8le Arnaud, Isma\u00ebl Attia, [&hellip;]\" \/>\n<meta property=\"og:url\" content=\"https:\/\/theatrepermanent.fr\/index.php\/raaaaciiiineeee\/\" \/>\n<meta property=\"og:site_name\" content=\"Gwena\u00ebl Morin\" \/>\n<meta property=\"article:modified_time\" content=\"2022-01-27T08:01:54+00:00\" \/>\n<meta name=\"twitter:card\" content=\"summary_large_image\" \/>\n<meta name=\"twitter:label1\" content=\"Dur\u00e9e de lecture estim\u00e9e\" \/>\n\t<meta name=\"twitter:data1\" content=\"2 minutes\" \/>\n<script type=\"application\/ld+json\" class=\"yoast-schema-graph\">{\"@context\":\"https:\/\/schema.org\",\"@graph\":[{\"@type\":\"WebPage\",\"@id\":\"https:\/\/theatrepermanent.fr\/index.php\/raaaaciiiineeee\/\",\"url\":\"https:\/\/theatrepermanent.fr\/index.php\/raaaaciiiineeee\/\",\"name\":\"RAAAACIIIINEEEE - Gwena\u00ebl Morin\",\"isPartOf\":{\"@id\":\"https:\/\/theatrepermanent.fr\/#website\"},\"datePublished\":\"2022-01-20T09:49:28+00:00\",\"dateModified\":\"2022-01-27T08:01:54+00:00\",\"breadcrumb\":{\"@id\":\"https:\/\/theatrepermanent.fr\/index.php\/raaaaciiiineeee\/#breadcrumb\"},\"inLanguage\":\"fr-FR\",\"potentialAction\":[{\"@type\":\"ReadAction\",\"target\":[\"https:\/\/theatrepermanent.fr\/index.php\/raaaaciiiineeee\/\"]}]},{\"@type\":\"BreadcrumbList\",\"@id\":\"https:\/\/theatrepermanent.fr\/index.php\/raaaaciiiineeee\/#breadcrumb\",\"itemListElement\":[{\"@type\":\"ListItem\",\"position\":1,\"name\":\"Accueil\",\"item\":\"https:\/\/theatrepermanent.fr\/\"},{\"@type\":\"ListItem\",\"position\":2,\"name\":\"RAAAACIIIINEEEE\"}]},{\"@type\":\"WebSite\",\"@id\":\"https:\/\/theatrepermanent.fr\/#website\",\"url\":\"https:\/\/theatrepermanent.fr\/\",\"name\":\"Gwena\u00ebl Morin\",\"description\":\"SAS Th\u00e9\u00e2tre Permanent\",\"potentialAction\":[{\"@type\":\"SearchAction\",\"target\":{\"@type\":\"EntryPoint\",\"urlTemplate\":\"https:\/\/theatrepermanent.fr\/?s={search_term_string}\"},\"query-input\":\"required name=search_term_string\"}],\"inLanguage\":\"fr-FR\"}]}<\/script>\n<!-- \/ Yoast SEO plugin. -->","yoast_head_json":{"title":"RAAAACIIIINEEEE - Gwena\u00ebl Morin","robots":{"index":"index","follow":"follow","max-snippet":"max-snippet:-1","max-image-preview":"max-image-preview:large","max-video-preview":"max-video-preview:-1"},"canonical":"https:\/\/theatrepermanent.fr\/index.php\/raaaaciiiineeee\/","og_locale":"fr_FR","og_type":"article","og_title":"RAAAACIIIINEEEE - Gwena\u00ebl Morin","og_description":"[et_pb_section fb_built=\u00a0\u00bb1&Prime; _builder_version=\u00a0\u00bb4.6.5&Prime; _module_preset=\u00a0\u00bbdefault\u00a0\u00bb][et_pb_row column_structure=\u00a0\u00bb2_5,3_5&Prime; _builder_version=\u00a0\u00bb4.6.5&Prime; _module_preset=\u00a0\u00bbdefault\u00a0\u00bb][et_pb_column type=\u00a0\u00bb2_5&Prime; _builder_version=\u00a0\u00bb4.6.5&Prime; _module_preset=\u00a0\u00bbdefault\u00a0\u00bb][et_pb_post_title meta=\u00a0\u00bboff\u00a0\u00bb featured_image=\u00a0\u00bboff\u00a0\u00bb _builder_version=\u00a0\u00bb4.6.5&Prime; _module_preset=\u00a0\u00bbdefault\u00a0\u00bb title_font=\u00a0\u00bb|||on|||||\u00a0\u00bb title_font_size=\u00a0\u00bb27px\u00a0\u00bb][\/et_pb_post_title][et_pb_text _builder_version=\u00a0\u00bb4.6.5&Prime; _module_preset=\u00a0\u00bbdefault\u00a0\u00bb hover_enabled=\u00a0\u00bb0&Prime; sticky_enabled=\u00a0\u00bb0&Prime;] PH\u00c8DRE\u00a0 \u00a0ANDROMAQUE\u00a0 \u00a0B\u00c9R\u00c9NICE\u00a0 \u00a0BRITANNICUS\u00a0 De Jean Racine Mise en sc\u00e8ne Gwena\u00ebl Morin \u00a0 \u00a0 \u00a0 \u00a0 \u00a0 \u00a0\u00a0 Avec la promotion L de l\u2019\u00e9cole de la Manufacture \u00e0 Lausanne en Suisse Ang\u00e8le Arnaud, Isma\u00ebl Attia, [&hellip;]","og_url":"https:\/\/theatrepermanent.fr\/index.php\/raaaaciiiineeee\/","og_site_name":"Gwena\u00ebl Morin","article_modified_time":"2022-01-27T08:01:54+00:00","twitter_card":"summary_large_image","twitter_misc":{"Dur\u00e9e de lecture estim\u00e9e":"2 minutes"},"schema":{"@context":"https:\/\/schema.org","@graph":[{"@type":"WebPage","@id":"https:\/\/theatrepermanent.fr\/index.php\/raaaaciiiineeee\/","url":"https:\/\/theatrepermanent.fr\/index.php\/raaaaciiiineeee\/","name":"RAAAACIIIINEEEE - Gwena\u00ebl Morin","isPartOf":{"@id":"https:\/\/theatrepermanent.fr\/#website"},"datePublished":"2022-01-20T09:49:28+00:00","dateModified":"2022-01-27T08:01:54+00:00","breadcrumb":{"@id":"https:\/\/theatrepermanent.fr\/index.php\/raaaaciiiineeee\/#breadcrumb"},"inLanguage":"fr-FR","potentialAction":[{"@type":"ReadAction","target":["https:\/\/theatrepermanent.fr\/index.php\/raaaaciiiineeee\/"]}]},{"@type":"BreadcrumbList","@id":"https:\/\/theatrepermanent.fr\/index.php\/raaaaciiiineeee\/#breadcrumb","itemListElement":[{"@type":"ListItem","position":1,"name":"Accueil","item":"https:\/\/theatrepermanent.fr\/"},{"@type":"ListItem","position":2,"name":"RAAAACIIIINEEEE"}]},{"@type":"WebSite","@id":"https:\/\/theatrepermanent.fr\/#website","url":"https:\/\/theatrepermanent.fr\/","name":"Gwena\u00ebl Morin","description":"SAS Th\u00e9\u00e2tre Permanent","potentialAction":[{"@type":"SearchAction","target":{"@type":"EntryPoint","urlTemplate":"https:\/\/theatrepermanent.fr\/?s={search_term_string}"},"query-input":"required name=search_term_string"}],"inLanguage":"fr-FR"}]}},"_links":{"self":[{"href":"https:\/\/theatrepermanent.fr\/index.php\/wp-json\/wp\/v2\/pages\/461","targetHints":{"allow":["GET"]}}],"collection":[{"href":"https:\/\/theatrepermanent.fr\/index.php\/wp-json\/wp\/v2\/pages"}],"about":[{"href":"https:\/\/theatrepermanent.fr\/index.php\/wp-json\/wp\/v2\/types\/page"}],"author":[{"embeddable":true,"href":"https:\/\/theatrepermanent.fr\/index.php\/wp-json\/wp\/v2\/users\/1"}],"replies":[{"embeddable":true,"href":"https:\/\/theatrepermanent.fr\/index.php\/wp-json\/wp\/v2\/comments?post=461"}],"version-history":[{"count":5,"href":"https:\/\/theatrepermanent.fr\/index.php\/wp-json\/wp\/v2\/pages\/461\/revisions"}],"predecessor-version":[{"id":862,"href":"https:\/\/theatrepermanent.fr\/index.php\/wp-json\/wp\/v2\/pages\/461\/revisions\/862"}],"wp:attachment":[{"href":"https:\/\/theatrepermanent.fr\/index.php\/wp-json\/wp\/v2\/media?parent=461"}],"curies":[{"name":"wp","href":"https:\/\/api.w.org\/{rel}","templated":true}]}}