{"id":554,"date":"2022-01-25T09:38:06","date_gmt":"2022-01-25T08:38:06","guid":{"rendered":"https:\/\/gwenaelmorin.fr\/?page_id=554"},"modified":"2022-01-31T11:34:03","modified_gmt":"2022-01-31T10:34:03","slug":"woyzeck","status":"publish","type":"page","link":"https:\/\/theatrepermanent.fr\/index.php\/woyzeck\/","title":{"rendered":"WOYZECK D&rsquo;APR\u00c8S WOYZECK DE BUCHNER"},"content":{"rendered":"<p>[et_pb_section fb_built=\u00a0\u00bb1&Prime; _builder_version=\u00a0\u00bb4.6.5&Prime; _module_preset=\u00a0\u00bbdefault\u00a0\u00bb][et_pb_row column_structure=\u00a0\u00bb2_5,3_5&Prime; _builder_version=\u00a0\u00bb4.6.5&Prime; _module_preset=\u00a0\u00bbdefault\u00a0\u00bb][et_pb_column type=\u00a0\u00bb2_5&Prime; _builder_version=\u00a0\u00bb4.6.5&Prime; _module_preset=\u00a0\u00bbdefault\u00a0\u00bb][et_pb_post_title meta=\u00a0\u00bboff\u00a0\u00bb featured_image=\u00a0\u00bboff\u00a0\u00bb _builder_version=\u00a0\u00bb4.6.5&Prime; _module_preset=\u00a0\u00bbdefault\u00a0\u00bb title_font=\u00a0\u00bb|||on|||||\u00a0\u00bb title_font_size=\u00a0\u00bb27px\u00a0\u00bb][\/et_pb_post_title][et_pb_text _builder_version=\u00a0\u00bb4.6.5&Prime; _module_preset=\u00a0\u00bbdefault\u00a0\u00bb hover_enabled=\u00a0\u00bb0&Prime; sticky_enabled=\u00a0\u00bb0&Prime;]<\/p>\n<p><span style=\"font-weight: 400;\">mise en sc\u00e8ne <\/span><b>Gwena\u00ebl Morin<\/b><\/p>\n<p>avec<span><strong> Renaud Bechet, Michel Coquet, Virginie Colemyn, Julian Eggerickx, Barbara Jung, Gr\u00e9goire Monsaingeon<br \/><\/strong><\/span><\/p>\n<p>[\/et_pb_text][et_pb_testimonial author=\u00a0\u00bbGwena\u00ebl Morin\u00a0\u00bb _builder_version=\u00a0\u00bb4.6.5&Prime; _module_preset=\u00a0\u00bbdefault\u00a0\u00bb]<\/p>\n<p style=\"text-align: justify;\">Woyzeck est une utopie, un corps sans t\u00eate, un tas d\u2019organes sans corps, un d\u00e9sordre de chair qui aurait \u00e9t\u00e9 vivant.\u00a0\u00a0Je veux essayer de le rendre \u00e0 la vie\u2026 et je vais le faire avec un couteau.<\/p>\n<p>[\/et_pb_testimonial][\/et_pb_column][et_pb_column type=\u00a0\u00bb3_5&Prime; _builder_version=\u00a0\u00bb4.6.5&Prime; _module_preset=\u00a0\u00bbdefault\u00a0\u00bb][modula_gallery gallery_select=\u00a0\u00bb844&Prime; _builder_version=\u00a0\u00bb4.6.5&Prime; _module_preset=\u00a0\u00bbdefault\u00a0\u00bb][\/modula_gallery][\/et_pb_column][\/et_pb_row][\/et_pb_section]<\/p>\n","protected":false},"excerpt":{"rendered":"<p>[et_pb_section fb_built=\u00a0\u00bb1&Prime; _builder_version=\u00a0\u00bb4.6.5&Prime; _module_preset=\u00a0\u00bbdefault\u00a0\u00bb][et_pb_row column_structure=\u00a0\u00bb2_5,3_5&Prime; _builder_version=\u00a0\u00bb4.6.5&Prime; _module_preset=\u00a0\u00bbdefault\u00a0\u00bb][et_pb_column type=\u00a0\u00bb2_5&Prime; _builder_version=\u00a0\u00bb4.6.5&Prime; _module_preset=\u00a0\u00bbdefault\u00a0\u00bb][et_pb_post_title meta=\u00a0\u00bboff\u00a0\u00bb featured_image=\u00a0\u00bboff\u00a0\u00bb _builder_version=\u00a0\u00bb4.6.5&Prime; _module_preset=\u00a0\u00bbdefault\u00a0\u00bb title_font=\u00a0\u00bb|||on|||||\u00a0\u00bb title_font_size=\u00a0\u00bb27px\u00a0\u00bb][\/et_pb_post_title][et_pb_text _builder_version=\u00a0\u00bb4.6.5&Prime; _module_preset=\u00a0\u00bbdefault\u00a0\u00bb hover_enabled=\u00a0\u00bb0&Prime; sticky_enabled=\u00a0\u00bb0&Prime;] mise en sc\u00e8ne Gwena\u00ebl Morin avec Renaud Bechet, Michel Coquet, Virginie Colemyn, Julian Eggerickx, Barbara Jung, Gr\u00e9goire Monsaingeon [\/et_pb_text][et_pb_testimonial author=\u00a0\u00bbGwena\u00ebl Morin\u00a0\u00bb _builder_version=\u00a0\u00bb4.6.5&Prime; _module_preset=\u00a0\u00bbdefault\u00a0\u00bb] Woyzeck est une utopie, un corps sans t\u00eate, un tas d\u2019organes sans [&hellip;]<\/p>\n","protected":false},"author":1,"featured_media":0,"parent":0,"menu_order":0,"comment_status":"closed","ping_status":"closed","template":"","meta":{"_et_pb_use_builder":"on","_et_pb_old_content":"","_et_gb_content_width":"","footnotes":""},"class_list":["post-554","page","type-page","status-publish","hentry"],"yoast_head":"<!-- This site is optimized with the Yoast SEO plugin v19.13 - https:\/\/yoast.com\/wordpress\/plugins\/seo\/ -->\n<title>WOYZECK D&#039;APR\u00c8S WOYZECK DE BUCHNER - Gwena\u00ebl Morin<\/title>\n<meta name=\"robots\" content=\"index, follow, max-snippet:-1, max-image-preview:large, max-video-preview:-1\" \/>\n<link rel=\"canonical\" href=\"https:\/\/theatrepermanent.fr\/index.php\/woyzeck\/\" \/>\n<meta property=\"og:locale\" content=\"fr_FR\" \/>\n<meta property=\"og:type\" content=\"article\" \/>\n<meta property=\"og:title\" content=\"WOYZECK D&#039;APR\u00c8S WOYZECK DE BUCHNER - Gwena\u00ebl Morin\" \/>\n<meta property=\"og:description\" content=\"[et_pb_section fb_built=\u00a0\u00bb1&Prime; _builder_version=\u00a0\u00bb4.6.5&Prime; _module_preset=\u00a0\u00bbdefault\u00a0\u00bb][et_pb_row column_structure=\u00a0\u00bb2_5,3_5&Prime; _builder_version=\u00a0\u00bb4.6.5&Prime; _module_preset=\u00a0\u00bbdefault\u00a0\u00bb][et_pb_column type=\u00a0\u00bb2_5&Prime; _builder_version=\u00a0\u00bb4.6.5&Prime; _module_preset=\u00a0\u00bbdefault\u00a0\u00bb][et_pb_post_title meta=\u00a0\u00bboff\u00a0\u00bb featured_image=\u00a0\u00bboff\u00a0\u00bb _builder_version=\u00a0\u00bb4.6.5&Prime; _module_preset=\u00a0\u00bbdefault\u00a0\u00bb title_font=\u00a0\u00bb|||on|||||\u00a0\u00bb title_font_size=\u00a0\u00bb27px\u00a0\u00bb][\/et_pb_post_title][et_pb_text _builder_version=\u00a0\u00bb4.6.5&Prime; _module_preset=\u00a0\u00bbdefault\u00a0\u00bb hover_enabled=\u00a0\u00bb0&Prime; sticky_enabled=\u00a0\u00bb0&Prime;] mise en sc\u00e8ne Gwena\u00ebl Morin avec Renaud Bechet, Michel Coquet, Virginie Colemyn, Julian Eggerickx, Barbara Jung, Gr\u00e9goire Monsaingeon [\/et_pb_text][et_pb_testimonial author=\u00a0\u00bbGwena\u00ebl Morin\u00a0\u00bb _builder_version=\u00a0\u00bb4.6.5&Prime; _module_preset=\u00a0\u00bbdefault\u00a0\u00bb] Woyzeck est une utopie, un corps sans t\u00eate, un tas d\u2019organes sans [&hellip;]\" \/>\n<meta property=\"og:url\" content=\"https:\/\/theatrepermanent.fr\/index.php\/woyzeck\/\" \/>\n<meta property=\"og:site_name\" content=\"Gwena\u00ebl Morin\" \/>\n<meta property=\"article:modified_time\" content=\"2022-01-31T10:34:03+00:00\" \/>\n<meta name=\"twitter:card\" content=\"summary_large_image\" \/>\n<meta name=\"twitter:label1\" content=\"Dur\u00e9e de lecture estim\u00e9e\" \/>\n\t<meta name=\"twitter:data1\" content=\"1 minute\" \/>\n<script type=\"application\/ld+json\" class=\"yoast-schema-graph\">{\"@context\":\"https:\/\/schema.org\",\"@graph\":[{\"@type\":\"WebPage\",\"@id\":\"https:\/\/theatrepermanent.fr\/index.php\/woyzeck\/\",\"url\":\"https:\/\/theatrepermanent.fr\/index.php\/woyzeck\/\",\"name\":\"WOYZECK D'APR\u00c8S WOYZECK DE BUCHNER - Gwena\u00ebl Morin\",\"isPartOf\":{\"@id\":\"https:\/\/theatrepermanent.fr\/#website\"},\"datePublished\":\"2022-01-25T08:38:06+00:00\",\"dateModified\":\"2022-01-31T10:34:03+00:00\",\"breadcrumb\":{\"@id\":\"https:\/\/theatrepermanent.fr\/index.php\/woyzeck\/#breadcrumb\"},\"inLanguage\":\"fr-FR\",\"potentialAction\":[{\"@type\":\"ReadAction\",\"target\":[\"https:\/\/theatrepermanent.fr\/index.php\/woyzeck\/\"]}]},{\"@type\":\"BreadcrumbList\",\"@id\":\"https:\/\/theatrepermanent.fr\/index.php\/woyzeck\/#breadcrumb\",\"itemListElement\":[{\"@type\":\"ListItem\",\"position\":1,\"name\":\"Accueil\",\"item\":\"https:\/\/theatrepermanent.fr\/\"},{\"@type\":\"ListItem\",\"position\":2,\"name\":\"WOYZECK D&rsquo;APR\u00c8S WOYZECK DE BUCHNER\"}]},{\"@type\":\"WebSite\",\"@id\":\"https:\/\/theatrepermanent.fr\/#website\",\"url\":\"https:\/\/theatrepermanent.fr\/\",\"name\":\"Gwena\u00ebl Morin\",\"description\":\"SAS Th\u00e9\u00e2tre Permanent\",\"potentialAction\":[{\"@type\":\"SearchAction\",\"target\":{\"@type\":\"EntryPoint\",\"urlTemplate\":\"https:\/\/theatrepermanent.fr\/?s={search_term_string}\"},\"query-input\":\"required name=search_term_string\"}],\"inLanguage\":\"fr-FR\"}]}<\/script>\n<!-- \/ Yoast SEO plugin. -->","yoast_head_json":{"title":"WOYZECK D'APR\u00c8S WOYZECK DE BUCHNER - Gwena\u00ebl Morin","robots":{"index":"index","follow":"follow","max-snippet":"max-snippet:-1","max-image-preview":"max-image-preview:large","max-video-preview":"max-video-preview:-1"},"canonical":"https:\/\/theatrepermanent.fr\/index.php\/woyzeck\/","og_locale":"fr_FR","og_type":"article","og_title":"WOYZECK D'APR\u00c8S WOYZECK DE BUCHNER - Gwena\u00ebl Morin","og_description":"[et_pb_section fb_built=\u00a0\u00bb1&Prime; _builder_version=\u00a0\u00bb4.6.5&Prime; _module_preset=\u00a0\u00bbdefault\u00a0\u00bb][et_pb_row column_structure=\u00a0\u00bb2_5,3_5&Prime; _builder_version=\u00a0\u00bb4.6.5&Prime; _module_preset=\u00a0\u00bbdefault\u00a0\u00bb][et_pb_column type=\u00a0\u00bb2_5&Prime; _builder_version=\u00a0\u00bb4.6.5&Prime; _module_preset=\u00a0\u00bbdefault\u00a0\u00bb][et_pb_post_title meta=\u00a0\u00bboff\u00a0\u00bb featured_image=\u00a0\u00bboff\u00a0\u00bb _builder_version=\u00a0\u00bb4.6.5&Prime; _module_preset=\u00a0\u00bbdefault\u00a0\u00bb title_font=\u00a0\u00bb|||on|||||\u00a0\u00bb title_font_size=\u00a0\u00bb27px\u00a0\u00bb][\/et_pb_post_title][et_pb_text _builder_version=\u00a0\u00bb4.6.5&Prime; _module_preset=\u00a0\u00bbdefault\u00a0\u00bb hover_enabled=\u00a0\u00bb0&Prime; sticky_enabled=\u00a0\u00bb0&Prime;] mise en sc\u00e8ne Gwena\u00ebl Morin avec Renaud Bechet, Michel Coquet, Virginie Colemyn, Julian Eggerickx, Barbara Jung, Gr\u00e9goire Monsaingeon [\/et_pb_text][et_pb_testimonial author=\u00a0\u00bbGwena\u00ebl Morin\u00a0\u00bb _builder_version=\u00a0\u00bb4.6.5&Prime; _module_preset=\u00a0\u00bbdefault\u00a0\u00bb] Woyzeck est une utopie, un corps sans t\u00eate, un tas d\u2019organes sans [&hellip;]","og_url":"https:\/\/theatrepermanent.fr\/index.php\/woyzeck\/","og_site_name":"Gwena\u00ebl Morin","article_modified_time":"2022-01-31T10:34:03+00:00","twitter_card":"summary_large_image","twitter_misc":{"Dur\u00e9e de lecture estim\u00e9e":"1 minute"},"schema":{"@context":"https:\/\/schema.org","@graph":[{"@type":"WebPage","@id":"https:\/\/theatrepermanent.fr\/index.php\/woyzeck\/","url":"https:\/\/theatrepermanent.fr\/index.php\/woyzeck\/","name":"WOYZECK D'APR\u00c8S WOYZECK DE BUCHNER - Gwena\u00ebl Morin","isPartOf":{"@id":"https:\/\/theatrepermanent.fr\/#website"},"datePublished":"2022-01-25T08:38:06+00:00","dateModified":"2022-01-31T10:34:03+00:00","breadcrumb":{"@id":"https:\/\/theatrepermanent.fr\/index.php\/woyzeck\/#breadcrumb"},"inLanguage":"fr-FR","potentialAction":[{"@type":"ReadAction","target":["https:\/\/theatrepermanent.fr\/index.php\/woyzeck\/"]}]},{"@type":"BreadcrumbList","@id":"https:\/\/theatrepermanent.fr\/index.php\/woyzeck\/#breadcrumb","itemListElement":[{"@type":"ListItem","position":1,"name":"Accueil","item":"https:\/\/theatrepermanent.fr\/"},{"@type":"ListItem","position":2,"name":"WOYZECK D&rsquo;APR\u00c8S WOYZECK DE BUCHNER"}]},{"@type":"WebSite","@id":"https:\/\/theatrepermanent.fr\/#website","url":"https:\/\/theatrepermanent.fr\/","name":"Gwena\u00ebl Morin","description":"SAS Th\u00e9\u00e2tre Permanent","potentialAction":[{"@type":"SearchAction","target":{"@type":"EntryPoint","urlTemplate":"https:\/\/theatrepermanent.fr\/?s={search_term_string}"},"query-input":"required name=search_term_string"}],"inLanguage":"fr-FR"}]}},"_links":{"self":[{"href":"https:\/\/theatrepermanent.fr\/index.php\/wp-json\/wp\/v2\/pages\/554","targetHints":{"allow":["GET"]}}],"collection":[{"href":"https:\/\/theatrepermanent.fr\/index.php\/wp-json\/wp\/v2\/pages"}],"about":[{"href":"https:\/\/theatrepermanent.fr\/index.php\/wp-json\/wp\/v2\/types\/page"}],"author":[{"embeddable":true,"href":"https:\/\/theatrepermanent.fr\/index.php\/wp-json\/wp\/v2\/users\/1"}],"replies":[{"embeddable":true,"href":"https:\/\/theatrepermanent.fr\/index.php\/wp-json\/wp\/v2\/comments?post=554"}],"version-history":[{"count":8,"href":"https:\/\/theatrepermanent.fr\/index.php\/wp-json\/wp\/v2\/pages\/554\/revisions"}],"predecessor-version":[{"id":1209,"href":"https:\/\/theatrepermanent.fr\/index.php\/wp-json\/wp\/v2\/pages\/554\/revisions\/1209"}],"wp:attachment":[{"href":"https:\/\/theatrepermanent.fr\/index.php\/wp-json\/wp\/v2\/media?parent=554"}],"curies":[{"name":"wp","href":"https:\/\/api.w.org\/{rel}","templated":true}]}}